{"id":2260,"date":"2025-08-11T23:39:58","date_gmt":"2025-08-12T06:39:58","guid":{"rendered":"https:\/\/spracht.com\/?post_type=product&#038;p=2260"},"modified":"2026-03-20T12:06:31","modified_gmt":"2026-03-20T19:06:31","slug":"blues-combo-bt-usb-wireless-headset","status":"publish","type":"product","link":"https:\/\/spracht.com\/fr\/shop\/blues-combo-bt-usb-wireless-headset\/","title":{"rendered":"Casque sans fil Blues Combo\u2122 BT\/USB"},"content":{"rendered":"<p>La meilleure chose \u00e0 propos du casque sans fil Blues Combo BT\/USBTM est qu'il est toujours sans fil, et en utilisant le dongle inclus, vous pouvez l'utiliser comme t\u00e9l\u00e9phone logiciel sur votre ordinateur PC\/Mac pour Zoom, Teams et d'autres applications de communication. Associez-le \u00e0 votre t\u00e9l\u00e9phone ou tablette (iOS ou Android) ou \u00e0 votre ordinateur (Mac\/PC). Et si vous avez un t\u00e9l\u00e9phone de bureau avec capacit\u00e9 Bluetooth\u00ae, il fonctionnera m\u00eame avec celui-ci ! Chargez le casque en le pla\u00e7ant sur la station de charge.<\/p>\n<p>Le style de port de serre-t\u00eate confortable, avec de tr\u00e8s larges oreillettes et un serre-t\u00eate en similicuir, est id\u00e9al pour ceux qui passent beaucoup de temps \u00e0 porter un casque.<\/p>\n<p><strong>CARACT\u00c9RISTIQUES<\/strong><\/p>\n<ol>\n<li>Compatibilit\u00e9 : Appareils Bluetooth et ordinateurs PC\/Mac et ordinateurs portables pour Softphone via USB pour Zoom, Teams, SkypeTM, 3CX et autres applications de conf\u00e9rence et VoIP.<\/li>\n<li>Coussinets d'oreille et bandeau recouverts de similicuir doux et confortables.<\/li>\n<li>Le bras du microphone pivote sur 270\u00b0 pour pouvoir positionner le microphone sur le c\u00f4t\u00e9 gauche ou droit.<\/li>\n<li>Rotation des coussinets de 180\u00b0, pour poser le casque \u00e0 plat.<\/li>\n<li>Haut-parleurs puissants et traitement num\u00e9rique du signal pour un son de qualit\u00e9 sup\u00e9rieure.<\/li>\n<li>Microphone antibruit.<\/li>\n<\/ol>","protected":false},"excerpt":{"rendered":"<p>La meilleure chose avec le casque sans fil Blues Combo BT\/USBTM est qu\u2019il est toujours sans fil et, en utilisant le dongle inclus, vous pouvez l\u2019utiliser en tant que Softphone sur votre ordinateur PC\/Mac pour Zoom, Teams et d\u2019autres applications de communication.<\/p>","protected":false},"featured_media":2268,"comment_status":"open","ping_status":"closed","template":"","meta":{"_kad_blocks_custom_css":"","_kad_blocks_head_custom_js":"","_kad_blocks_body_custom_js":"","_kad_blocks_footer_custom_js":"","_kad_post_transparent":"default","_kad_post_title":"","_kad_post_layout":"default","_kad_post_sidebar_id":"","_kad_post_content_style":"default","_kad_post_vertical_padding":"default","_kad_post_feature":"","_kad_post_feature_position":"","_kad_post_header":false,"_kad_post_footer":false,"_kad_post_classname":""},"product_brand":[],"product_cat":[35],"product_tag":[],"class_list":{"0":"post-2260","1":"product","2":"type-product","3":"status-publish","4":"has-post-thumbnail","6":"product_cat-wireless-headsets-bluetooth","8":"first","9":"instock","10":"taxable","11":"shipping-taxable","12":"purchasable","13":"product-type-variable","14":"entry","15":"content-bg","16":"loop-entry"},"taxonomy_info":{"product_cat":[{"value":35,"label":"Wireless Headsets Bluetooth"}]},"featured_image_src_large":["https:\/\/i0.wp.com\/spracht.com\/wp-content\/uploads\/2025\/08\/Blues-Combo-BT-USB-Wireless-Headset.jpg?fit=1024%2C1024&ssl=1",1024,1024,true],"author_info":[],"comment_info":2,"jetpack_sharing_enabled":true,"_links":{"self":[{"href":"https:\/\/spracht.com\/fr\/wp-json\/wp\/v2\/product\/2260","targetHints":{"allow":["GET"]}}],"collection":[{"href":"https:\/\/spracht.com\/fr\/wp-json\/wp\/v2\/product"}],"about":[{"href":"https:\/\/spracht.com\/fr\/wp-json\/wp\/v2\/types\/product"}],"replies":[{"embeddable":true,"href":"https:\/\/spracht.com\/fr\/wp-json\/wp\/v2\/comments?post=2260"}],"wp:featuredmedia":[{"embeddable":true,"href":"https:\/\/spracht.com\/fr\/wp-json\/wp\/v2\/media\/2268"}],"wp:attachment":[{"href":"https:\/\/spracht.com\/fr\/wp-json\/wp\/v2\/media?parent=2260"}],"wp:term":[{"taxonomy":"product_brand","embeddable":true,"href":"https:\/\/spracht.com\/fr\/wp-json\/wp\/v2\/product_brand?post=2260"},{"taxonomy":"product_cat","embeddable":true,"href":"https:\/\/spracht.com\/fr\/wp-json\/wp\/v2\/product_cat?post=2260"},{"taxonomy":"product_tag","embeddable":true,"href":"https:\/\/spracht.com\/fr\/wp-json\/wp\/v2\/product_tag?post=2260"}],"curies":[{"name":"wp","href":"https:\/\/api.w.org\/{rel}","templated":true}]}}