{"id":2259,"date":"2025-08-12T00:37:07","date_gmt":"2025-08-12T07:37:07","guid":{"rendered":"https:\/\/spracht.com\/?post_type=product&#038;p=2259"},"modified":"2025-10-22T03:29:53","modified_gmt":"2025-10-22T10:29:53","slug":"workit-usb-corded-headset","status":"publish","type":"product","link":"https:\/\/spracht.com\/fr\/shop\/workit-usb-corded-headset\/","title":{"rendered":"Casque filaire USB WorkIT!\u2122"},"content":{"rendered":"<p>Maintenant que vous \u00eates constamment sur Zoom et d'autres applications de conf\u00e9rence, vous connaissez l'importance d'un casque confortable et d'une qualit\u00e9 sonore exceptionnelle. Ces casques USB sont sp\u00e9cialement con\u00e7us pour le confort et une qualit\u00e9 audio sup\u00e9rieure.<\/p>\n<p>Les casques l\u00e9gers, \u00e0 un ou deux \u00e9couteurs, sont dot\u00e9s de coussinets d'oreille et d'un serre-t\u00eate en similicuir super doux, ainsi que d'une perche rotative \u00e0 270\u00b0, vous permettant de placer le microphone de chaque c\u00f4t\u00e9.<\/p>\n<p>Id\u00e9al pour les environnements o\u00f9 vous \u00eates souvent sollicit\u00e9, le microphone \u00e0 r\u00e9duction de bruit bloque les bruits de fond pour un son clair pour vos interlocuteurs. Les grands \u00e9couteurs offrent un son de qualit\u00e9 sup\u00e9rieure.<\/p>\n<p>Compatibles avec les ordinateurs et ordinateurs portables PC\/Mac, ces casques sont id\u00e9aux pour les personnes qui passent beaucoup de temps sur les applications de conf\u00e9rence et les syst\u00e8mes t\u00e9l\u00e9phoniques VoIP Softphone.<\/p>\n<p><strong>CARACT\u00c9RISTIQUES<\/strong><\/p>\n<ol>\n<li>Compatibilit\u00e9 : Ordinateurs et portables PC\/Mac pour Softphone via USB pour Zoom, SkypeTM, Skype for Business, 3CX et autres applications de conf\u00e9rence et VoIP.<\/li>\n<li>Coussinets d'oreille et bandeau recouverts de similicuir doux et confortables.<\/li>\n<li>Le bras du microphone pivote sur 270\u00b0 pour pouvoir positionner le microphone sur le c\u00f4t\u00e9 gauche ou droit.<\/li>\n<li>Haut-parleurs puissants et traitement num\u00e9rique du signal pour un son de qualit\u00e9 sup\u00e9rieure.<\/li>\n<li>Microphone antibruit.<\/li>\n<li>Commandes pratiques de volume, de haut-parleur et de silencieux de microphone sur le cordon.<\/li>\n<\/ol>","protected":false},"excerpt":{"rendered":"<p>Maintenant que vous \u00eates constamment sur Zoom et d'autres applications de conf\u00e9rence, vous savez l'importance d'un casque confortable et au son exceptionnel.<\/p>","protected":false},"featured_media":2293,"comment_status":"open","ping_status":"closed","template":"","meta":{"_kad_blocks_custom_css":"","_kad_blocks_head_custom_js":"","_kad_blocks_body_custom_js":"","_kad_blocks_footer_custom_js":"","_kad_post_transparent":"default","_kad_post_title":"","_kad_post_layout":"default","_kad_post_sidebar_id":"","_kad_post_content_style":"default","_kad_post_vertical_padding":"default","_kad_post_feature":"","_kad_post_feature_position":"","_kad_post_header":false,"_kad_post_footer":false,"_kad_post_classname":""},"product_brand":[],"product_cat":[36],"product_tag":[],"class_list":{"0":"post-2259","1":"product","2":"type-product","3":"status-publish","4":"has-post-thumbnail","6":"product_cat-corded-headsets","8":"first","9":"instock","10":"taxable","11":"shipping-taxable","12":"purchasable","13":"product-type-variable","14":"entry","15":"content-bg","16":"loop-entry"},"taxonomy_info":{"product_cat":[{"value":36,"label":"Corded Headsets"}]},"featured_image_src_large":["https:\/\/i0.wp.com\/spracht.com\/wp-content\/uploads\/2025\/08\/WorkIT-USB-Corded-Headset-2.jpg?fit=1024%2C923&ssl=1",1024,923,true],"author_info":[],"comment_info":0,"jetpack_sharing_enabled":true,"_links":{"self":[{"href":"https:\/\/spracht.com\/fr\/wp-json\/wp\/v2\/product\/2259","targetHints":{"allow":["GET"]}}],"collection":[{"href":"https:\/\/spracht.com\/fr\/wp-json\/wp\/v2\/product"}],"about":[{"href":"https:\/\/spracht.com\/fr\/wp-json\/wp\/v2\/types\/product"}],"replies":[{"embeddable":true,"href":"https:\/\/spracht.com\/fr\/wp-json\/wp\/v2\/comments?post=2259"}],"wp:featuredmedia":[{"embeddable":true,"href":"https:\/\/spracht.com\/fr\/wp-json\/wp\/v2\/media\/2293"}],"wp:attachment":[{"href":"https:\/\/spracht.com\/fr\/wp-json\/wp\/v2\/media?parent=2259"}],"wp:term":[{"taxonomy":"product_brand","embeddable":true,"href":"https:\/\/spracht.com\/fr\/wp-json\/wp\/v2\/product_brand?post=2259"},{"taxonomy":"product_cat","embeddable":true,"href":"https:\/\/spracht.com\/fr\/wp-json\/wp\/v2\/product_cat?post=2259"},{"taxonomy":"product_tag","embeddable":true,"href":"https:\/\/spracht.com\/fr\/wp-json\/wp\/v2\/product_tag?post=2259"}],"curies":[{"name":"wp","href":"https:\/\/api.w.org\/{rel}","templated":true}]}}