{"id":2160,"date":"2024-11-13T12:11:12","date_gmt":"2024-11-13T20:11:12","guid":{"rendered":"https:\/\/spracht.com\/?post_type=product&#038;p=2160"},"modified":"2024-11-13T12:27:00","modified_gmt":"2024-11-13T20:27:00","slug":"magpad-black-magnetic-wireless-charging-mouse-pad","status":"publish","type":"product","link":"https:\/\/spracht.com\/fr\/shop\/magpad-black-magnetic-wireless-charging-mouse-pad\/","title":{"rendered":"Tapis de souris MagPad\u2122 Black \u00e0 charge magn\u00e9tique sans fil"},"content":{"rendered":"<p>Dynamisez votre espace de travail !<\/p>\n<p>Allumez votre t\u00e9l\u00e9phone et vos \u00e9couteurs simultan\u00e9ment avec le tapis de souris de charge sans fil polyvalent MagPad\u2122. Ce tapis multifonctionnel de haute technologie maintient votre espace de travail propre et efficace, combinant une trajectoire de souris fluide avec une charge sans fil rapide.<\/p>\n<p>Dot\u00e9 d'une charge de 15W aliment\u00e9e par un adaptateur Qualcomm QC3, il est con\u00e7u pour la vitesse et la commodit\u00e9.<\/p>\n<p>Pourquoi vous allez l'adorer :<\/p>\n<ul>\n<li>Double recharge d'appareils : Rechargez votre t\u00e9l\u00e9phone et l'\u00e9tui de vos \u00e9couteurs en m\u00eame temps.<\/li>\n<li>Flexibilit\u00e9 Magn\u00e9tique : Utilisez le MagPad\u2122 avec les deux moiti\u00e9s connect\u00e9es ou s\u00e9parez-les pour une adaptabilit\u00e9 maximale \u00e0 votre configuration.<\/li>\n<li>Indicateur de charge en un coup d'\u0153il : une LED rouge indique la charge, une LED bleue vous informe qu'elle est termin\u00e9e.<\/li>\n<\/ul>\n<p>Disponible en noir \u00e9l\u00e9gant ou en brun havane styl\u00e9, choisissez le MagPad\u2122 pour une mise \u00e0 niveau ultime de votre bureau !<\/p>\n<p><strong>Caract\u00e9ristiques de MagPad\u2122<\/strong><\/p>\n<ol>\n<li>Charger le t\u00e9l\u00e9phone et les \u00e9couteurs en m\u00eame temps<\/li>\n<li>Utilisez le MagPad\u2122 avec la surface de chargement connect\u00e9e magn\u00e9tiquement ou s\u00e9parez-les<\/li>\n<li>Charge rapide avec l'adaptateur Qualcomm QC3 inclus<\/li>\n<li>LED rouge allum\u00e9 pendant la charge<\/li>\n<li>LED bleue lorsque la charge est termin\u00e9e<\/li>\n<li>Charge sans fil 15W<\/li>\n<\/ol>\n<p>Part# MGP BK<br \/>\nUPC 800807350274<br \/>\nMSRP : $59.99<\/p>","protected":false},"excerpt":{"rendered":"<p>Allumez votre t\u00e9l\u00e9phone et vos \u00e9couteurs simultan\u00e9ment avec le tapis de souris de chargement sans fil polyvalent MagPad\u2122.<\/p>","protected":false},"featured_media":2161,"comment_status":"open","ping_status":"closed","template":"","meta":{"_kad_blocks_custom_css":"","_kad_blocks_head_custom_js":"","_kad_blocks_body_custom_js":"","_kad_blocks_footer_custom_js":"","_kad_post_transparent":"default","_kad_post_title":"","_kad_post_layout":"default","_kad_post_sidebar_id":"","_kad_post_content_style":"default","_kad_post_vertical_padding":"default","_kad_post_feature":"","_kad_post_feature_position":"","_kad_post_header":false,"_kad_post_footer":false,"_kad_post_classname":""},"product_brand":[],"product_cat":[37],"product_tag":[],"class_list":{"0":"post-2160","1":"product","2":"type-product","3":"status-publish","4":"has-post-thumbnail","6":"product_cat-desk-accessories","8":"first","9":"instock","10":"taxable","11":"shipping-taxable","12":"purchasable","13":"product-type-simple","14":"entry","15":"content-bg","16":"loop-entry"},"taxonomy_info":{"product_cat":[{"value":37,"label":"Desk Accessories"}]},"featured_image_src_large":["https:\/\/i0.wp.com\/spracht.com\/wp-content\/uploads\/2024\/11\/MagPad-black-01.jpg?fit=944%2C1024&ssl=1",944,1024,true],"author_info":[],"comment_info":0,"jetpack_sharing_enabled":true,"_links":{"self":[{"href":"https:\/\/spracht.com\/fr\/wp-json\/wp\/v2\/product\/2160","targetHints":{"allow":["GET"]}}],"collection":[{"href":"https:\/\/spracht.com\/fr\/wp-json\/wp\/v2\/product"}],"about":[{"href":"https:\/\/spracht.com\/fr\/wp-json\/wp\/v2\/types\/product"}],"replies":[{"embeddable":true,"href":"https:\/\/spracht.com\/fr\/wp-json\/wp\/v2\/comments?post=2160"}],"wp:featuredmedia":[{"embeddable":true,"href":"https:\/\/spracht.com\/fr\/wp-json\/wp\/v2\/media\/2161"}],"wp:attachment":[{"href":"https:\/\/spracht.com\/fr\/wp-json\/wp\/v2\/media?parent=2160"}],"wp:term":[{"taxonomy":"product_brand","embeddable":true,"href":"https:\/\/spracht.com\/fr\/wp-json\/wp\/v2\/product_brand?post=2160"},{"taxonomy":"product_cat","embeddable":true,"href":"https:\/\/spracht.com\/fr\/wp-json\/wp\/v2\/product_cat?post=2160"},{"taxonomy":"product_tag","embeddable":true,"href":"https:\/\/spracht.com\/fr\/wp-json\/wp\/v2\/product_tag?post=2160"}],"curies":[{"name":"wp","href":"https:\/\/api.w.org\/{rel}","templated":true}]}}