{"id":2116,"date":"2024-11-13T11:35:20","date_gmt":"2024-11-13T19:35:20","guid":{"rendered":"https:\/\/spracht.com\/?post_type=product&#038;p=2116"},"modified":"2024-11-13T11:48:08","modified_gmt":"2024-11-13T19:48:08","slug":"flex-charge-3-black","status":"publish","type":"product","link":"https:\/\/spracht.com\/fr\/shop\/flex-charge-3-black\/","title":{"rendered":"Flex Charge 3\u2122 Noir"},"content":{"rendered":"<p>Chargez jusqu'\u00e0 3 appareils en m\u00eame temps !<\/p>\n<p>Rangez votre espace et \u00e9liminez l'encombrement des c\u00e2bles en chargeant simultan\u00e9ment votre t\u00e9l\u00e9phone, votre montre et votre \u00e9tui d'\u00e9couteurs. Gr\u00e2ce \u00e0 l'adaptateur de charge rapide fourni, aliment\u00e9 par la puce Qualcomm QC 3.0, vous b\u00e9n\u00e9ficierez de vitesses de charge rapides comme l'\u00e9clair. <\/p>\n<p>Le support est dot\u00e9 d'un support magn\u00e9tique qui maintient votre t\u00e9l\u00e9phone et votre montre en place en toute s\u00e9curit\u00e9, et sa base est m\u00eame \u00e9quip\u00e9e d'une lumi\u00e8re pour plus de commodit\u00e9. Ce support de charge de haute qualit\u00e9 est parfait pour votre bureau ou votre zone de charge habituelle, alliant fonctionnalit\u00e9 et design \u00e9l\u00e9gant. Son design pliable le rend pratique pour les voyages !<\/p>\n<p>PLIABLE ET PORTABLE :<br \/>\nSa conception compacte et pliable en fait un chargeur 3 en 1 id\u00e9al pour la maison ou les voyages. Il sert \u00e9galement de station de charge 3 en 1.<\/p>\n<p><strong>Caract\u00e9ristiques du Flex Charge 3\u2122<\/strong><\/p>\n<ol>\n<li>Compatibilit\u00e9 : Samsung Galaxy S21 - S23, Apple Watch, Google Pixel 7 - 8, Apple Airpods, Apple iPhone 12-16<\/li>\n<li>Station de recharge sans fil pliable 3 en 1<\/li>\n<li>Protocole de charge rapide : Power Delivery (PD) et QC 3.0 \u00e0 l'aide de l'adaptateur de charge rapide Qualcomm inclus.<\/li>\n<li>Magn\u00e9tique : maintient le t\u00e9l\u00e9phone et la montre en place<\/li>\n<li>Fonction d'\u00e9clairage nocturne<\/li>\n<li>C\u00e2ble de chargement USB\/Type C<\/li>\n<li>Choisissez le support noir ou blanc<\/li>\n<\/ol>\n<p>Part# FC3B (noir)<br \/>\nUPC 800807350236<br \/>\nMSRP : $59.99<\/p>","protected":false},"excerpt":{"rendered":"<p>Rangez votre espace et \u00e9liminez l'encombrement des c\u00e2bles en chargeant simultan\u00e9ment votre t\u00e9l\u00e9phone, votre montre et votre \u00e9tui d'\u00e9couteurs.<\/p>","protected":false},"featured_media":2117,"comment_status":"open","ping_status":"closed","template":"","meta":{"_kad_blocks_custom_css":"","_kad_blocks_head_custom_js":"","_kad_blocks_body_custom_js":"","_kad_blocks_footer_custom_js":"","_kad_post_transparent":"default","_kad_post_title":"","_kad_post_layout":"default","_kad_post_sidebar_id":"","_kad_post_content_style":"default","_kad_post_vertical_padding":"default","_kad_post_feature":"","_kad_post_feature_position":"","_kad_post_header":false,"_kad_post_footer":false,"_kad_post_classname":""},"product_brand":[],"product_cat":[37],"product_tag":[],"class_list":{"0":"post-2116","1":"product","2":"type-product","3":"status-publish","4":"has-post-thumbnail","6":"product_cat-desk-accessories","8":"first","9":"instock","10":"taxable","11":"shipping-taxable","12":"purchasable","13":"product-type-simple","14":"entry","15":"content-bg","16":"loop-entry"},"taxonomy_info":{"product_cat":[{"value":37,"label":"Desk Accessories"}]},"featured_image_src_large":["https:\/\/i0.wp.com\/spracht.com\/wp-content\/uploads\/2024\/11\/Flexcharge-3-black-01.jpg?fit=944%2C1024&ssl=1",944,1024,true],"author_info":[],"comment_info":0,"jetpack_sharing_enabled":true,"_links":{"self":[{"href":"https:\/\/spracht.com\/fr\/wp-json\/wp\/v2\/product\/2116","targetHints":{"allow":["GET"]}}],"collection":[{"href":"https:\/\/spracht.com\/fr\/wp-json\/wp\/v2\/product"}],"about":[{"href":"https:\/\/spracht.com\/fr\/wp-json\/wp\/v2\/types\/product"}],"replies":[{"embeddable":true,"href":"https:\/\/spracht.com\/fr\/wp-json\/wp\/v2\/comments?post=2116"}],"wp:featuredmedia":[{"embeddable":true,"href":"https:\/\/spracht.com\/fr\/wp-json\/wp\/v2\/media\/2117"}],"wp:attachment":[{"href":"https:\/\/spracht.com\/fr\/wp-json\/wp\/v2\/media?parent=2116"}],"wp:term":[{"taxonomy":"product_brand","embeddable":true,"href":"https:\/\/spracht.com\/fr\/wp-json\/wp\/v2\/product_brand?post=2116"},{"taxonomy":"product_cat","embeddable":true,"href":"https:\/\/spracht.com\/fr\/wp-json\/wp\/v2\/product_cat?post=2116"},{"taxonomy":"product_tag","embeddable":true,"href":"https:\/\/spracht.com\/fr\/wp-json\/wp\/v2\/product_tag?post=2116"}],"curies":[{"name":"wp","href":"https:\/\/api.w.org\/{rel}","templated":true}]}}