{"id":2104,"date":"2024-11-13T11:08:11","date_gmt":"2024-11-13T19:08:11","guid":{"rendered":"https:\/\/spracht.com\/?post_type=product&#038;p=2104"},"modified":"2024-11-13T14:05:56","modified_gmt":"2024-11-13T22:05:56","slug":"blunote-anc-bluetooth-headphone","status":"publish","type":"product","link":"https:\/\/spracht.com\/fr\/shop\/blunote-anc-bluetooth-headphone\/","title":{"rendered":"Casque Blunote ANC Bluetooth Headphone\u2122"},"content":{"rendered":"<p>D\u00e9couvrez le casque Bluetooth \u00e0 r\u00e9duction de bruit active Blunote ANC\u2122 \u2013 votre sanctuaire audio portable. Gr\u00e2ce \u00e0 une connectivit\u00e9 transparente avec votre smartphone, tablette ou PC\/Mac, la musique sans fil est \u00e0 port\u00e9e de main.<\/p>\n<p>Bloquez le monde gr\u00e2ce \u00e0 la r\u00e9duction active du bruit, id\u00e9ale pour les voyages ou les environnements bruyants. Les appels d'une clart\u00e9 cristalline sont un jeu d'enfant gr\u00e2ce au microphone de haute qualit\u00e9, tandis que l'\u00e9tui rigide inclus prot\u00e8ge vos \u00e9couteurs pendant vos d\u00e9placements. <\/p>\n<p>D\u00e9couvrez le confort gr\u00e2ce \u00e0 de larges coussinets de type oreillettes, id\u00e9aux pour une utilisation prolong\u00e9e ou pour le jeu. Connectez-vous \u00e0 n'importe quel appareil avec le c\u00e2ble jack de 3,5 mm et profitez de jusqu'\u00e0 18 heures de musique gr\u00e2ce \u00e0 la batterie lithium rechargeable.<\/p>\n<p>Blunote ANC : O\u00f9 que vous alliez, plongez dans le son.<\/p>\n<p><strong>Caract\u00e9ristiques du casque Bluetooth Blunote ANC\u2122<\/strong><\/p>\n<ol>\n<li>Compatibilit\u00e9 : Plug and Play intuitif pour les appareils Bluetooth ordinateurs PC\/Mac, smartphones, tablettes<\/li>\n<li>R\u00e9duction active du bruit (ANC)<\/li>\n<li>Bluetooth V5.3<\/li>\n<li>Batterie lithium rechargeable \u2013 jusqu\u2019\u00e0 18 heures d\u2019autonomie<\/li>\n<li>\u00c9tui rigide de voyage inclus<\/li>\n<li>Aux in via c\u00e2ble 3,1 mm<\/li>\n<li>Cache-oreilles de style large pour un port confortable<\/li>\n<li>Passez et recevez des appels \u2013 micro haute qualit\u00e9 int\u00e9gr\u00e9<\/li>\n<\/ol>\n<p>Part# HPBTANC<br \/>\nUPC 800807320949<br \/>\nPRIX CONSEILL\u00c9 : $49,99<\/p>","protected":false},"excerpt":{"rendered":"<p>Bloquez le monde ext\u00e9rieur avec la suppression active du bruit, id\u00e9ale pour les voyages ou les environnements bruyants.<\/p>","protected":false},"featured_media":2105,"comment_status":"open","ping_status":"closed","template":"","meta":{"_kad_blocks_custom_css":"","_kad_blocks_head_custom_js":"","_kad_blocks_body_custom_js":"","_kad_blocks_footer_custom_js":"","_kad_post_transparent":"default","_kad_post_title":"","_kad_post_layout":"default","_kad_post_sidebar_id":"","_kad_post_content_style":"default","_kad_post_vertical_padding":"default","_kad_post_feature":"","_kad_post_feature_position":"","_kad_post_header":false,"_kad_post_footer":false,"_kad_post_classname":""},"product_brand":[],"product_cat":[35],"product_tag":[],"class_list":{"0":"post-2104","1":"product","2":"type-product","3":"status-publish","4":"has-post-thumbnail","6":"product_cat-wireless-headsets-bluetooth","8":"first","9":"instock","10":"taxable","11":"shipping-taxable","12":"purchasable","13":"product-type-simple","14":"entry","15":"content-bg","16":"loop-entry"},"taxonomy_info":{"product_cat":[{"value":35,"label":"Wireless Headsets Bluetooth"}]},"featured_image_src_large":["https:\/\/i0.wp.com\/spracht.com\/wp-content\/uploads\/2024\/11\/ANC-headphones-01.jpg?fit=944%2C1024&ssl=1",944,1024,true],"author_info":[],"comment_info":0,"jetpack_sharing_enabled":true,"_links":{"self":[{"href":"https:\/\/spracht.com\/fr\/wp-json\/wp\/v2\/product\/2104","targetHints":{"allow":["GET"]}}],"collection":[{"href":"https:\/\/spracht.com\/fr\/wp-json\/wp\/v2\/product"}],"about":[{"href":"https:\/\/spracht.com\/fr\/wp-json\/wp\/v2\/types\/product"}],"replies":[{"embeddable":true,"href":"https:\/\/spracht.com\/fr\/wp-json\/wp\/v2\/comments?post=2104"}],"wp:featuredmedia":[{"embeddable":true,"href":"https:\/\/spracht.com\/fr\/wp-json\/wp\/v2\/media\/2105"}],"wp:attachment":[{"href":"https:\/\/spracht.com\/fr\/wp-json\/wp\/v2\/media?parent=2104"}],"wp:term":[{"taxonomy":"product_brand","embeddable":true,"href":"https:\/\/spracht.com\/fr\/wp-json\/wp\/v2\/product_brand?post=2104"},{"taxonomy":"product_cat","embeddable":true,"href":"https:\/\/spracht.com\/fr\/wp-json\/wp\/v2\/product_cat?post=2104"},{"taxonomy":"product_tag","embeddable":true,"href":"https:\/\/spracht.com\/fr\/wp-json\/wp\/v2\/product_tag?post=2104"}],"curies":[{"name":"wp","href":"https:\/\/api.w.org\/{rel}","templated":true}]}}