{"id":2067,"date":"2024-11-13T10:24:53","date_gmt":"2024-11-13T18:24:53","guid":{"rendered":"https:\/\/spracht.com\/?post_type=product&#038;p=2067"},"modified":"2024-11-13T11:07:03","modified_gmt":"2024-11-13T19:07:03","slug":"blunote-anc-tws-bluetooth-ear-buds","status":"publish","type":"product","link":"https:\/\/spracht.com\/fr\/shop\/blunote-anc-tws-bluetooth-ear-buds\/","title":{"rendered":"Blunote ANC TWS Bluetooth Ear Buds\u2122"},"content":{"rendered":"<p>D\u00e9couvrez votre sanctuaire audio portable avec les \u00e9couteurs Bluetooth Blunote ANC TWS\u2122. Connectez-vous sans effort \u00e0 votre smartphone, tablette ou PC\/Mac pour une exp\u00e9rience sans fil et transparente pour la musique et les appels au bout de vos doigts. <\/p>\n<p>Plongez dans le son gr\u00e2ce \u00e0 la r\u00e9duction active du bruit, qui bloque les bruits ext\u00e9rieurs et est id\u00e9ale pour \u00e9couter de la musique, des podcasts ou des vid\u00e9os. Des appels d'une clart\u00e9 cristalline gr\u00e2ce \u00e0 des microphones de haute qualit\u00e9 et \u00e0 la technologie de suppression du bruit ambiant (ENC), qui filtre les bruits environnants pour une clart\u00e9 sup\u00e9rieure. <\/p>\n<p>Compact et \u00e9l\u00e9gants, ces \u00e9couteurs offrent plus de 5 heures d'autonomie en conversation et la commodit\u00e9 de la compatibilit\u00e9 avec les assistants vocaux. Rechargez l'\u00e9tui avec le c\u00e2ble Type C\/USB inclus. <\/p>\n<p>\u00c9couteurs Bluetooth Blunote ANC TWS\u2122 : Am\u00e9liorez votre exp\u00e9rience audio, o\u00f9 que vous alliez.<\/p>\n<p><strong>Caract\u00e9ristiques des \u00e9couteurs Bluetooth Blunote ANC TWS\u2122<\/strong><\/p>\n<ol>\n<li>Compatibilit\u00e9 : Plug and Play pour les appareils Bluetooth smartphones, tablettes, ordinateurs PC\/Mac<\/li>\n<li>ANC et ENC hybrides : R\u00e9duction Active du Bruit (ANC) pour l'\u00e9coute musicale et R\u00e9duction du Bruit Environnant (ENC) pour la clart\u00e9 de la voix lors des appels<\/li>\n<li>True Wireless Stereo (TWS) signifie que les \u00e9couteurs gauche et droit forment un syst\u00e8me st\u00e9r\u00e9o<\/li>\n<li>Bluetooth V5.3<\/li>\n<li>Batterie lithium-ion rechargeable \u2013 plus de 5 heures d'autonomie<\/li>\n<li>Passez et recevez des appels \u2013 4 microphones de haute qualit\u00e9<\/li>\n<\/ol>\n<p>Part# BNANC007<br \/>\nUPC 800807321007<br \/>\nPDSF : $39.99 <\/p>","protected":false},"excerpt":{"rendered":"<p>Connectez-vous sans effort \u00e0 votre smartphone, tablette ou PC\/Mac pour une exp\u00e9rience sans fil fluide pour la musique et les appels \u00e0 port\u00e9e de main.<\/p>","protected":false},"featured_media":2093,"comment_status":"open","ping_status":"closed","template":"","meta":{"_kad_blocks_custom_css":"","_kad_blocks_head_custom_js":"","_kad_blocks_body_custom_js":"","_kad_blocks_footer_custom_js":"","_kad_post_transparent":"default","_kad_post_title":"","_kad_post_layout":"default","_kad_post_sidebar_id":"","_kad_post_content_style":"default","_kad_post_vertical_padding":"default","_kad_post_feature":"","_kad_post_feature_position":"","_kad_post_header":false,"_kad_post_footer":false,"_kad_post_classname":""},"product_brand":[],"product_cat":[35],"product_tag":[],"class_list":{"0":"post-2067","1":"product","2":"type-product","3":"status-publish","4":"has-post-thumbnail","6":"product_cat-wireless-headsets-bluetooth","8":"first","9":"instock","10":"taxable","11":"shipping-taxable","12":"purchasable","13":"product-type-simple","14":"entry","15":"content-bg","16":"loop-entry"},"taxonomy_info":{"product_cat":[{"value":35,"label":"Wireless Headsets Bluetooth"}]},"featured_image_src_large":["https:\/\/i0.wp.com\/spracht.com\/wp-content\/uploads\/2024\/11\/ANC-buds-01-1.jpg?fit=944%2C1024&ssl=1",944,1024,true],"author_info":[],"comment_info":0,"jetpack_sharing_enabled":true,"_links":{"self":[{"href":"https:\/\/spracht.com\/fr\/wp-json\/wp\/v2\/product\/2067","targetHints":{"allow":["GET"]}}],"collection":[{"href":"https:\/\/spracht.com\/fr\/wp-json\/wp\/v2\/product"}],"about":[{"href":"https:\/\/spracht.com\/fr\/wp-json\/wp\/v2\/types\/product"}],"replies":[{"embeddable":true,"href":"https:\/\/spracht.com\/fr\/wp-json\/wp\/v2\/comments?post=2067"}],"wp:featuredmedia":[{"embeddable":true,"href":"https:\/\/spracht.com\/fr\/wp-json\/wp\/v2\/media\/2093"}],"wp:attachment":[{"href":"https:\/\/spracht.com\/fr\/wp-json\/wp\/v2\/media?parent=2067"}],"wp:term":[{"taxonomy":"product_brand","embeddable":true,"href":"https:\/\/spracht.com\/fr\/wp-json\/wp\/v2\/product_brand?post=2067"},{"taxonomy":"product_cat","embeddable":true,"href":"https:\/\/spracht.com\/fr\/wp-json\/wp\/v2\/product_cat?post=2067"},{"taxonomy":"product_tag","embeddable":true,"href":"https:\/\/spracht.com\/fr\/wp-json\/wp\/v2\/product_tag?post=2067"}],"curies":[{"name":"wp","href":"https:\/\/api.w.org\/{rel}","templated":true}]}}