{"id":1999,"date":"2024-02-13T15:37:02","date_gmt":"2024-02-13T23:37:02","guid":{"rendered":"https:\/\/spracht.com\/?post_type=product&#038;p=1999"},"modified":"2025-10-27T00:19:07","modified_gmt":"2025-10-27T07:19:07","slug":"zum-over-the-ear-bluetooth-headset","status":"publish","type":"product","link":"https:\/\/spracht.com\/fr\/shop\/zum-over-the-ear-bluetooth-headset\/","title":{"rendered":"Zum-Over-the Ear\u2122 Casque d'\u00e9coute Bluetooth"},"content":{"rendered":"<p>Prenez le contr\u00f4le de vos appareils Bluetooth ! Le casque circum-auriculaire Zum repose sur une base, discret et en charge en m\u00eame temps. Vous pouvez appairer jusqu'\u00e0 4 appareils diff\u00e9rents et enregistrer leurs emplacements sur la base pour passer facilement du t\u00e9l\u00e9phone \u00e0 la tablette et \u00e0 l'ordinateur. Son professionnel \u00e9galement : le casque utilise le QC3020 de Qualcomm, pour un son exceptionnel. \u00c9coutez de la musique, passez des appels. Le microphone est dot\u00e9 d'une double r\u00e9duction du bruit. Si l\u00e9ger que vous ne remarquerez m\u00eame pas que vous le portez. 9 heures d'autonomie en conversation sur le casque et 54 heures de recharge dans la base.<\/p>\n<p><strong>Caract\u00e9ristiques du casque Bluetooth Zum-Over-the Ear\u2122<\/strong><\/p>\n<ol>\n<li>Compatibilit\u00e9 :<br \/>\n\u2013 Plug and Play intuitif pour les appareils Bluetooth<br \/>\n\u2013 Ordinateurs PC\/Mac, smartphones, tablettes<\/li>\n<li>Puce Qualcomm\u00ae QCC3020<\/li>\n<li>Bluetooth V5<\/li>\n<li>Commutez entre un maximum de 4 appareils<\/li>\n<li>2 microphones avec r\u00e9duction de bruit<\/li>\n<li>Autonomie \u2013 Casque : 9h, Station : 54h recharge<\/li>\n<li>Port\u00e9e Bluetooth jusqu'\u00e0 30 m<\/li>\n<li>Appeler l'assistant vocal<\/li>\n<\/ol>\n<p>Part# SPT-HS-OTE-Q<br \/>\nUPC 800807320925<br \/>\nPDSF : $99,99 | Notre Prix : $79,99 | Votre \u00c9conomie : $20,00<\/p>","protected":false},"excerpt":{"rendered":"<p>PDSF : <s>$99.99<\/s><br \/>\nVous \u00e9conomisez $20.00 sur le prix de d\u00e9tail sugg\u00e9r\u00e9 par le fabricant !<\/p>\n<p>Prenez le contr\u00f4le de vos appareils Bluetooth ! Le casque supra-auriculaire Zum repose sur une base, discr\u00e8tement et en chargeant en m\u00eame temps.<\/p>","protected":false},"featured_media":2000,"comment_status":"open","ping_status":"closed","template":"","meta":{"_kad_blocks_custom_css":"","_kad_blocks_head_custom_js":"","_kad_blocks_body_custom_js":"","_kad_blocks_footer_custom_js":"","_kad_post_transparent":"default","_kad_post_title":"","_kad_post_layout":"default","_kad_post_sidebar_id":"","_kad_post_content_style":"default","_kad_post_vertical_padding":"default","_kad_post_feature":"","_kad_post_feature_position":"","_kad_post_header":false,"_kad_post_footer":false,"_kad_post_classname":""},"product_brand":[],"product_cat":[35],"product_tag":[],"class_list":{"0":"post-1999","1":"product","2":"type-product","3":"status-publish","4":"has-post-thumbnail","6":"product_cat-wireless-headsets-bluetooth","8":"first","9":"instock","10":"taxable","11":"shipping-taxable","12":"purchasable","13":"product-type-simple","14":"entry","15":"content-bg","16":"loop-entry"},"taxonomy_info":{"product_cat":[{"value":35,"label":"Wireless Headsets Bluetooth"}]},"featured_image_src_large":["https:\/\/i0.wp.com\/spracht.com\/wp-content\/uploads\/2024\/02\/HS-OTE-01.jpg?fit=944%2C1024&ssl=1",944,1024,true],"author_info":[],"comment_info":0,"jetpack_sharing_enabled":true,"_links":{"self":[{"href":"https:\/\/spracht.com\/fr\/wp-json\/wp\/v2\/product\/1999","targetHints":{"allow":["GET"]}}],"collection":[{"href":"https:\/\/spracht.com\/fr\/wp-json\/wp\/v2\/product"}],"about":[{"href":"https:\/\/spracht.com\/fr\/wp-json\/wp\/v2\/types\/product"}],"replies":[{"embeddable":true,"href":"https:\/\/spracht.com\/fr\/wp-json\/wp\/v2\/comments?post=1999"}],"wp:featuredmedia":[{"embeddable":true,"href":"https:\/\/spracht.com\/fr\/wp-json\/wp\/v2\/media\/2000"}],"wp:attachment":[{"href":"https:\/\/spracht.com\/fr\/wp-json\/wp\/v2\/media?parent=1999"}],"wp:term":[{"taxonomy":"product_brand","embeddable":true,"href":"https:\/\/spracht.com\/fr\/wp-json\/wp\/v2\/product_brand?post=1999"},{"taxonomy":"product_cat","embeddable":true,"href":"https:\/\/spracht.com\/fr\/wp-json\/wp\/v2\/product_cat?post=1999"},{"taxonomy":"product_tag","embeddable":true,"href":"https:\/\/spracht.com\/fr\/wp-json\/wp\/v2\/product_tag?post=1999"}],"curies":[{"name":"wp","href":"https:\/\/api.w.org\/{rel}","templated":true}]}}