{"id":1992,"date":"2024-02-13T15:20:23","date_gmt":"2024-02-13T23:20:23","guid":{"rendered":"https:\/\/spracht.com\/?post_type=product&#038;p=1992"},"modified":"2026-03-20T13:02:13","modified_gmt":"2026-03-20T20:02:13","slug":"blunote-turbo-bluetooth-tws-wireless-speaker-with-mic","status":"publish","type":"product","link":"https:\/\/spracht.com\/fr\/shop\/blunote-turbo-bluetooth-tws-wireless-speaker-with-mic\/","title":{"rendered":"Blunote Turbo\u2122 Bluetooth\u00ae TWS Haut-parleur sans fil avec micro"},"content":{"rendered":"<p><strong>Blunote Turbo\u2122<\/strong><\/p>\n<p>\u00c9coutez de la musique en association avec votre smartphone ou tablette (iOS ou Android), ou votre PC\/Mac, ou la radio FM, gr\u00e2ce \u00e0 notre nouvelle g\u00e9n\u00e9ration d'enceinte portable de haute qualit\u00e9. <\/p>\n<p>Il y a \u00e9galement un emplacement pour carte SD pour votre musique enregistr\u00e9e afin de l'\u00e9couter sans appareil externe. Passez et recevez des appels \u2013 un microphone de haute qualit\u00e9 est int\u00e9gr\u00e9. <\/p>\n<p>Elle est r\u00e9sistante \u00e0 l'eau IPX5, vous pouvez donc l'\u00e9couter au bord de la piscine (mais ne la submergez pas). <\/p>\n<p>Appairage TWS avec un deuxi\u00e8me haut-parleur TWS \u2013 pour une v\u00e9ritable exp\u00e9rience st\u00e9r\u00e9o sans fil. Placez-en un \u00e0 chaque extr\u00e9mit\u00e9 d'une table pour une \u00e9coute st\u00e9r\u00e9o portable.<\/p>\n<p><strong>Caract\u00e9ristiques de l'enceinte sans fil TWS Bluetooth\u00ae Blunote Turbo\u2122 avec micro<\/strong><\/p>\n<ol>\n<li>Compatibilit\u00e9 :<br \/>\n\u2013 Plug and Play intuitif pour les appareils Bluetooth<br \/>\n\u2013 Ordinateurs PC\/Mac, smartphones, tablettes<br \/>\n\u2013 Radio FM\/AM avec fonction de balayage automatique<br \/>\n\u2013 Carte SD<br \/>\n\u2013 Port auxiliaire 3,5 mm et c\u00e2ble<\/li>\n<li>TWS \u2013 True Wireless Stereo : appairage avec un second haut-parleur<\/li>\n<li>Bluetooth 5.4<\/li>\n<li>Enceinte 20W<\/li>\n<li>IPX5 r\u00e9sistant \u00e0 l'eau<\/li>\n<li>Autonomie de 12 heures<\/li>\n<li>Batterie lithium-ion rechargeable<\/li>\n<li>\u00c9tui de luxe en aluminium avec 2 radiateurs passifs de basses<\/li>\n<li>Lumi\u00e8re LED color\u00e9e<\/li>\n<\/ol>\n<p>Part# SPT-WS-5010<br \/>\nUPC 800807330276<br \/>\nPDSF: $79,99 | Notre Prix : $59,99 | Vous \u00c9conomisez : $20,00<\/p>","protected":false},"excerpt":{"rendered":"<p>PDSF : <s>$79.99<\/s><br \/>\nVous \u00e9conomisez $20.00 sur le prix de d\u00e9tail sugg\u00e9r\u00e9 par le fabricant !<\/p>\n<p>\u00c9coutez de la musique en association avec votre smartphone ou tablette (iOS ou Android), ou votre PC\/Mac, ou la radio FM, gr\u00e2ce \u00e0 notre nouvelle g\u00e9n\u00e9ration d'enceinte portable de haute qualit\u00e9.<\/p>","protected":false},"featured_media":1996,"comment_status":"open","ping_status":"closed","template":"","meta":{"_kad_blocks_custom_css":"","_kad_blocks_head_custom_js":"","_kad_blocks_body_custom_js":"","_kad_blocks_footer_custom_js":"","_kad_post_transparent":"default","_kad_post_title":"","_kad_post_layout":"default","_kad_post_sidebar_id":"","_kad_post_content_style":"default","_kad_post_vertical_padding":"default","_kad_post_feature":"","_kad_post_feature_position":"","_kad_post_header":false,"_kad_post_footer":false,"_kad_post_classname":""},"product_brand":[],"product_cat":[37],"product_tag":[],"class_list":{"0":"post-1992","1":"product","2":"type-product","3":"status-publish","4":"has-post-thumbnail","6":"product_cat-desk-accessories","8":"first","9":"instock","10":"taxable","11":"shipping-taxable","12":"purchasable","13":"product-type-simple","14":"entry","15":"content-bg","16":"loop-entry"},"taxonomy_info":{"product_cat":[{"value":37,"label":"Desk Accessories"}]},"featured_image_src_large":["https:\/\/i0.wp.com\/spracht.com\/wp-content\/uploads\/2024\/02\/Blunote-Turbo-4.jpg?fit=944%2C1024&ssl=1",944,1024,true],"author_info":[],"comment_info":3,"jetpack_sharing_enabled":true,"_links":{"self":[{"href":"https:\/\/spracht.com\/fr\/wp-json\/wp\/v2\/product\/1992","targetHints":{"allow":["GET"]}}],"collection":[{"href":"https:\/\/spracht.com\/fr\/wp-json\/wp\/v2\/product"}],"about":[{"href":"https:\/\/spracht.com\/fr\/wp-json\/wp\/v2\/types\/product"}],"replies":[{"embeddable":true,"href":"https:\/\/spracht.com\/fr\/wp-json\/wp\/v2\/comments?post=1992"}],"wp:featuredmedia":[{"embeddable":true,"href":"https:\/\/spracht.com\/fr\/wp-json\/wp\/v2\/media\/1996"}],"wp:attachment":[{"href":"https:\/\/spracht.com\/fr\/wp-json\/wp\/v2\/media?parent=1992"}],"wp:term":[{"taxonomy":"product_brand","embeddable":true,"href":"https:\/\/spracht.com\/fr\/wp-json\/wp\/v2\/product_brand?post=1992"},{"taxonomy":"product_cat","embeddable":true,"href":"https:\/\/spracht.com\/fr\/wp-json\/wp\/v2\/product_cat?post=1992"},{"taxonomy":"product_tag","embeddable":true,"href":"https:\/\/spracht.com\/fr\/wp-json\/wp\/v2\/product_tag?post=1992"}],"curies":[{"name":"wp","href":"https:\/\/api.w.org\/{rel}","templated":true}]}}