{"id":1585,"date":"2023-06-11T18:19:33","date_gmt":"2023-06-12T01:19:33","guid":{"rendered":"https:\/\/spracht.com\/?post_type=product&#038;p=1585"},"modified":"2026-03-20T13:33:20","modified_gmt":"2026-03-20T20:33:20","slug":"zum-uc1-monaural-headset","status":"publish","type":"product","link":"https:\/\/spracht.com\/fr\/produit\/zum-uc1-monaural-headset\/","title":{"rendered":"Casque monaural ZUM UC1\u2122"},"content":{"rendered":"<p><strong>Confort et Durabilit\u00e9<\/strong><\/p>\n<p>Test\u00e9 en centre d'appels, pour la durabilit\u00e9. La conception structurelle am\u00e9lior\u00e9e en forme d'hexagone offre une r\u00e9sistance maximale \u00e0 la flexion et aux dommages physiques. Con\u00e7ue pour une utilisation intensive, les grandes chambres d'\u00e9coute couvrent confortablement la plupart des tailles d'oreilles.<\/p>\n<p><strong>Caract\u00e9ristiques du casque monaural ZUM UC1\u2122<\/strong><\/p>\n<ul>\n<li>Version monaural supra-auriculaire.<\/li>\n<li>Haut-parleurs puissants de 40 mm pour un son de qualit\u00e9 sup\u00e9rieure.<\/li>\n<li>Conception structurelle durable, id\u00e9ale pour les situations d'utilisation intensive.<\/li>\n<li>Large coussinet d'oreille confortable.<\/li>\n<li>Bras de microphone flexible pour des ajustements infinis.<\/li>\n<li>Un haut-parleur de 5 watts peut g\u00e9n\u00e9rer un volume allant jusqu'\u00e0 90 dB.<\/li>\n<li>Microphone antibruit.<\/li>\n<li>Protection contre les chocs acoustiques.<\/li>\n<li>Compatible avec Skype pour Windows (LYNC), Skype\u2122 et plus encore.<\/li>\n<\/ul>\n<p><strong>Fonctionne dans les conditions les plus difficiles<\/strong><\/p>\n<p>Non seulement ils sont durables, mais ils offrent \u00e9galement une r\u00e9duction du bruit pour une utilisation dans des environnements anim\u00e9s et des coussinets rembourr\u00e9s pour les oreilles offrent un confort dans les situations qui n\u00e9cessitent de nombreuses heures d'utilisation. La protection acoustique int\u00e9gr\u00e9e (ASP) offre une protection de type disjoncteur contre les bruits forts soudains provenant de la source du haut-parleur.<\/p>\n<p>Part# SPT-ZUMUC1<br \/>\nUPC 800807320253<br \/>\nPrix de d\u00e9tail sugg\u00e9r\u00e9 par le fabricant : $69,99 $<\/p>","protected":false},"excerpt":{"rendered":"<p>Casque USB monaural<\/p>","protected":false},"featured_media":1586,"comment_status":"open","ping_status":"closed","template":"","meta":{"_kad_blocks_custom_css":"","_kad_blocks_head_custom_js":"","_kad_blocks_body_custom_js":"","_kad_blocks_footer_custom_js":"","_kad_post_transparent":"default","_kad_post_title":"","_kad_post_layout":"default","_kad_post_sidebar_id":"","_kad_post_content_style":"default","_kad_post_vertical_padding":"default","_kad_post_feature":"","_kad_post_feature_position":"","_kad_post_header":false,"_kad_post_footer":false,"_kad_post_classname":""},"product_brand":[],"product_cat":[38],"product_tag":[],"class_list":{"0":"post-1585","1":"product","2":"type-product","3":"status-publish","4":"has-post-thumbnail","6":"product_cat-clearance","8":"first","9":"instock","10":"sale","11":"taxable","12":"shipping-taxable","13":"purchasable","14":"product-type-simple","15":"entry","16":"content-bg","17":"loop-entry"},"taxonomy_info":{"product_cat":[{"value":38,"label":"Clearance"}]},"featured_image_src_large":["https:\/\/i0.wp.com\/spracht.com\/wp-content\/uploads\/2023\/07\/SPT-ZUMUC1.jpg?fit=944%2C1024&ssl=1",944,1024,true],"author_info":[],"comment_info":2,"jetpack_sharing_enabled":true,"_links":{"self":[{"href":"https:\/\/spracht.com\/fr\/wp-json\/wp\/v2\/product\/1585","targetHints":{"allow":["GET"]}}],"collection":[{"href":"https:\/\/spracht.com\/fr\/wp-json\/wp\/v2\/product"}],"about":[{"href":"https:\/\/spracht.com\/fr\/wp-json\/wp\/v2\/types\/product"}],"replies":[{"embeddable":true,"href":"https:\/\/spracht.com\/fr\/wp-json\/wp\/v2\/comments?post=1585"}],"wp:featuredmedia":[{"embeddable":true,"href":"https:\/\/spracht.com\/fr\/wp-json\/wp\/v2\/media\/1586"}],"wp:attachment":[{"href":"https:\/\/spracht.com\/fr\/wp-json\/wp\/v2\/media?parent=1585"}],"wp:term":[{"taxonomy":"product_brand","embeddable":true,"href":"https:\/\/spracht.com\/fr\/wp-json\/wp\/v2\/product_brand?post=1585"},{"taxonomy":"product_cat","embeddable":true,"href":"https:\/\/spracht.com\/fr\/wp-json\/wp\/v2\/product_cat?post=1585"},{"taxonomy":"product_tag","embeddable":true,"href":"https:\/\/spracht.com\/fr\/wp-json\/wp\/v2\/product_tag?post=1585"}],"curies":[{"name":"wp","href":"https:\/\/api.w.org\/{rel}","templated":true}]}}