{"id":1577,"date":"2023-06-11T18:13:54","date_gmt":"2023-06-12T01:13:54","guid":{"rendered":"https:\/\/spracht.com\/?post_type=product&#038;p=1577"},"modified":"2026-02-04T15:54:34","modified_gmt":"2026-02-04T23:54:34","slug":"zum-bt-tws-2-true-wireless-earbuds","status":"publish","type":"product","link":"https:\/\/spracht.com\/fr\/shop\/zum-bt-tws-2-true-wireless-earbuds\/","title":{"rendered":"\u00c9couteurs vraiment sans fil ZUM-BT-TWS-2\u2122"},"content":{"rendered":"<p>\u00c9coutez vos airs pr\u00e9f\u00e9r\u00e9s en d\u00e9placement avec ces \u00e9couteurs sans fil Bluetooth 5. La technologie de suppression du bruit r\u00e9duit le bruit ambiant pour une exp\u00e9rience audio plus riche. Et l'\u00e9tui se recharge sans fil.<\/p>\n<p>Associez-les \u00e0 votre smartphone ou tablette compatible Bluetooth\u00ae et r\u00e9pondez aux appels. Conception avec un bon maintien et r\u00e9sistante \u00e0 la transpiration pour que vous puissiez \u00e9galement les utiliser pendant l'exercice.<\/p>\n<p><strong>Caract\u00e9ristiques des \u00e9couteurs True Wireless ZUM-BT-TWS-2\u2122<\/strong><\/p>\n<ol>\n<li>Bluetooth 5<\/li>\n<li>Paires en st\u00e9r\u00e9o, ou chaque \u00e9couteur individuellement, pour 2 utilisateurs.<\/li>\n<li>L'\u00e9tui se recharge sans fil.<\/li>\n<li>L'\u00e9tui de chargement recharge en continu les \u00e9couteurs lorsqu'ils ne sont pas utilis\u00e9s. Emportez-les avec vous !<\/li>\n<li>Autonomie musicale jusqu'\u00e0 14 heures. Autonomie en veille jusqu'\u00e0 130 heures. Temps de recharge 1 heure et demie.<\/li>\n<li>Se connecte \u00e0 vos appareils Bluetooth\u00ae, tels que les tablettes et les smartphones. Multipoint pour pouvoir se connecter jusqu'\u00e0 2 appareils.<\/li>\n<li>R\u00e9sistant \u00e0 la transpiration, vous pouvez donc les utiliser pendant l'exercice \/ l'entra\u00eenement - \u00c9tanche IPx7 (jusqu'\u00e0 1 m pendant 30 min).<\/li>\n<li>Vous pouvez r\u00e9pondre et raccrocher avec vos \u00e9couteurs. Et utiliser votre assistant vocal, comme Siri.<\/li>\n<\/ol>\n<p>Part# SPT-ZUMBTTWS2<br \/>\nUPC 800807320802<br \/>\nPDSF : $99,99<\/p>","protected":false},"excerpt":{"rendered":"<p>\u00c9couteurs Bluetooth\u00ae TWS True Wireless avec bo\u00eetier de chargement sans fil<\/p>","protected":false},"featured_media":1579,"comment_status":"open","ping_status":"closed","template":"","meta":{"_kad_blocks_custom_css":"","_kad_blocks_head_custom_js":"","_kad_blocks_body_custom_js":"","_kad_blocks_footer_custom_js":"","_kad_post_transparent":"default","_kad_post_title":"","_kad_post_layout":"default","_kad_post_sidebar_id":"","_kad_post_content_style":"default","_kad_post_vertical_padding":"default","_kad_post_feature":"","_kad_post_feature_position":"","_kad_post_header":false,"_kad_post_footer":false,"_kad_post_classname":""},"product_brand":[],"product_cat":[38],"product_tag":[],"class_list":{"0":"post-1577","1":"product","2":"type-product","3":"status-publish","4":"has-post-thumbnail","6":"product_cat-clearance","8":"first","9":"instock","10":"sale","11":"taxable","12":"shipping-taxable","13":"purchasable","14":"product-type-simple","15":"entry","16":"content-bg","17":"loop-entry"},"taxonomy_info":{"product_cat":[{"value":38,"label":"Clearance"}]},"featured_image_src_large":["https:\/\/i0.wp.com\/spracht.com\/wp-content\/uploads\/2023\/07\/Zum-BT-TWS-2_BudsInCase.jpg?fit=944%2C1024&ssl=1",944,1024,true],"author_info":[],"comment_info":0,"jetpack_sharing_enabled":true,"_links":{"self":[{"href":"https:\/\/spracht.com\/fr\/wp-json\/wp\/v2\/product\/1577","targetHints":{"allow":["GET"]}}],"collection":[{"href":"https:\/\/spracht.com\/fr\/wp-json\/wp\/v2\/product"}],"about":[{"href":"https:\/\/spracht.com\/fr\/wp-json\/wp\/v2\/types\/product"}],"replies":[{"embeddable":true,"href":"https:\/\/spracht.com\/fr\/wp-json\/wp\/v2\/comments?post=1577"}],"wp:featuredmedia":[{"embeddable":true,"href":"https:\/\/spracht.com\/fr\/wp-json\/wp\/v2\/media\/1579"}],"wp:attachment":[{"href":"https:\/\/spracht.com\/fr\/wp-json\/wp\/v2\/media?parent=1577"}],"wp:term":[{"taxonomy":"product_brand","embeddable":true,"href":"https:\/\/spracht.com\/fr\/wp-json\/wp\/v2\/product_brand?post=1577"},{"taxonomy":"product_cat","embeddable":true,"href":"https:\/\/spracht.com\/fr\/wp-json\/wp\/v2\/product_cat?post=1577"},{"taxonomy":"product_tag","embeddable":true,"href":"https:\/\/spracht.com\/fr\/wp-json\/wp\/v2\/product_tag?post=1577"}],"curies":[{"name":"wp","href":"https:\/\/api.w.org\/{rel}","templated":true}]}}