{"id":1571,"date":"2023-06-11T18:07:52","date_gmt":"2023-06-12T01:07:52","guid":{"rendered":"https:\/\/spracht.com\/?post_type=product&#038;p=1571"},"modified":"2026-02-13T11:51:38","modified_gmt":"2026-02-13T19:51:38","slug":"conference-mate-speakerphone","status":"publish","type":"product","link":"https:\/\/spracht.com\/fr\/produit\/conference-mate-speakerphone\/","title":{"rendered":"Haut-parleur de conf\u00e9rence Conference Mate\u2122"},"content":{"rendered":"<p><strong>Qualit\u00e9 sonore professionnelle pour les appels t\u00e9l\u00e9phoniques<\/strong><\/p>\n<p>Haut-parleur de conf\u00e9rence de qualit\u00e9 professionnelle dans un format portable de 10x10 cm ! Associez ce haut-parleur portable \u00e0 votre smartphone (iPhone ou Android), tablette (iPad ou autre), PC\/Mac, ou tout autre appareil Bluetooth\u00ae A2DP. Les appareils non Bluetooth\u00ae peuvent \u00e9galement se connecter via la prise jack 3,5 mm (en utilisant votre propre c\u00e2ble audio).<\/p>\n<p><strong>Caract\u00e9ristiques du haut-parleur de conf\u00e9rence Conference Mate\u2122<\/strong><\/p>\n<ol>\n<li>La puce NFC (Near Field Communications) signifie que vous pouvez approcher votre appareil compatible NFC du Conference Mate\u2122 et qu'il s'appariera automatiquement, au lieu de la m\u00e9thode d'appariement Bluetooth\u00ae standard.<\/li>\n<li>Full duplex, vous pouvez donc parler et entendre l'autre partie en m\u00eame temps.<\/li>\n<li>Traitement du signal num\u00e9rique pour l'annulation du bruit et la suppression de l'\u00e9cho.<\/li>\n<li>Profil de distribution audio avanc\u00e9 (A2DP) pour un son sans fil Bluetooth\u00ae haute fid\u00e9lit\u00e9.<\/li>\n<li>Double r\u00e9seau de microphones omnidirectionnels de haute qualit\u00e9 pour que l'appareil capte tout ce que vous dites, et clairement.<\/li>\n<li>Volume suffisant pour que vous soyez bien entendu \u00e0 l'autre bout.<\/li>\n<li>Diffusez de la musique riche et pleine sonorit\u00e9 depuis votre A2DP<\/li>\n<li>appareil Bluetooth\u00ae lorsque vous n'\u00eates pas en communication.<\/li>\n<li>Commandes tactiles simples et capacitives.<\/li>\n<li>Autonomie de 7h+ en conversation ; recharge USB de la batterie Lithium Polym\u00e8re \u00e0 haute densit\u00e9 \u00e9nerg\u00e9tique.<\/li>\n<li>Haut-parleur orient\u00e9 vers le bas avec radiateur de basse passif pour des basses r\u00e9alistes et profondes, et un son riche. \u2022 Ajoutez Bass Boost pour un son digne de celui d'une salle de concert dans un appareil petit et portable.<\/li>\n<\/ol>\n<p>Part# SPT-MCP3022<br \/>\nUPC 800807300569<br \/>\nPDSF : $119,99<\/p>","protected":false},"excerpt":{"rendered":"<p>Enceinte de conf\u00e9rence de haute qualit\u00e9 dans un format portable de 10x10 cm ! Associez-la \u00e0 votre smartphone (iPhone ou Android), tablette (iPad ou autre), PC\/Mac, ou autre appareil Bluetooth\u00ae A2DP. Les appareils non-Bluetooth\u00ae peuvent \u00e9galement se connecter via la prise jack 3,5 mm (en utilisant votre propre c\u00e2ble audio). Puce NFC (Near Field Communications) pour un appairage automatique.<\/p>","protected":false},"featured_media":1572,"comment_status":"open","ping_status":"closed","template":"","meta":{"_kad_blocks_custom_css":"","_kad_blocks_head_custom_js":"","_kad_blocks_body_custom_js":"","_kad_blocks_footer_custom_js":"","_kad_post_transparent":"default","_kad_post_title":"","_kad_post_layout":"default","_kad_post_sidebar_id":"","_kad_post_content_style":"default","_kad_post_vertical_padding":"default","_kad_post_feature":"","_kad_post_feature_position":"","_kad_post_header":false,"_kad_post_footer":false,"_kad_post_classname":""},"product_brand":[],"product_cat":[38],"product_tag":[],"class_list":{"0":"post-1571","1":"product","2":"type-product","3":"status-publish","4":"has-post-thumbnail","6":"product_cat-clearance","8":"first","9":"outofstock","10":"sale","11":"taxable","12":"shipping-taxable","13":"purchasable","14":"product-type-simple","15":"entry","16":"content-bg","17":"loop-entry"},"taxonomy_info":{"product_cat":[{"value":38,"label":"Clearance"}]},"featured_image_src_large":["https:\/\/i0.wp.com\/spracht.com\/wp-content\/uploads\/2023\/07\/ConferenceMateBlack_1_MCP-3022.jpg?fit=944%2C1024&ssl=1",944,1024,true],"author_info":[],"comment_info":2,"jetpack_sharing_enabled":true,"_links":{"self":[{"href":"https:\/\/spracht.com\/fr\/wp-json\/wp\/v2\/product\/1571","targetHints":{"allow":["GET"]}}],"collection":[{"href":"https:\/\/spracht.com\/fr\/wp-json\/wp\/v2\/product"}],"about":[{"href":"https:\/\/spracht.com\/fr\/wp-json\/wp\/v2\/types\/product"}],"replies":[{"embeddable":true,"href":"https:\/\/spracht.com\/fr\/wp-json\/wp\/v2\/comments?post=1571"}],"wp:featuredmedia":[{"embeddable":true,"href":"https:\/\/spracht.com\/fr\/wp-json\/wp\/v2\/media\/1572"}],"wp:attachment":[{"href":"https:\/\/spracht.com\/fr\/wp-json\/wp\/v2\/media?parent=1571"}],"wp:term":[{"taxonomy":"product_brand","embeddable":true,"href":"https:\/\/spracht.com\/fr\/wp-json\/wp\/v2\/product_brand?post=1571"},{"taxonomy":"product_cat","embeddable":true,"href":"https:\/\/spracht.com\/fr\/wp-json\/wp\/v2\/product_cat?post=1571"},{"taxonomy":"product_tag","embeddable":true,"href":"https:\/\/spracht.com\/fr\/wp-json\/wp\/v2\/product_tag?post=1571"}],"curies":[{"name":"wp","href":"https:\/\/api.w.org\/{rel}","templated":true}]}}