{"id":1568,"date":"2023-06-11T17:56:10","date_gmt":"2023-06-12T00:56:10","guid":{"rendered":"https:\/\/spracht.com\/?post_type=product&#038;p=1568"},"modified":"2025-07-17T11:32:49","modified_gmt":"2025-07-17T18:32:49","slug":"office-mate-hepa-air-purifier","status":"publish","type":"product","link":"https:\/\/spracht.com\/fr\/shop\/office-mate-hepa-air-purifier\/","title":{"rendered":"Purificateur d'air HEPA Bureau-Mate\u2122"},"content":{"rendered":"<p>Installez le purificateur d'air Office Mate HEPA \u00e0 c\u00f4t\u00e9 de vous sur votre bureau et laissez-le filtrer la poussi\u00e8re, les allerg\u00e8nes, les virus, les bact\u00e9ries et les odeurs. Plusieurs filtres et une lumi\u00e8re UV sont utilis\u00e9s pour vous fournir un air purifi\u00e9. Le filtre HEPA est rempla\u00e7able et disponible s\u00e9par\u00e9ment. Les commandes sont activ\u00e9es par mouvement, vous n'avez donc m\u00eame pas \u00e0 toucher l'appareil. Le corps cylindrique est en alliage d'aluminium robuste et attrayant, et le dessus affiche la qualit\u00e9 de l'air, la temp\u00e9rature et l'humidit\u00e9.<\/p>\n<p><strong>Caract\u00e9ristiques du purificateur d'air HEPA Office Mate\u2122<\/strong><\/p>\n<ul>\n<li>St\u00e9rilisation c\u00e9ramique trans-catalytique, \u00e9liminant efficacement les bact\u00e9ries et les virus, \u00e9liminant les odeurs, les allerg\u00e8nes et le formald\u00e9hyde.<\/li>\n<li>Purification et st\u00e9rilisation multicouches : pr\u00e9filtre + filtre HEPA H11 + trans-catalytique + lumi\u00e8re UV + ions n\u00e9gatifs.<\/li>\n<li>\u00c9cran LED HD affiche la temp\u00e9rature, l'humidit\u00e9 et la qualit\u00e9 de l'air.<\/li>\n<li>Contr\u00f4le par gestes de la main : modifier les param\u00e8tres et allumer\/\u00e9teindre l'appareil.<\/li>\n<li>Bo\u00eetier en alliage d'aluminium : 2\u00be\u201dx 8\u00bc\u201d.<\/li>\n<li>Capteur de qualit\u00e9 de l'air avec affichage LED : Rouge pour une mauvaise qualit\u00e9 de l'air, Bleu pour une qualit\u00e9 de l'air moyenne, Vert pour une bonne qualit\u00e9.<\/li>\n<li>Filtres HEPA de remplacement disponibles.<\/li>\n<\/ul>\n<p><strong>SP\u00c9CIFICATIONS DU PURIFICATEUR D'AIR<\/strong><\/p>\n<ul>\n<li>Filtre de biocatalyse et filtre HEPA 11<\/li>\n<li>Le filtre HEPA est rempla\u00e7able<\/li>\n<li>G\u00e9n\u00e9rateur d'ions n\u00e9gatifs : 5 millions\/cm\u00b3<\/li>\n<li>Bruit: &lt;35dB<\/li>\n<li>Lumi\u00e8re UV<\/li>\n<li>Longueur d'onde UV : 365 nm<\/li>\n<li>Capteur de Qualit\u00e9 de l'Air : Capteur d'odeur TVOC<\/li>\n<li>Taux de st\u00e9rilisation : 99,99%<\/li>\n<li>Puissance d'entr\u00e9e : 5 V\/2 A<\/li>\n<li>Puissance de sortie : &lt;10W<\/li>\n<li>Puissance nominale : &lt;4W<\/li>\n<li>Bo\u00eetier en alliage d'aluminium<\/li>\n<li>Environnement de fonctionnement : -41\u00ba \u00e0 113\u00baF (-5\u00ba \u00e0 45\u00baC) (Remarque : l'affichage a un maximum de 2 chiffres, donc 99\u00baF est la lecture maximale sur l'affichage)<\/li>\n<li>Interrupteur \u00e0 d\u00e9tecteur de mouvement pour Marche\/Arr\u00eat\/vitesse du ventilateur<\/li>\n<\/ul>\n<p><strong>SP\u00c9CIFICATIONS M\u00c9CANIQUES<\/strong><\/p>\n<ul>\n<li>Dimensions : 2,75\u201d dia x 7\u201d haut (70 x 180 mm)<\/li>\n<li>Poids : 11 oz (310 g)<\/li>\n<li>Dimensions de la bo\u00eete\u00a0: 10,8 po x 4,125 po x 3,2 po (276 x 105 x 82 mm)<\/li>\n<li>Poids emball\u00e9 : 30,7 oz (875 g)<\/li>\n<li>C\u00e2ble USB : 4,9 pi (1,5 m)<\/li>\n<li>C\u00e2ble d'extension USB : 1,8 m<\/li>\n<li>Quantit\u00e9 par carton ma\u00eetre\u00a0: 20<\/li>\n<\/ul>\n<p><strong>ALIMENTATION ET USB<\/strong><\/p>\n<ul>\n<li>Adaptateur secteur : c\u00e2ble USB<\/li>\n<\/ul>\n<p>Le forfait comprend<br \/>\nPurificateur d'air<br \/>\nCordon d'alimentation USB<br \/>\nMode d'emploi<\/p>\n<p>Part# SPT-APUSBHEPA<br \/>\nUPC 800807350205<br \/>\nPDSF : $129,99<\/p>","protected":false},"excerpt":{"rendered":"<p>Filtre la poussi\u00e8re, les allerg\u00e8nes, les virus, les bact\u00e9ries et les odeurs. De multiples filtres et une lumi\u00e8re UV sont utilis\u00e9s pour vous offrir un air purifi\u00e9. Le filtre HEPA est rempla\u00e7able et disponible s\u00e9par\u00e9ment.<\/p>","protected":false},"featured_media":1569,"comment_status":"open","ping_status":"closed","template":"","meta":{"_kad_blocks_custom_css":"","_kad_blocks_head_custom_js":"","_kad_blocks_body_custom_js":"","_kad_blocks_footer_custom_js":"","_kad_post_transparent":"default","_kad_post_title":"","_kad_post_layout":"default","_kad_post_sidebar_id":"","_kad_post_content_style":"default","_kad_post_vertical_padding":"default","_kad_post_feature":"","_kad_post_feature_position":"","_kad_post_header":false,"_kad_post_footer":false,"_kad_post_classname":""},"product_brand":[],"product_cat":[38],"product_tag":[],"class_list":{"0":"post-1568","1":"product","2":"type-product","3":"status-publish","4":"has-post-thumbnail","6":"product_cat-clearance","8":"first","9":"instock","10":"sale","11":"taxable","12":"shipping-taxable","13":"purchasable","14":"product-type-simple","15":"entry","16":"content-bg","17":"loop-entry"},"taxonomy_info":{"product_cat":[{"value":38,"label":"Clearance"}]},"featured_image_src_large":["https:\/\/i0.wp.com\/spracht.com\/wp-content\/uploads\/2023\/07\/Purifier.jpg?fit=944%2C1024&ssl=1",944,1024,true],"author_info":[],"comment_info":1,"jetpack_sharing_enabled":true,"_links":{"self":[{"href":"https:\/\/spracht.com\/fr\/wp-json\/wp\/v2\/product\/1568","targetHints":{"allow":["GET"]}}],"collection":[{"href":"https:\/\/spracht.com\/fr\/wp-json\/wp\/v2\/product"}],"about":[{"href":"https:\/\/spracht.com\/fr\/wp-json\/wp\/v2\/types\/product"}],"replies":[{"embeddable":true,"href":"https:\/\/spracht.com\/fr\/wp-json\/wp\/v2\/comments?post=1568"}],"wp:featuredmedia":[{"embeddable":true,"href":"https:\/\/spracht.com\/fr\/wp-json\/wp\/v2\/media\/1569"}],"wp:attachment":[{"href":"https:\/\/spracht.com\/fr\/wp-json\/wp\/v2\/media?parent=1568"}],"wp:term":[{"taxonomy":"product_brand","embeddable":true,"href":"https:\/\/spracht.com\/fr\/wp-json\/wp\/v2\/product_brand?post=1568"},{"taxonomy":"product_cat","embeddable":true,"href":"https:\/\/spracht.com\/fr\/wp-json\/wp\/v2\/product_cat?post=1568"},{"taxonomy":"product_tag","embeddable":true,"href":"https:\/\/spracht.com\/fr\/wp-json\/wp\/v2\/product_tag?post=1568"}],"curies":[{"name":"wp","href":"https:\/\/api.w.org\/{rel}","templated":true}]}}