{"id":1566,"date":"2023-06-11T17:53:26","date_gmt":"2023-06-12T00:53:26","guid":{"rendered":"https:\/\/spracht.com\/?post_type=product&#038;p=1566"},"modified":"2023-07-14T07:37:38","modified_gmt":"2023-07-14T14:37:38","slug":"adapter-cables-ada-209-2-rj9-to-rj9","status":"publish","type":"product","link":"https:\/\/spracht.com\/fr\/shop\/adapter-cables-ada-209-2-rj9-to-rj9\/","title":{"rendered":"C\u00e2bles adaptateurs ADA-209 \u2013 2 RJ9 vers RJ9"},"content":{"rendered":"<p>Ces adaptateurs permettent \u00e0 une deuxi\u00e8me personne de se connecter facilement et de se joindre \u00e0 un appel t\u00e9l\u00e9phonique \u00e0 des fins de formation ou de surveillance. Les 2 ports RJ9 servent \u00e0 brancher les 2 casques. Les deux boutons sur l'adaptateur permettent de couper le son de chaque microphone. Il y a \u00e9galement des commandes Augmenter\/Diminuer le volume sur le c\u00f4t\u00e9 de l'adaptateur. Le connecteur RJ9 se branche sur le t\u00e9l\u00e9phone IP ; dans la version USB, l'USB se connecte au port USB de l'ordinateur.<\/p>\n<p>Les adaptateurs permettent \u00e0 un superviseur ou \u00e0 un formateur de rejoindre un appel pour des raisons d'instruction ou de surveillance.<\/p>\n<p><strong>Caract\u00e9ristiques des c\u00e2bles adaptateurs ADA-109 et ADA-209<\/strong><\/p>\n<ol>\n<li>Pour l'ADA-209, le connecteur RJ9 se branche dans le t\u00e9l\u00e9phone IP. Les 2 ports RJ9 servent \u00e0 brancher les casques.<\/li>\n<li>Pour l'adaptateur USB, le connecteur USB se branche au PC\/Mac et les 2 ports RJ9 servent \u00e0 brancher les casques.<\/li>\n<li>Il y a des commandes de volume haut\/bas sur le c\u00f4t\u00e9 des deux adaptateurs.<\/li>\n<li>Les deux adaptateurs disposent \u00e9galement de 2 boutons pour permettre la d\u00e9sactivation du son de l'un ou l'autre microphone.<\/li>\n<\/ol>\n<p>Part# SPT-ADA209<br \/>\nUPC 800807350175<br \/>\nPDSF : $19,99<\/p>","protected":false},"excerpt":{"rendered":"<p>C\u00e2bles adaptateurs pour centres d'appels ADA-209 \u2013 2 RJ9 vers RJ9<\/p>","protected":false},"featured_media":1567,"comment_status":"open","ping_status":"closed","template":"","meta":{"_kad_blocks_custom_css":"","_kad_blocks_head_custom_js":"","_kad_blocks_body_custom_js":"","_kad_blocks_footer_custom_js":"","_kad_post_transparent":"default","_kad_post_title":"","_kad_post_layout":"default","_kad_post_sidebar_id":"","_kad_post_content_style":"default","_kad_post_vertical_padding":"default","_kad_post_feature":"","_kad_post_feature_position":"","_kad_post_header":false,"_kad_post_footer":false,"_kad_post_classname":""},"product_brand":[],"product_cat":[38],"product_tag":[],"class_list":{"0":"post-1566","1":"product","2":"type-product","3":"status-publish","4":"has-post-thumbnail","6":"product_cat-clearance","8":"first","9":"instock","10":"sale","11":"taxable","12":"shipping-taxable","13":"purchasable","14":"product-type-simple","15":"entry","16":"content-bg","17":"loop-entry"},"taxonomy_info":{"product_cat":[{"value":38,"label":"Clearance"}]},"featured_image_src_large":["https:\/\/i0.wp.com\/spracht.com\/wp-content\/uploads\/2023\/07\/ADA2092RJ9toRJ9.jpg?fit=944%2C1024&ssl=1",944,1024,true],"author_info":[],"comment_info":0,"jetpack_sharing_enabled":true,"_links":{"self":[{"href":"https:\/\/spracht.com\/fr\/wp-json\/wp\/v2\/product\/1566","targetHints":{"allow":["GET"]}}],"collection":[{"href":"https:\/\/spracht.com\/fr\/wp-json\/wp\/v2\/product"}],"about":[{"href":"https:\/\/spracht.com\/fr\/wp-json\/wp\/v2\/types\/product"}],"replies":[{"embeddable":true,"href":"https:\/\/spracht.com\/fr\/wp-json\/wp\/v2\/comments?post=1566"}],"wp:featuredmedia":[{"embeddable":true,"href":"https:\/\/spracht.com\/fr\/wp-json\/wp\/v2\/media\/1567"}],"wp:attachment":[{"href":"https:\/\/spracht.com\/fr\/wp-json\/wp\/v2\/media?parent=1566"}],"wp:term":[{"taxonomy":"product_brand","embeddable":true,"href":"https:\/\/spracht.com\/fr\/wp-json\/wp\/v2\/product_brand?post=1566"},{"taxonomy":"product_cat","embeddable":true,"href":"https:\/\/spracht.com\/fr\/wp-json\/wp\/v2\/product_cat?post=1566"},{"taxonomy":"product_tag","embeddable":true,"href":"https:\/\/spracht.com\/fr\/wp-json\/wp\/v2\/product_tag?post=1566"}],"curies":[{"name":"wp","href":"https:\/\/api.w.org\/{rel}","templated":true}]}}