{"id":1555,"date":"2023-05-11T17:37:16","date_gmt":"2023-05-12T00:37:16","guid":{"rendered":"https:\/\/spracht.com\/?post_type=product&#038;p=1555"},"modified":"2026-01-19T09:23:44","modified_gmt":"2026-01-19T17:23:44","slug":"remote-headset-lifter","status":"publish","type":"product","link":"https:\/\/spracht.com\/fr\/shop\/remote-headset-lifter\/","title":{"rendered":"L\u00e8ve-casque \u00e0 distance"},"content":{"rendered":"<p>Le l\u00e8ve-combin\u00e9 \u00e0 distance Spracht RHL-2010 fonctionnera avec les casques Z\u016bM DECT 6.0 Headset\u2122, Z\u016bM eco DECT Pro\u2122 et Z\u016bM eco-Set\u2122 ainsi qu'avec d'autres casques pour t\u00e9l\u00e9phones dot\u00e9s d'une prise RJ11 pour le combin\u00e9. Le l\u00e8ve-combin\u00e9 \u00e0 distance se fixe sur votre t\u00e9l\u00e9phone et a \u00e9t\u00e9 optimis\u00e9 pour une utilisation avec nos casques sans fil. Il vous permet de r\u00e9pondre et de terminer des appels lorsque vous \u00eates loin de votre bureau, d'une simple pression sur un bouton marche\/arr\u00eat du casque. Le l\u00e8ve-combin\u00e9 est facile \u00e0 installer et est livr\u00e9 avec des coussinets de fixation pour le s\u00e9curiser sur votre t\u00e9l\u00e9phone.<\/p>\n<p><strong>Caract\u00e9ristiques du rehausseur de casque sans fil<\/strong><\/p>\n<ol>\n<li>Cordon de levage.<\/li>\n<li>Barre de support r\u00e9glable.<\/li>\n<li>Bras de levage.<\/li>\n<li>Capteur de d\u00e9tection de sonnerie.<\/li>\n<li>Interrupteur de r\u00e9glage du niveau sonore de d\u00e9tection de sonnerie.<\/li>\n<li>Levier de r\u00e9glage de la hauteur de levage.<\/li>\n<\/ol>\n<p><iframe src=\"https:\/\/www.youtube.com\/embed\/tblAjHD5vmQ?list=PLtqihkJu7u2xYIQxNaRmbc8Ge0P0NWQhX\" width=\"560\" height=\"315\" frameborder=\"0\"><\/iframe><\/p>\n<p>Part# SPT-RHL2010<br \/>\nUPC 800807330146<br \/>\nPRIX DE VENTE CONSEILL\u00c9 : $75,99 | Notre Prix : $69,99 | \u00c9conomisez : $6,00<\/p>","protected":false},"excerpt":{"rendered":"<p>PDSF : <s>$75.99<\/s><br \/>\nVous \u00e9conomisez $6,00 sur le prix de d\u00e9tail sugg\u00e9r\u00e9 par le fabricant !<\/p>\n<p>Releveur de combin\u00e9 \u00e0 distance Spracht RHL-2010. Pour les casques DECT Zum Maestro et autres casques sans fil pour t\u00e9l\u00e9phones de bureau avec prises RJ11. Le releveur de combin\u00e9 \u00e0 distance s'adapte \u00e0 votre t\u00e9l\u00e9phone afin que vous puissiez r\u00e9pondre et raccrocher les appels depuis votre casque.<\/p>","protected":false},"featured_media":1560,"comment_status":"open","ping_status":"closed","template":"","meta":{"_kad_blocks_custom_css":"","_kad_blocks_head_custom_js":"","_kad_blocks_body_custom_js":"","_kad_blocks_footer_custom_js":"","_kad_post_transparent":"default","_kad_post_title":"","_kad_post_layout":"default","_kad_post_sidebar_id":"","_kad_post_content_style":"default","_kad_post_vertical_padding":"default","_kad_post_feature":"","_kad_post_feature_position":"","_kad_post_header":false,"_kad_post_footer":false,"_kad_post_classname":""},"product_brand":[],"product_cat":[37],"product_tag":[],"class_list":{"0":"post-1555","1":"product","2":"type-product","3":"status-publish","4":"has-post-thumbnail","6":"product_cat-desk-accessories","8":"first","9":"instock","10":"taxable","11":"shipping-taxable","12":"purchasable","13":"product-type-simple","14":"entry","15":"content-bg","16":"loop-entry"},"taxonomy_info":{"product_cat":[{"value":37,"label":"Desk Accessories"}]},"featured_image_src_large":["https:\/\/i0.wp.com\/spracht.com\/wp-content\/uploads\/2023\/07\/RHL-2010_5.jpg?fit=944%2C1024&ssl=1",944,1024,true],"author_info":[],"comment_info":0,"jetpack_sharing_enabled":true,"_links":{"self":[{"href":"https:\/\/spracht.com\/fr\/wp-json\/wp\/v2\/product\/1555","targetHints":{"allow":["GET"]}}],"collection":[{"href":"https:\/\/spracht.com\/fr\/wp-json\/wp\/v2\/product"}],"about":[{"href":"https:\/\/spracht.com\/fr\/wp-json\/wp\/v2\/types\/product"}],"replies":[{"embeddable":true,"href":"https:\/\/spracht.com\/fr\/wp-json\/wp\/v2\/comments?post=1555"}],"wp:featuredmedia":[{"embeddable":true,"href":"https:\/\/spracht.com\/fr\/wp-json\/wp\/v2\/media\/1560"}],"wp:attachment":[{"href":"https:\/\/spracht.com\/fr\/wp-json\/wp\/v2\/media?parent=1555"}],"wp:term":[{"taxonomy":"product_brand","embeddable":true,"href":"https:\/\/spracht.com\/fr\/wp-json\/wp\/v2\/product_brand?post=1555"},{"taxonomy":"product_cat","embeddable":true,"href":"https:\/\/spracht.com\/fr\/wp-json\/wp\/v2\/product_cat?post=1555"},{"taxonomy":"product_tag","embeddable":true,"href":"https:\/\/spracht.com\/fr\/wp-json\/wp\/v2\/product_tag?post=1555"}],"curies":[{"name":"wp","href":"https:\/\/api.w.org\/{rel}","templated":true}]}}