{"id":1547,"date":"2023-05-11T17:30:00","date_gmt":"2023-05-12T00:30:00","guid":{"rendered":"https:\/\/spracht.com\/?post_type=product&#038;p=1547"},"modified":"2026-03-20T13:22:49","modified_gmt":"2026-03-20T20:22:49","slug":"wireless-charging-headset-stand","status":"publish","type":"product","link":"https:\/\/spracht.com\/fr\/produit\/wireless-charging-headset-stand\/","title":{"rendered":"Support pour casque \u00e0 chargement sans fil"},"content":{"rendered":"<p><strong>Gagnez de la place sur votre bureau tout en chargeant votre t\u00e9l\u00e9phone.<\/strong><\/p>\n<ul>\n<li>Charge rapide \u00e0 10W en utilisant votre propre adaptateur QC 2.0\/3.0, si votre t\u00e9l\u00e9phone le supporte (voir ci-dessous). L'adaptateur n'est pas inclus dans la bo\u00eete.<\/li>\n<li>Charge Rapide avec votre propre adaptateur QC 2.0\/3.0, \u00e0 7,5W, pour les iPhones qui le prennent en charge.<\/li>\n<li>Mode 5W compatible avec tous les appareils compatibles avec la recharge sans fil.<\/li>\n<li>Vous pouvez \u00e9galement charger vos autres appareils, comme les \u00e9couteurs Totally Wireless, qui permettent la recharge par induction.<\/li>\n<li>Le support est suffisamment robuste pour supporter pratiquement n'importe quel casque que vous souhaitez y poser.<\/li>\n<li>Un c\u00e2ble de chargement micro USB est inclus dans la bo\u00eete. Un adaptateur secteur n'est pas inclus.<\/li>\n<li>Le noir \u00e9l\u00e9gant restera propre et sans rayures, m\u00eame avec une utilisation quotidienne.<\/li>\n<li>L'anneau LED sur la base vous indiquera quand l'appareil est en charge et quand la charge est termin\u00e9e.<\/li>\n<\/ul>\n<p><strong>Compatibilit\u00e9 t\u00e9l\u00e9phonique<\/strong><\/p>\n<ul>\n<li>Charge Rapide 10W : Samsung Galaxy Note 9, Note 8, S9, S9 Plus, S8, S8 Plus, S7, S7 Edge, S6 Edge Plus<\/li>\n<li>Charge rapide \u00e0 7,5 W pour iPhone XS, iPhone XR, iPhone XS Max, iPhone X, iPhone 8, iPhone 8 Plus<\/li>\n<li>Autres smartphones compatibles avec la recharge sans fil<\/li>\n<li>\u00c0 utiliser avec la plupart des casques filaires et sans fil.<\/li>\n<\/ul>\n<p><strong>Remarque : N'alimente pas le casque.<\/strong><\/p>\n<p><strong>Sp\u00e9cifications<\/strong><\/p>\n<ul>\n<li>Mat\u00e9riaux : Aluminium anodis\u00e9, TPU et ABS<\/li>\n<li>(QC2.0\/3.0) CC 5,0 V\/2 A CC 9,0 V\/1,8 A<\/li>\n<li>Puissance : 5W \/ 7.5W \/ 10W<\/li>\n<li>Distance de chargement : 0,15\u201d \u00e0 0,4\u201d (\u2248 4-10 mm)<\/li>\n<li>Efficacit\u00e9 de recharge : \u226572%<\/li>\n<li>Dimensions du colis : 12,7 cm L x 22,9 cm H x 2,54 cm P<\/li>\n<li>Dimensions du carton ma\u00eetre : 18,5\u201d x 6,5\u201d x 5,7\u201d<\/li>\n<li>Poids du carton ma\u00eetre : 4,85 lb<\/li>\n<li>Quantit\u00e9 de carton ma\u00eetre : 10<\/li>\n<\/ul>\n<p>Part# SPT-HSS2020<br \/>\nUPC 800807320079<br \/>\nPVP : $24,99 | Notre Prix : $19,99 | \u00c9conomisez : $5,00<\/p>","protected":false},"excerpt":{"rendered":"<p>PDSF : <s>$24.99<\/s><br \/>\nVous \u00e9conomisez $5,00 sur le prix de d\u00e9tail sugg\u00e9r\u00e9 par le fabricant !<\/p>\n<p>Support de casque \u00e0 chargement sans fil Spracht HSS-2020. Un support pour votre casque et chargeur sans fil pour votre t\u00e9l\u00e9phone. Mode 5W compatible avec tous les appareils compatibles avec le chargement sans fil. Chargez d'autres appareils, comme les \u00e9couteurs TW, qui permettent la charge par induction.<\/p>","protected":false},"featured_media":1552,"comment_status":"open","ping_status":"closed","template":"","meta":{"_kad_blocks_custom_css":"","_kad_blocks_head_custom_js":"","_kad_blocks_body_custom_js":"","_kad_blocks_footer_custom_js":"","_kad_post_transparent":"default","_kad_post_title":"","_kad_post_layout":"default","_kad_post_sidebar_id":"","_kad_post_content_style":"default","_kad_post_vertical_padding":"default","_kad_post_feature":"","_kad_post_feature_position":"","_kad_post_header":false,"_kad_post_footer":false,"_kad_post_classname":""},"product_brand":[],"product_cat":[37],"product_tag":[],"class_list":{"0":"post-1547","1":"product","2":"type-product","3":"status-publish","4":"has-post-thumbnail","6":"product_cat-desk-accessories","8":"first","9":"instock","10":"taxable","11":"shipping-taxable","12":"purchasable","13":"product-type-simple","14":"entry","15":"content-bg","16":"loop-entry"},"taxonomy_info":{"product_cat":[{"value":37,"label":"Desk Accessories"}]},"featured_image_src_large":["https:\/\/i0.wp.com\/spracht.com\/wp-content\/uploads\/2023\/07\/HSS-2020_4.jpg?fit=944%2C1024&ssl=1",944,1024,true],"author_info":[],"comment_info":7,"jetpack_sharing_enabled":true,"_links":{"self":[{"href":"https:\/\/spracht.com\/fr\/wp-json\/wp\/v2\/product\/1547","targetHints":{"allow":["GET"]}}],"collection":[{"href":"https:\/\/spracht.com\/fr\/wp-json\/wp\/v2\/product"}],"about":[{"href":"https:\/\/spracht.com\/fr\/wp-json\/wp\/v2\/types\/product"}],"replies":[{"embeddable":true,"href":"https:\/\/spracht.com\/fr\/wp-json\/wp\/v2\/comments?post=1547"}],"wp:featuredmedia":[{"embeddable":true,"href":"https:\/\/spracht.com\/fr\/wp-json\/wp\/v2\/media\/1552"}],"wp:attachment":[{"href":"https:\/\/spracht.com\/fr\/wp-json\/wp\/v2\/media?parent=1547"}],"wp:term":[{"taxonomy":"product_brand","embeddable":true,"href":"https:\/\/spracht.com\/fr\/wp-json\/wp\/v2\/product_brand?post=1547"},{"taxonomy":"product_cat","embeddable":true,"href":"https:\/\/spracht.com\/fr\/wp-json\/wp\/v2\/product_cat?post=1547"},{"taxonomy":"product_tag","embeddable":true,"href":"https:\/\/spracht.com\/fr\/wp-json\/wp\/v2\/product_tag?post=1547"}],"curies":[{"name":"wp","href":"https:\/\/api.w.org\/{rel}","templated":true}]}}