{"id":1541,"date":"2023-05-11T17:21:07","date_gmt":"2023-05-12T00:21:07","guid":{"rendered":"https:\/\/spracht.com\/?post_type=product&#038;p=1541"},"modified":"2026-03-20T12:06:41","modified_gmt":"2026-03-20T19:06:41","slug":"headset-stand","status":"publish","type":"product","link":"https:\/\/spracht.com\/fr\/shop\/headset-stand\/","title":{"rendered":"Support pour casque d'\u00e9coute"},"content":{"rendered":"<p><strong>Lorsque vous n'avez pas besoin de recharger mais que vous souhaitez tout de m\u00eame que votre espace soit organis\u00e9 et rang\u00e9.<\/strong><\/p>\n<ul>\n<li>L'alliage d'aluminium est \u00e9l\u00e9gant, conservera sa belle apparence et r\u00e9sistera aux rayures.<\/li>\n<li>Le support est suffisamment robuste pour supporter pratiquement n'importe quel casque que vous souhaitez y poser.<\/li>\n<\/ul>\n<p><strong>Sp\u00e9cifications<\/strong><\/p>\n<ul>\n<li>Mati\u00e8re : Alliage d'aluminium<\/li>\n<li>Poids : 6,4 oz (181 g)<\/li>\n<li>Dimensions : 4,25\u201d x 4,25\u201d x 9,9\u201d (108 x 108 x 252 mm)<\/li>\n<li>Dimensions du colis : 14 cm l x 26 cm H x 1,9 cm P<\/li>\n<li>Dimensions du carton ma\u00eetre : 21,3\u201d x 5,8\u201d x 4,1\u201d<\/li>\n<li>Poids du carton ma\u00eetre : 6,2 lb<\/li>\n<li>Quantit\u00e9 de carton ma\u00eetre : 10<\/li>\n<\/ul>\n<p>Part# SPT-HSS2010<br \/>\nUPC 800807320062<br \/>\nPDSF : $19,99 $ | Notre prix : $17,99 $ | Vous \u00e9conomisez : $2,00 $<\/p>","protected":false},"excerpt":{"rendered":"<p>PDSF : <s>$19.99<\/s><br \/>\nVous \u00e9conomisez $2,00 sur le prix de d\u00e9tail sugg\u00e9r\u00e9 par le fabricant !<\/p>\n<p>Support de Casque Spracht HSS-2010. L'alliage d'aluminium est \u00e9l\u00e9gant et r\u00e9siste aux rayures. Gardez votre bureau bien rang\u00e9 \u2013 Gardez votre casque sur le support. Assez robuste pour supporter pratiquement toutes les tailles de casque que vous souhaitez y poser.<\/p>","protected":false},"featured_media":1545,"comment_status":"open","ping_status":"closed","template":"","meta":{"_kad_blocks_custom_css":"","_kad_blocks_head_custom_js":"","_kad_blocks_body_custom_js":"","_kad_blocks_footer_custom_js":"","_kad_post_transparent":"default","_kad_post_title":"","_kad_post_layout":"default","_kad_post_sidebar_id":"","_kad_post_content_style":"default","_kad_post_vertical_padding":"default","_kad_post_feature":"","_kad_post_feature_position":"","_kad_post_header":false,"_kad_post_footer":false,"_kad_post_classname":""},"product_brand":[],"product_cat":[37],"product_tag":[],"class_list":{"0":"post-1541","1":"product","2":"type-product","3":"status-publish","4":"has-post-thumbnail","6":"product_cat-desk-accessories","8":"first","9":"outofstock","10":"taxable","11":"shipping-taxable","12":"purchasable","13":"product-type-simple","14":"entry","15":"content-bg","16":"loop-entry"},"taxonomy_info":{"product_cat":[{"value":37,"label":"Desk Accessories"}]},"featured_image_src_large":["https:\/\/i0.wp.com\/spracht.com\/wp-content\/uploads\/2023\/07\/HSS-2010_4.jpg?fit=944%2C1024&ssl=1",944,1024,true],"author_info":[],"comment_info":25,"jetpack_sharing_enabled":true,"_links":{"self":[{"href":"https:\/\/spracht.com\/fr\/wp-json\/wp\/v2\/product\/1541","targetHints":{"allow":["GET"]}}],"collection":[{"href":"https:\/\/spracht.com\/fr\/wp-json\/wp\/v2\/product"}],"about":[{"href":"https:\/\/spracht.com\/fr\/wp-json\/wp\/v2\/types\/product"}],"replies":[{"embeddable":true,"href":"https:\/\/spracht.com\/fr\/wp-json\/wp\/v2\/comments?post=1541"}],"wp:featuredmedia":[{"embeddable":true,"href":"https:\/\/spracht.com\/fr\/wp-json\/wp\/v2\/media\/1545"}],"wp:attachment":[{"href":"https:\/\/spracht.com\/fr\/wp-json\/wp\/v2\/media?parent=1541"}],"wp:term":[{"taxonomy":"product_brand","embeddable":true,"href":"https:\/\/spracht.com\/fr\/wp-json\/wp\/v2\/product_brand?post=1541"},{"taxonomy":"product_cat","embeddable":true,"href":"https:\/\/spracht.com\/fr\/wp-json\/wp\/v2\/product_cat?post=1541"},{"taxonomy":"product_tag","embeddable":true,"href":"https:\/\/spracht.com\/fr\/wp-json\/wp\/v2\/product_tag?post=1541"}],"curies":[{"name":"wp","href":"https:\/\/api.w.org\/{rel}","templated":true}]}}