{"id":1521,"date":"2023-05-11T16:54:11","date_gmt":"2023-05-11T23:54:11","guid":{"rendered":"https:\/\/spracht.com\/?post_type=product&#038;p=1521"},"modified":"2025-10-27T01:16:13","modified_gmt":"2025-10-27T08:16:13","slug":"ehs-cables-electronic-hook-switch-2004","status":"publish","type":"product","link":"https:\/\/spracht.com\/fr\/shop\/ehs-cables-electronic-hook-switch-2004\/","title":{"rendered":"C\u00e2bles EHS (Commutateur \u00c9lectronique de Crochet 2004)"},"content":{"rendered":"<p><strong>C\u00e2bles EHS (Electronic Hook Switch)<\/strong><\/p>\n<p>Appels mains libres, d\u00e9crochez et raccrochez vos appels \u00e0 distance<\/p>\n<p>Pour utilisation avec les casques DECT Z\u016bM Maestro* HS-2018, HS-2019 et HS-2020<br \/>\n*Fonctionne aussi avec certains casques DECT pour t\u00e9l\u00e9phone de bureau Jabra<\/p>\n<p><strong>Mod\u00e8le<\/strong>:<\/p>\n<ul>\n<li>T\u00e9l\u00e9phones DHSG<\/li>\n<li>Aastra(14)<\/li>\n<li>Hanlong(1)<\/li>\n<li>Siemens(4)<\/li>\n<li>Tiptel(2)<\/li>\n<\/ul>\n<p>Part# SPT-EHS2004<br \/>\nUPC 800807350038<br \/>\nPDSF : $69,99 | Notre prix : $47,99 | Vous \u00e9conomisez : $22,00<\/p>","protected":false},"excerpt":{"rendered":"<p>PDSF : <s>$69.99<\/s><br \/>\nVous \u00e9conomisez $22,00 sur le Prix de Vente Conseill\u00e9 par le Fabricant !<\/p>\n<p>C\u00e2ble EHS Spracht EHS-2004 pour t\u00e9l\u00e9phones Aastra et Siemens. C\u00e2bles de commutation \u00e9lectronique (EHS). Appels mains libres, r\u00e9pondez et raccrochez \u00e0 distance depuis votre casque. T\u00e9l\u00e9phones : Aastra (14 mod\u00e8les), Hanlong (1), Siemens (4), Tiptel (2).<\/p>","protected":false},"featured_media":1522,"comment_status":"open","ping_status":"closed","template":"","meta":{"_kad_blocks_custom_css":"","_kad_blocks_head_custom_js":"","_kad_blocks_body_custom_js":"","_kad_blocks_footer_custom_js":"","_kad_post_transparent":"default","_kad_post_title":"","_kad_post_layout":"default","_kad_post_sidebar_id":"","_kad_post_content_style":"default","_kad_post_vertical_padding":"default","_kad_post_feature":"","_kad_post_feature_position":"","_kad_post_header":false,"_kad_post_footer":false,"_kad_post_classname":""},"product_brand":[],"product_cat":[37],"product_tag":[],"class_list":{"0":"post-1521","1":"product","2":"type-product","3":"status-publish","4":"has-post-thumbnail","6":"product_cat-desk-accessories","8":"first","9":"instock","10":"taxable","11":"shipping-taxable","12":"purchasable","13":"product-type-simple","14":"entry","15":"content-bg","16":"loop-entry"},"taxonomy_info":{"product_cat":[{"value":37,"label":"Desk Accessories"}]},"featured_image_src_large":["https:\/\/i0.wp.com\/spracht.com\/wp-content\/uploads\/2023\/07\/EHS2004_4032x3024.jpg?fit=944%2C1024&ssl=1",944,1024,true],"author_info":[],"comment_info":0,"jetpack_sharing_enabled":true,"_links":{"self":[{"href":"https:\/\/spracht.com\/fr\/wp-json\/wp\/v2\/product\/1521","targetHints":{"allow":["GET"]}}],"collection":[{"href":"https:\/\/spracht.com\/fr\/wp-json\/wp\/v2\/product"}],"about":[{"href":"https:\/\/spracht.com\/fr\/wp-json\/wp\/v2\/types\/product"}],"replies":[{"embeddable":true,"href":"https:\/\/spracht.com\/fr\/wp-json\/wp\/v2\/comments?post=1521"}],"wp:featuredmedia":[{"embeddable":true,"href":"https:\/\/spracht.com\/fr\/wp-json\/wp\/v2\/media\/1522"}],"wp:attachment":[{"href":"https:\/\/spracht.com\/fr\/wp-json\/wp\/v2\/media?parent=1521"}],"wp:term":[{"taxonomy":"product_brand","embeddable":true,"href":"https:\/\/spracht.com\/fr\/wp-json\/wp\/v2\/product_brand?post=1521"},{"taxonomy":"product_cat","embeddable":true,"href":"https:\/\/spracht.com\/fr\/wp-json\/wp\/v2\/product_cat?post=1521"},{"taxonomy":"product_tag","embeddable":true,"href":"https:\/\/spracht.com\/fr\/wp-json\/wp\/v2\/product_tag?post=1521"}],"curies":[{"name":"wp","href":"https:\/\/api.w.org\/{rel}","templated":true}]}}