{"id":1514,"date":"2023-07-11T16:47:07","date_gmt":"2023-07-11T23:47:07","guid":{"rendered":"https:\/\/spracht.com\/?post_type=product&#038;p=1514"},"modified":"2025-10-27T00:22:26","modified_gmt":"2025-10-27T07:22:26","slug":"zum-wd-usb2-headset-binaural","status":"publish","type":"product","link":"https:\/\/spracht.com\/fr\/shop\/zum-wd-usb2-headset-binaural\/","title":{"rendered":"Z\u016bM-WD-USB2\u2122 Casque Binaural"},"content":{"rendered":"<p><strong>Confort et Durabilit\u00e9 <\/strong><\/p>\n<p>Les larges coussinets d'oreille, recouverts de similicuir, garantissent confort et durabilit\u00e9. La perche du microphone est enti\u00e8rement flexible, vous pouvez donc l'ajuster pour un placement optimal. La perche pivote \u00e9galement, permettant de placer le microphone et le cordon \u00e0 droite ou \u00e0 gauche. Con\u00e7ues pour une utilisation intensive, les grandes chambres acoustiques des haut-parleurs couvrent confortablement la plupart des tailles d'oreilles.<\/p>\n<p>Le ZUM-WD-USB-2 offre une r\u00e9duction de bruit pour une utilisation dans des environnements bruyants. La t\u00e9l\u00e9commande int\u00e9gr\u00e9e sur le cordon du casque permet de r\u00e9gler le volume et de couper le son du haut-parleur et du microphone.<\/p>\n<p><strong>Caract\u00e9ristiques du casque binaural Z\u016bM-WD-USB2\u2122<\/strong><\/p>\n<ol>\n<li>Compatibilit\u00e9 : ordinateurs et portables PC\/Mac via USB pour Zoom, Microsoft Teams, Skype, Google Meet et autres applications VoIP.<\/li>\n<li>Conception structurelle durable, id\u00e9ale pour les situations d'utilisation intensive.<\/li>\n<li>Bras de microphone flexible pour des ajustements infinis.<\/li>\n<li>Haut-parleurs puissants de 40 mm pour un son de qualit\u00e9 sup\u00e9rieure<\/li>\n<li>Microphone antibruit<\/li>\n<li>La commande en ligne poss\u00e8de les fonctions Volume Haut\/Bas, Coupure du micro et Coupure du haut-parleur.<\/li>\n<\/ol>\n<p>Part# SPT-ZUMWDUSB2<br \/>\nUPC 800807320864<br \/>\nPDSF : $69,99 | Notre prix : $49,99 | Vous \u00e9conomisez : $20,00<\/p>","protected":false},"excerpt":{"rendered":"<p>PDSF : <s>$69.99<\/s><br \/>\nVous \u00e9conomisez $20.00 sur le prix de d\u00e9tail sugg\u00e9r\u00e9 par le fabricant !<\/p>\n<p>Casque Spracht ZUM-WD-USB-2\u2122. Casque USB filaire \u00e0 double oreillette pour softphone avec PC\/Mac pour Zoom, Teams et autres applications VoIP. Haut-parleurs puissants de 40 mm avec de grands coussinets en similicuir. Microphone antibruit avec bras de microphone flexible.<\/p>","protected":false},"featured_media":1519,"comment_status":"open","ping_status":"closed","template":"","meta":{"_kad_blocks_custom_css":"","_kad_blocks_head_custom_js":"","_kad_blocks_body_custom_js":"","_kad_blocks_footer_custom_js":"","_kad_post_transparent":"default","_kad_post_title":"","_kad_post_layout":"default","_kad_post_sidebar_id":"","_kad_post_content_style":"default","_kad_post_vertical_padding":"default","_kad_post_feature":"","_kad_post_feature_position":"","_kad_post_header":false,"_kad_post_footer":false,"_kad_post_classname":""},"product_brand":[],"product_cat":[36],"product_tag":[],"class_list":{"0":"post-1514","1":"product","2":"type-product","3":"status-publish","4":"has-post-thumbnail","6":"product_cat-corded-headsets","8":"first","9":"instock","10":"taxable","11":"shipping-taxable","12":"purchasable","13":"product-type-simple","14":"entry","15":"content-bg","16":"loop-entry"},"taxonomy_info":{"product_cat":[{"value":36,"label":"Corded Headsets"}]},"featured_image_src_large":["https:\/\/i0.wp.com\/spracht.com\/wp-content\/uploads\/2023\/07\/ZUM-WD-USB-2_5.jpg?fit=944%2C1024&ssl=1",944,1024,true],"author_info":[],"comment_info":0,"jetpack_sharing_enabled":true,"_links":{"self":[{"href":"https:\/\/spracht.com\/fr\/wp-json\/wp\/v2\/product\/1514","targetHints":{"allow":["GET"]}}],"collection":[{"href":"https:\/\/spracht.com\/fr\/wp-json\/wp\/v2\/product"}],"about":[{"href":"https:\/\/spracht.com\/fr\/wp-json\/wp\/v2\/types\/product"}],"replies":[{"embeddable":true,"href":"https:\/\/spracht.com\/fr\/wp-json\/wp\/v2\/comments?post=1514"}],"wp:featuredmedia":[{"embeddable":true,"href":"https:\/\/spracht.com\/fr\/wp-json\/wp\/v2\/media\/1519"}],"wp:attachment":[{"href":"https:\/\/spracht.com\/fr\/wp-json\/wp\/v2\/media?parent=1514"}],"wp:term":[{"taxonomy":"product_brand","embeddable":true,"href":"https:\/\/spracht.com\/fr\/wp-json\/wp\/v2\/product_brand?post=1514"},{"taxonomy":"product_cat","embeddable":true,"href":"https:\/\/spracht.com\/fr\/wp-json\/wp\/v2\/product_cat?post=1514"},{"taxonomy":"product_tag","embeddable":true,"href":"https:\/\/spracht.com\/fr\/wp-json\/wp\/v2\/product_tag?post=1514"}],"curies":[{"name":"wp","href":"https:\/\/api.w.org\/{rel}","templated":true}]}}