{"id":1507,"date":"2023-07-11T16:44:03","date_gmt":"2023-07-11T23:44:03","guid":{"rendered":"https:\/\/spracht.com\/?post_type=product&#038;p=1507"},"modified":"2026-04-28T07:48:05","modified_gmt":"2026-04-28T14:48:05","slug":"zum350-3-5mm-2-5mm-monaural-headset","status":"publish","type":"product","link":"https:\/\/spracht.com\/fr\/shop\/zum350-3-5mm-2-5mm-monaural-headset\/","title":{"rendered":"Z\u016bM350\u2122 Casque monaural 3.5mm &amp; 2.5mm"},"content":{"rendered":"<p><strong>Sortie audio st\u00e9r\u00e9o <\/strong><\/p>\n<p>Con\u00e7us sp\u00e9cifiquement pour les t\u00e9l\u00e9phones mobiles, les tablettes et les ordinateurs, ainsi que pour la vaste base install\u00e9e de combin\u00e9s de t\u00e9l\u00e9phones de bureau avec ports pour casques \u00e0 prise jack audio. Combin\u00e9s \u00e0 un microphone antibruit, ils offrent un son de haute qualit\u00e9. Le haut-parleur de 40 mm fournit une sortie sonore puissante. Des broches jack audio 3,5 mm et 2,5 mm sont incluses pour une compatibilit\u00e9 universelle.<\/p>\n<p><strong>Durable, facile \u00e0 utiliser et confortable <\/strong><\/p>\n<p>Arceau confortable et pliable avec perche de microphone flexible. Mat\u00e9riaux de qualit\u00e9 professionnelle, tels qu'un coussinet d'oreille en similicuir, pour la durabilit\u00e9 et le confort.<\/p>\n<p><strong>Fonctionnalit\u00e9s du casque monaural Z\u016bM350\u2122 3,5 mm et 2,5 mm<\/strong><\/p>\n<ol>\n<li>Compatibilit\u00e9 : Appareils avec un port audio jack 3,5 mm ou 2,5 mm : Ordinateurs (PC\/MAC), Smartphones et tablettes, iOS et Android. T\u00e9l\u00e9phones de bureau avec prise audio.<\/li>\n<li>Confortable et robuste, avec bandeau r\u00e9tractable.<\/li>\n<li>Haut-parleurs puissants \u00e0 large bande de 40 mm avec basses am\u00e9lior\u00e9es.<\/li>\n<li>Le casque binaural offre une sortie st\u00e9r\u00e9o compl\u00e8te plut\u00f4t que la sortie standard d'un casque t\u00e9l\u00e9phonique.<\/li>\n<li>Microphone antibruit.<\/li>\n<li>Versions monophoniques et binaurales disponibles.<\/li>\n<li>Bras de microphone flexible.<\/li>\n<\/ol>\n<p>Part# SPT-ZUM350M<br \/>\nUPC 800807320567<br \/>\nPDSF : $25,99 | Notre Prix : $24,99 | \u00c9conomies : $1,00<\/p>","protected":false},"excerpt":{"rendered":"<p>PDSF : <s>$25.99<\/s><br \/>\nVous \u00e9conomisez $1,00 par rapport au prix de d\u00e9tail sugg\u00e9r\u00e9 par le fabricant !<\/p>\n<p>Casque st\u00e9r\u00e9o Spracht Z\u016bM 350M\u2122 3.5mm et 2.5mm, Casque universel multim\u00e9dia 3.5\/2.5mm. Casque st\u00e9r\u00e9o monaural (une oreille). Pour t\u00e9l\u00e9phones mobiles, tablettes et ordinateurs, et combin\u00e9s de t\u00e9l\u00e9phones fixes avec ports pour casque audio. Microphone antibruit.<\/p>","protected":false},"featured_media":1512,"comment_status":"open","ping_status":"closed","template":"","meta":{"_kad_blocks_custom_css":"","_kad_blocks_head_custom_js":"","_kad_blocks_body_custom_js":"","_kad_blocks_footer_custom_js":"","_kad_post_transparent":"default","_kad_post_title":"","_kad_post_layout":"default","_kad_post_sidebar_id":"","_kad_post_content_style":"default","_kad_post_vertical_padding":"default","_kad_post_feature":"","_kad_post_feature_position":"","_kad_post_header":false,"_kad_post_footer":false,"_kad_post_classname":""},"product_brand":[],"product_cat":[36],"product_tag":[],"class_list":{"0":"post-1507","1":"product","2":"type-product","3":"status-publish","4":"has-post-thumbnail","6":"product_cat-corded-headsets","8":"first","9":"instock","10":"taxable","11":"shipping-taxable","12":"purchasable","13":"product-type-simple","14":"entry","15":"content-bg","16":"loop-entry"},"taxonomy_info":{"product_cat":[{"value":36,"label":"Corded Headsets"}]},"featured_image_src_large":["https:\/\/i0.wp.com\/spracht.com\/wp-content\/uploads\/2023\/07\/Zum350M_5.jpg?fit=944%2C1024&ssl=1",944,1024,true],"author_info":[],"comment_info":1,"jetpack_sharing_enabled":true,"_links":{"self":[{"href":"https:\/\/spracht.com\/fr\/wp-json\/wp\/v2\/product\/1507","targetHints":{"allow":["GET"]}}],"collection":[{"href":"https:\/\/spracht.com\/fr\/wp-json\/wp\/v2\/product"}],"about":[{"href":"https:\/\/spracht.com\/fr\/wp-json\/wp\/v2\/types\/product"}],"replies":[{"embeddable":true,"href":"https:\/\/spracht.com\/fr\/wp-json\/wp\/v2\/comments?post=1507"}],"wp:featuredmedia":[{"embeddable":true,"href":"https:\/\/spracht.com\/fr\/wp-json\/wp\/v2\/media\/1512"}],"wp:attachment":[{"href":"https:\/\/spracht.com\/fr\/wp-json\/wp\/v2\/media?parent=1507"}],"wp:term":[{"taxonomy":"product_brand","embeddable":true,"href":"https:\/\/spracht.com\/fr\/wp-json\/wp\/v2\/product_brand?post=1507"},{"taxonomy":"product_cat","embeddable":true,"href":"https:\/\/spracht.com\/fr\/wp-json\/wp\/v2\/product_cat?post=1507"},{"taxonomy":"product_tag","embeddable":true,"href":"https:\/\/spracht.com\/fr\/wp-json\/wp\/v2\/product_tag?post=1507"}],"curies":[{"name":"wp","href":"https:\/\/api.w.org\/{rel}","templated":true}]}}