{"id":1495,"date":"2023-07-11T16:15:40","date_gmt":"2023-07-11T23:15:40","guid":{"rendered":"https:\/\/spracht.com\/?post_type=product&#038;p=1495"},"modified":"2025-10-27T00:26:48","modified_gmt":"2025-10-27T07:26:48","slug":"hs-wd-usb-2-binaural-headset","status":"publish","type":"product","link":"https:\/\/spracht.com\/fr\/shop\/hs-wd-usb-2-binaural-headset\/","title":{"rendered":"HS-WD-USB-2\u2122 Casque binaural"},"content":{"rendered":"<p>Maintenant que vous \u00eates constamment sur Zoom et d'autres applications de conf\u00e9rence, vous connaissez l'importance d'un casque confortable et d'une qualit\u00e9 sonore exceptionnelle. Ces casques USB sont sp\u00e9cialement con\u00e7us pour le confort et une qualit\u00e9 audio sup\u00e9rieure.<\/p>\n<p>Les casques l\u00e9gers, monaural et binaural, sont dot\u00e9s de coussinets d'oreille en similicuir ultra doux et d'une perche rotative \u00e0 360\u00b0 vous permettant de placer le microphone et le cordon de chaque c\u00f4t\u00e9.<\/p>\n<p>Id\u00e9al pour les environnements bruyants, le microphone antibruit bloque jusqu'\u00e0 80% du bruit de fond pour un son clair pour vos interlocuteurs. Les haut-parleurs de 40 mm offrent un son de qualit\u00e9 sup\u00e9rieure.<\/p>\n<p>Compatibles avec les ordinateurs et ordinateurs portables PC\/Mac, ces casques sont id\u00e9aux pour les personnes qui passent beaucoup de temps sur les applications de conf\u00e9rence et les syst\u00e8mes t\u00e9l\u00e9phoniques VoIP Softphone.<\/p>\n<p><strong>Caract\u00e9ristiques du casque binaural HS-WD-USB-2\u2122<\/strong><\/p>\n<ol>\n<li>Compatibilit\u00e9 : Ordinateurs PC\/Mac et ordinateurs portables pour Softphone via USB pour Zoom, Skype\u2122, Skype for Business, 3CX et autres applications de conf\u00e9rence et VoIP.<\/li>\n<li>Protection int\u00e9gr\u00e9e de type disjoncteur contre les pics de volume soudains du haut-parleur.<\/li>\n<li>Coussinets d'oreille recouverts de similicuir doux et confortables.<\/li>\n<li>Le bras du microphone pivote sur 360 degr\u00e9s, permettant de positionner le microphone et le cordon \u00e0 gauche ou \u00e0 droite.<\/li>\n<li>Haut-parleurs puissants de 40 mm et traitement num\u00e9rique du signal pour un son de qualit\u00e9 sup\u00e9rieure.<\/li>\n<li>Microphone \u00e0 r\u00e9duction de bruit, jusqu'\u00e0 80% de bruit ambiant.<\/li>\n<li>Volume, sourdine et commandes de connexion pratiques sur le cordon.<\/li>\n<\/ol>\n<p>Part# SPT-HSWDUSB2<br \/>\nUPC 800807320840<br \/>\nPDSF : $112,99 | Notre prix : $99,99 | \u00c9conomie : $20,00<\/p>","protected":false},"excerpt":{"rendered":"<p>PDSF : <s>$112.99<\/s><br \/>\nVous \u00e9conomisez $20.00 sur le prix de d\u00e9tail sugg\u00e9r\u00e9 par le fabricant !<\/p>\n<p>Casque Spracht HS-WD-USB-2\u2122, casques USB double oreille pour softphone pour PC\/Mac. Filaire. Microphone \u00e0 r\u00e9duction de bruit. Le bras du microphone pivote \u00e0 360\u00b0, de sorte que le micro et le c\u00e2ble peuvent \u00eatre positionn\u00e9s sur le c\u00f4t\u00e9 gauche ou droit. Coussinets d'oreille confortables recouverts de similicuir.<\/p>","protected":false},"featured_media":1497,"comment_status":"open","ping_status":"closed","template":"","meta":{"_kad_blocks_custom_css":"","_kad_blocks_head_custom_js":"","_kad_blocks_body_custom_js":"","_kad_blocks_footer_custom_js":"","_kad_post_transparent":"default","_kad_post_title":"","_kad_post_layout":"default","_kad_post_sidebar_id":"","_kad_post_content_style":"default","_kad_post_vertical_padding":"default","_kad_post_feature":"","_kad_post_feature_position":"","_kad_post_header":false,"_kad_post_footer":false,"_kad_post_classname":""},"product_brand":[],"product_cat":[36],"product_tag":[],"class_list":{"0":"post-1495","1":"product","2":"type-product","3":"status-publish","4":"has-post-thumbnail","6":"product_cat-corded-headsets","8":"first","9":"instock","10":"taxable","11":"shipping-taxable","12":"purchasable","13":"product-type-simple","14":"entry","15":"content-bg","16":"loop-entry"},"taxonomy_info":{"product_cat":[{"value":36,"label":"Corded Headsets"}]},"featured_image_src_large":["https:\/\/i0.wp.com\/spracht.com\/wp-content\/uploads\/2023\/07\/HS-WD-USB-2_2.jpg?fit=944%2C1024&ssl=1",944,1024,true],"author_info":[],"comment_info":0,"jetpack_sharing_enabled":true,"_links":{"self":[{"href":"https:\/\/spracht.com\/fr\/wp-json\/wp\/v2\/product\/1495","targetHints":{"allow":["GET"]}}],"collection":[{"href":"https:\/\/spracht.com\/fr\/wp-json\/wp\/v2\/product"}],"about":[{"href":"https:\/\/spracht.com\/fr\/wp-json\/wp\/v2\/types\/product"}],"replies":[{"embeddable":true,"href":"https:\/\/spracht.com\/fr\/wp-json\/wp\/v2\/comments?post=1495"}],"wp:featuredmedia":[{"embeddable":true,"href":"https:\/\/spracht.com\/fr\/wp-json\/wp\/v2\/media\/1497"}],"wp:attachment":[{"href":"https:\/\/spracht.com\/fr\/wp-json\/wp\/v2\/media?parent=1495"}],"wp:term":[{"taxonomy":"product_brand","embeddable":true,"href":"https:\/\/spracht.com\/fr\/wp-json\/wp\/v2\/product_brand?post=1495"},{"taxonomy":"product_cat","embeddable":true,"href":"https:\/\/spracht.com\/fr\/wp-json\/wp\/v2\/product_cat?post=1495"},{"taxonomy":"product_tag","embeddable":true,"href":"https:\/\/spracht.com\/fr\/wp-json\/wp\/v2\/product_tag?post=1495"}],"curies":[{"name":"wp","href":"https:\/\/api.w.org\/{rel}","templated":true}]}}