{"id":1483,"date":"2023-07-11T16:05:30","date_gmt":"2023-07-11T23:05:30","guid":{"rendered":"https:\/\/spracht.com\/?post_type=product&#038;p=1483"},"modified":"2026-03-23T04:54:14","modified_gmt":"2026-03-23T11:54:14","slug":"zum-3500-headset-binaural","status":"publish","type":"product","link":"https:\/\/spracht.com\/fr\/shop\/zum-3500-headset-binaural\/","title":{"rendered":"Z\u016bM 3500\u2122 Headset Binaural"},"content":{"rendered":"<p><strong>Sortie audio st\u00e9r\u00e9o<\/strong><\/p>\n<p>Con\u00e7us pour une utilisation intensive. Les haut-parleurs st\u00e9r\u00e9o \u00e0 large bande de 40 mm avec basses am\u00e9lior\u00e9es d\u00e9livrent une excellente qualit\u00e9 sonore. Combin\u00e9s \u00e0 un microphone antibruit, ils offrent un son de haute qualit\u00e9. Compatibilit\u00e9 Plug-and-Play pour tous les syst\u00e8mes Windows, Mac et Linux, aucun logiciel ou pilote sp\u00e9cial n'est donc n\u00e9cessaire. Branchez-les et ils sont pr\u00eats \u00e0 l'emploi.<\/p>\n<p><strong>Durable, facile \u00e0 utiliser et confortable <\/strong><\/p>\n<p>Bandeau serre-t\u00eate confortable et pliable avec perche de microphone r\u00e9glable. La commande en ligne comprend une fonction de sourdine ainsi qu'un contr\u00f4le du volume. Mat\u00e9riaux de qualit\u00e9 professionnelle pour la durabilit\u00e9 et le confort.<\/p>\n<p><strong>Fonctionnalit\u00e9s du casque binaural Z\u016bM 3500\u2122<\/strong><\/p>\n<ol>\n<li>Compatibilit\u00e9 : Ordinateurs, PC\/MAC, via USB ; Smartphones et tablettes, iOS et Android, via une prise jack 3,5 mm. Non compatible avec les t\u00e9l\u00e9phones de bureau.<\/li>\n<li>Pr\u00eat \u00e0 l'emploi, sans pilotes.<\/li>\n<li>Haut-parleurs puissants \u00e0 large bande de 40 mm avec basses am\u00e9lior\u00e9es.<\/li>\n<li>Sortie st\u00e9r\u00e9o compl\u00e8te plut\u00f4t que binaurale standard d'un casque t\u00e9l\u00e9phonique.<\/li>\n<li>Microphone antibruit.<\/li>\n<li>Skype\u2122 et autres applications VoIP compatibles ; non compatible avec Skype Entreprise (Lync).<\/li>\n<\/ol>\n<p>Part# SPT-ZUM3500<br \/>\nUPC 800807320239<br \/>\nMSRP : $59.99 | Notre prix : $49.99 | Vous \u00e9conomisez : $10.00<\/p>","protected":false},"excerpt":{"rendered":"<p>PDSF : <s>$59.99<\/s><br \/>\nVous \u00e9conomisez $10,00 sur le prix de d\u00e9tail sugg\u00e9r\u00e9 par le fabricant !<\/p>\n<p>Casque st\u00e9r\u00e9o Spracht Z\u016bM 3500\u2122 avec prise jack 3,5 mm et USB. Connecteur jack 3,5 mm et adaptateur USB pour ordinateurs\/smartphones\/tablettes. Double \u00e9couteur avec sortie st\u00e9r\u00e9o compl\u00e8te. Microphone antibruit. Compatible Zoom, Teams, Skype, non compatible avec Skype for Business (Lync).<\/p>","protected":false},"featured_media":1489,"comment_status":"open","ping_status":"closed","template":"","meta":{"_kad_blocks_custom_css":"","_kad_blocks_head_custom_js":"","_kad_blocks_body_custom_js":"","_kad_blocks_footer_custom_js":"","_kad_post_transparent":"default","_kad_post_title":"","_kad_post_layout":"default","_kad_post_sidebar_id":"","_kad_post_content_style":"default","_kad_post_vertical_padding":"default","_kad_post_feature":"","_kad_post_feature_position":"","_kad_post_header":false,"_kad_post_footer":false,"_kad_post_classname":""},"product_brand":[],"product_cat":[36],"product_tag":[],"class_list":{"0":"post-1483","1":"product","2":"type-product","3":"status-publish","4":"has-post-thumbnail","6":"product_cat-corded-headsets","8":"first","9":"instock","10":"taxable","11":"shipping-taxable","12":"purchasable","13":"product-type-simple","14":"entry","15":"content-bg","16":"loop-entry"},"taxonomy_info":{"product_cat":[{"value":36,"label":"Corded Headsets"}]},"featured_image_src_large":["https:\/\/i0.wp.com\/spracht.com\/wp-content\/uploads\/2023\/07\/Zum3500_6.jpg?fit=944%2C1024&ssl=1",944,1024,true],"author_info":[],"comment_info":104,"jetpack_sharing_enabled":true,"_links":{"self":[{"href":"https:\/\/spracht.com\/fr\/wp-json\/wp\/v2\/product\/1483","targetHints":{"allow":["GET"]}}],"collection":[{"href":"https:\/\/spracht.com\/fr\/wp-json\/wp\/v2\/product"}],"about":[{"href":"https:\/\/spracht.com\/fr\/wp-json\/wp\/v2\/types\/product"}],"replies":[{"embeddable":true,"href":"https:\/\/spracht.com\/fr\/wp-json\/wp\/v2\/comments?post=1483"}],"wp:featuredmedia":[{"embeddable":true,"href":"https:\/\/spracht.com\/fr\/wp-json\/wp\/v2\/media\/1489"}],"wp:attachment":[{"href":"https:\/\/spracht.com\/fr\/wp-json\/wp\/v2\/media?parent=1483"}],"wp:term":[{"taxonomy":"product_brand","embeddable":true,"href":"https:\/\/spracht.com\/fr\/wp-json\/wp\/v2\/product_brand?post=1483"},{"taxonomy":"product_cat","embeddable":true,"href":"https:\/\/spracht.com\/fr\/wp-json\/wp\/v2\/product_cat?post=1483"},{"taxonomy":"product_tag","embeddable":true,"href":"https:\/\/spracht.com\/fr\/wp-json\/wp\/v2\/product_tag?post=1483"}],"curies":[{"name":"wp","href":"https:\/\/api.w.org\/{rel}","templated":true}]}}