{"id":1469,"date":"2023-07-11T15:57:13","date_gmt":"2023-07-11T22:57:13","guid":{"rendered":"https:\/\/spracht.com\/?post_type=product&#038;p=1469"},"modified":"2026-04-02T08:29:07","modified_gmt":"2026-04-02T15:29:07","slug":"zum-rj9-headset-binaural","status":"publish","type":"product","link":"https:\/\/spracht.com\/fr\/shop\/zum-rj9-headset-binaural\/","title":{"rendered":"Casque Z\u016bM RJ9\u2122 Binaural"},"content":{"rendered":"<p><strong>Con\u00e7u pour les t\u00e9l\u00e9phones avec port casque RJ9<\/strong><\/p>\n<p>Un casque filaire facile \u00e0 utiliser qui se branche directement sur votre t\u00e9l\u00e9phone. Avec un microphone antibruit robuste qui filtre 90% du bruit ambiant, votre voix sera la seule chose qu'ils entendront. La fr\u00e9quence audio large bande rendra \u00e9galement votre voix plus naturelle. La perche du microphone sur la version Monaural pivote \u00e0 300\u00b0, vous pouvez donc porter le casque sur l'une ou l'autre oreille.<\/p>\n<p><strong>Durable, facile \u00e0 utiliser et confortable <\/strong><\/p>\n<p>Le coussinet d'oreille confortable en cuir et en mousse offre durabilit\u00e9 et confort. Vous \u00eates automatiquement prot\u00e9g\u00e9 contre les augmentations soudaines du volume.<\/p>\n<p><strong>Caract\u00e9ristiques du casque Z\u016bM RJ9\u2122 Binaural<\/strong><\/p>\n<ol>\n<li>Compatibilit\u00e9 : t\u00e9l\u00e9phones de bureau. Pas pour les ordinateurs. Pas pour les smartphones ou tablettes.<\/li>\n<li>Confortable et robuste, avec coussinets d'oreille en cuir\/mousse.<\/li>\n<li>Cordon intelligent en ligne pour se connecter \u00e0 de nombreux mod\u00e8les de t\u00e9l\u00e9phones.<\/li>\n<li>Le microphone antibruit filtre 90% du bruit ambiant.<\/li>\n<li>Audio \u00e0 large bande pour une voix plus naturelle.<\/li>\n<li>La perche du microphone pivote sur 300\u00b0 sur la version Monaural pour permettre le port sur l'une ou l'autre oreille.<\/li>\n<li>Compatible avec de nombreux t\u00e9l\u00e9phones diff\u00e9rents utilisant le port de casque RJ-9 \u2013 voir au dos.<\/li>\n<\/ol>\n<p>Part# SPT-ZUMRJ9B<br \/>\nUPC 800807320628<br \/>\nMSRP : $59.99 | Notre prix : $49.99 | Vous \u00e9conomisez : $10.00<\/p>","protected":false},"excerpt":{"rendered":"<p>PDSF : <s>$59.99<\/s><br \/>\nVous \u00e9conomisez $10,00 sur le prix de d\u00e9tail sugg\u00e9r\u00e9 par le fabricant !<\/p>\n<p>Casque Spracht Z\u016bM RJ9B\u2122. Casque universel pour t\u00e9l\u00e9phone de bureau. Casque filaire binaural. Microphone antibruit. Perche de microphone rotative \u00e0 300\u00b0. Compatible avec Cisco, Phillips, Yealink, Avaya, Huawei, Snom, Akuvox, Grandstream, Sangoma, NEC, Polycom, Panasonic.<\/p>","protected":false},"featured_media":1474,"comment_status":"open","ping_status":"closed","template":"","meta":{"_kad_blocks_custom_css":"","_kad_blocks_head_custom_js":"","_kad_blocks_body_custom_js":"","_kad_blocks_footer_custom_js":"","_kad_post_transparent":"default","_kad_post_title":"","_kad_post_layout":"default","_kad_post_sidebar_id":"","_kad_post_content_style":"default","_kad_post_vertical_padding":"default","_kad_post_feature":"","_kad_post_feature_position":"","_kad_post_header":false,"_kad_post_footer":false,"_kad_post_classname":""},"product_brand":[],"product_cat":[36],"product_tag":[],"class_list":{"0":"post-1469","1":"product","2":"type-product","3":"status-publish","4":"has-post-thumbnail","6":"product_cat-corded-headsets","8":"first","9":"instock","10":"taxable","11":"shipping-taxable","12":"purchasable","13":"product-type-simple","14":"entry","15":"content-bg","16":"loop-entry"},"taxonomy_info":{"product_cat":[{"value":36,"label":"Corded Headsets"}]},"featured_image_src_large":["https:\/\/i0.wp.com\/spracht.com\/wp-content\/uploads\/2023\/07\/ZumRJ9B_5.jpg?fit=944%2C1024&ssl=1",944,1024,true],"author_info":[],"comment_info":0,"jetpack_sharing_enabled":true,"_links":{"self":[{"href":"https:\/\/spracht.com\/fr\/wp-json\/wp\/v2\/product\/1469","targetHints":{"allow":["GET"]}}],"collection":[{"href":"https:\/\/spracht.com\/fr\/wp-json\/wp\/v2\/product"}],"about":[{"href":"https:\/\/spracht.com\/fr\/wp-json\/wp\/v2\/types\/product"}],"replies":[{"embeddable":true,"href":"https:\/\/spracht.com\/fr\/wp-json\/wp\/v2\/comments?post=1469"}],"wp:featuredmedia":[{"embeddable":true,"href":"https:\/\/spracht.com\/fr\/wp-json\/wp\/v2\/media\/1474"}],"wp:attachment":[{"href":"https:\/\/spracht.com\/fr\/wp-json\/wp\/v2\/media?parent=1469"}],"wp:term":[{"taxonomy":"product_brand","embeddable":true,"href":"https:\/\/spracht.com\/fr\/wp-json\/wp\/v2\/product_brand?post=1469"},{"taxonomy":"product_cat","embeddable":true,"href":"https:\/\/spracht.com\/fr\/wp-json\/wp\/v2\/product_cat?post=1469"},{"taxonomy":"product_tag","embeddable":true,"href":"https:\/\/spracht.com\/fr\/wp-json\/wp\/v2\/product_tag?post=1469"}],"curies":[{"name":"wp","href":"https:\/\/api.w.org\/{rel}","templated":true}]}}