{"id":1462,"date":"2023-07-11T15:20:00","date_gmt":"2023-07-11T22:20:00","guid":{"rendered":"https:\/\/spracht.com\/?post_type=product&#038;p=1462"},"modified":"2025-10-27T00:38:02","modified_gmt":"2025-10-27T07:38:02","slug":"zum-maestro-usb-dect-monaural-headset","status":"publish","type":"product","link":"https:\/\/spracht.com\/fr\/shop\/zum-maestro-usb-dect-monaural-headset\/","title":{"rendered":"Casque monaural DECT USB Z\u016bM Maestro\u2122"},"content":{"rendered":"<p>Avez-vous besoin de prendre des notes ou de consulter des fichiers sur votre ordinateur lors d'un appel Skype ou d'autres appels VoIP\u00a0? Bonne nouvelle\u00a0: vous pouvez r\u00e9pondre et raccrocher directement depuis votre micro-casque. Vous pouvez \u00e9galement couper et r\u00e9activer le microphone. L'\u00e9co-DECT garantit une consommation d'\u00e9nergie minimale, r\u00e9duisant ainsi les \u00e9missions du micro-casque. Vous appr\u00e9cierez vraiment le son limpide et la qualit\u00e9 vocale. Le microphone \u00e0 r\u00e9duction de bruit filtre les bruits ambiants pour que vous vous fassiez entendre aussi bien que vous entendez.<\/p>\n<p><strong>Fonctionnalit\u00e9s du casque DECT monaural USB Z\u016bM Maestro\u2122<\/strong><\/p>\n<ol>\n<li>Compatibilit\u00e9 : ordinateurs et ordinateurs portables PC et Mac. Pas pour smartphones. Pas pour t\u00e9l\u00e9phones fixes.<\/li>\n<li>Temps de charge de la batterie : 20% de charge en moins de 20 minutes. 50% de charge en moins de 45 minutes. Charge compl\u00e8te en moins de 3 heures.<\/li>\n<li>Dur\u00e9e de conservation de la batterie : la batterie du casque conserve sa charge pendant 6 mois lorsqu'il est \u00e9teint, avant qu'une recharge ne soit n\u00e9cessaire.<\/li>\n<li>Autonomie en conversation : Jusqu'\u00e0 8 heures.<\/li>\n<li>Autonomie de la batterie : Minimum 1000 cycles de charge.<\/li>\n<li>Autonomie en veille de la batterie : Au moins 36 heures.<\/li>\n<li>Eco-DECT signifie des exigences de puissance plus faibles et moins d'\u00e9missions.<\/li>\n<li>Connexion USB de la base \u00e0 l'ordinateur (PC\/MAC).<\/li>\n<\/ol>\n<p>Part# SPT-HS3010<br \/>\nUPC 800807320406<br \/>\nPDSF : $229,99 | Notre Prix : $199,99 | Vous \u00c9conomisez : $30,00<\/p>","protected":false},"excerpt":{"rendered":"<p>PDSF : <s>$229.99<\/s><br \/>\nVous \u00e9conomisez $30,00 sur le prix de d\u00e9tail sugg\u00e9r\u00e9 par le fabricant !<\/p>\n<p>Casque DECT USB\u2122 Spracht HS-3010 Zum Maestro. Casque sans fil pour softphone via USB, PC\/Mac, pour Zoom, Teams, autres applications VoIP. Station de charge. Oreille unique. Port\u00e9e DECT jusqu'\u00e0 100 m\u00e8tres. Autonomie en conversation jusqu'\u00e0 8 heures. Eco-DECT signifie consommation d'\u00e9nergie minimale.<\/p>","protected":false},"featured_media":1467,"comment_status":"open","ping_status":"closed","template":"","meta":{"_kad_blocks_custom_css":"","_kad_blocks_head_custom_js":"","_kad_blocks_body_custom_js":"","_kad_blocks_footer_custom_js":"","_kad_post_transparent":"default","_kad_post_title":"","_kad_post_layout":"default","_kad_post_sidebar_id":"","_kad_post_content_style":"default","_kad_post_vertical_padding":"default","_kad_post_feature":"","_kad_post_feature_position":"","_kad_post_header":false,"_kad_post_footer":false,"_kad_post_classname":""},"product_brand":[],"product_cat":[34],"product_tag":[],"class_list":{"0":"post-1462","1":"product","2":"type-product","3":"status-publish","4":"has-post-thumbnail","6":"product_cat-wireless-headsets-dect","8":"first","9":"instock","10":"taxable","11":"shipping-taxable","12":"purchasable","13":"product-type-simple","14":"entry","15":"content-bg","16":"loop-entry"},"taxonomy_info":{"product_cat":[{"value":34,"label":"Wireless Headsets DECT"}]},"featured_image_src_large":["https:\/\/i0.wp.com\/spracht.com\/wp-content\/uploads\/2023\/07\/HS3010_5.jpg?fit=944%2C1024&ssl=1",944,1024,true],"author_info":[],"comment_info":1,"jetpack_sharing_enabled":true,"_links":{"self":[{"href":"https:\/\/spracht.com\/fr\/wp-json\/wp\/v2\/product\/1462","targetHints":{"allow":["GET"]}}],"collection":[{"href":"https:\/\/spracht.com\/fr\/wp-json\/wp\/v2\/product"}],"about":[{"href":"https:\/\/spracht.com\/fr\/wp-json\/wp\/v2\/types\/product"}],"replies":[{"embeddable":true,"href":"https:\/\/spracht.com\/fr\/wp-json\/wp\/v2\/comments?post=1462"}],"wp:featuredmedia":[{"embeddable":true,"href":"https:\/\/spracht.com\/fr\/wp-json\/wp\/v2\/media\/1467"}],"wp:attachment":[{"href":"https:\/\/spracht.com\/fr\/wp-json\/wp\/v2\/media?parent=1462"}],"wp:term":[{"taxonomy":"product_brand","embeddable":true,"href":"https:\/\/spracht.com\/fr\/wp-json\/wp\/v2\/product_brand?post=1462"},{"taxonomy":"product_cat","embeddable":true,"href":"https:\/\/spracht.com\/fr\/wp-json\/wp\/v2\/product_cat?post=1462"},{"taxonomy":"product_tag","embeddable":true,"href":"https:\/\/spracht.com\/fr\/wp-json\/wp\/v2\/product_tag?post=1462"}],"curies":[{"name":"wp","href":"https:\/\/api.w.org\/{rel}","templated":true}]}}