{"id":1459,"date":"2023-07-11T15:15:22","date_gmt":"2023-07-11T22:15:22","guid":{"rendered":"https:\/\/spracht.com\/?post_type=product&#038;p=1459"},"modified":"2026-03-20T13:48:55","modified_gmt":"2026-03-20T20:48:55","slug":"zum-maestro-combo-usb-dect-headset-monaural","status":"publish","type":"product","link":"https:\/\/spracht.com\/fr\/shop\/zum-maestro-combo-usb-dect-headset-monaural\/","title":{"rendered":"Casque Z\u016bM Maestro Combo USB\/DECT\u2122 Monaural"},"content":{"rendered":"<p>Ne restez pas assis! Vous devez bouger. Prenez cette tasse de caf\u00e9 tout en parlant. R\u00e9pondez et raccrochez les appels lorsque vous \u00eates loin de votre bureau \u00e9galement (en ajoutant un d\u00e9crocheur de combin\u00e9 \u00e0 distance ou un c\u00e2ble de commutation \u00e9lectronique EHS). Plug and Play, et le DECT \u00c9co r\u00e9duit les \u00e9missions. Vous appr\u00e9cierez vraiment le son d'une clart\u00e9 cristalline et la qualit\u00e9 de la voix. Microphone antibruit pour \u00e9liminer le bruit ambiant afin que vous soyez entendu aussi bien que vous entendez.<\/p>\n<p>Le style de port confortable du serre-t\u00eate, avec un coussinet d'oreille en similicuir extra-large, est id\u00e9al pour ceux qui passent beaucoup de temps au t\u00e9l\u00e9phone.<\/p>\n<p><strong>Caract\u00e9ristiques du casque monophonique Z\u016bM Maestro Combo USB\/DECT\u2122<\/strong><\/p>\n<ol>\n<li>Compatibilit\u00e9 : Pour t\u00e9l\u00e9phone de bureau universel, port de casque RJ9 ; Softphone avec ordinateurs Windows et Mac. Ne convient pas aux smartphones.<\/li>\n<li>Port\u00e9e sans fil jusqu'\u00e0 350 pieds.<\/li>\n<li>Bouton multifonction pour r\u00e9pondre\/terminer les appels sur le casque ou vous pouvez le d\u00e9tacher\/remettre sur la station de base.<\/li>\n<li>Utilisez plusieurs casques dans la m\u00eame zone sans qu'ils n'interf\u00e8rent les uns avec les autres.<\/li>\n<li>Indicateurs audio : Des tonalit\u00e9s vous alertent des appels entrants, d'une batterie faible, du niveau de volume, de la mise en sourdine du microphone et d'autres fonctions.<\/li>\n<li>Qualit\u00e9 sonore : r\u00e9duction du bruit DSP ; annulation de l'\u00e9cho ; contr\u00f4le des tonalit\u00e9s ; audio bande large et bande \u00e9troite.<\/li>\n<li>Le contr\u00f4le du volume et la mise en sourdine du microphone peuvent tous deux \u00eatre ajust\u00e9s sur le casque.<\/li>\n<li>L'Eco-DECT ajuste la puissance de transmission dynamiquement en fonction de la distance de la station de base.<\/li>\n<\/ol>\n<p>Part# SPT-HS2020<br \/>\nUPC 800807320468<br \/>\nPDSF : $269,99 $ | Notre prix : $229,99 $ | \u00c9conomisez : $40,00 $<\/p>","protected":false},"excerpt":{"rendered":"<p>PDSF : <s>$269.99<\/s><br \/>\nVous \u00e9conomisez $40,00 sur le prix de d\u00e9tail sugg\u00e9r\u00e9 par le fabricant !<\/p>\n<p>Casque Spracht HS-2020 Z\u016bM Maestro Combo USB\/DECT\u2122. Casque sans fil pour t\u00e9l\u00e9phones de bureau et softphones. Port\u00e9e jusqu'\u00e0 106 m. Oreille unique. Base de recharge. \u00c9loignez-vous de votre bureau pendant les appels t\u00e9l\u00e9phoniques. Utilisez-le \u00e9galement avec votre PC\/Mac pour les applications VoIP, comme Zoom, Teams.<\/p>","protected":false},"featured_media":1461,"comment_status":"open","ping_status":"closed","template":"","meta":{"_kad_blocks_custom_css":"","_kad_blocks_head_custom_js":"","_kad_blocks_body_custom_js":"","_kad_blocks_footer_custom_js":"","_kad_post_transparent":"default","_kad_post_title":"","_kad_post_layout":"default","_kad_post_sidebar_id":"","_kad_post_content_style":"default","_kad_post_vertical_padding":"default","_kad_post_feature":"","_kad_post_feature_position":"","_kad_post_header":false,"_kad_post_footer":false,"_kad_post_classname":""},"product_brand":[],"product_cat":[34],"product_tag":[],"class_list":{"0":"post-1459","1":"product","2":"type-product","3":"status-publish","4":"has-post-thumbnail","6":"product_cat-wireless-headsets-dect","8":"first","9":"instock","10":"taxable","11":"shipping-taxable","12":"purchasable","13":"product-type-simple","14":"entry","15":"content-bg","16":"loop-entry"},"taxonomy_info":{"product_cat":[{"value":34,"label":"Wireless Headsets DECT"}]},"featured_image_src_large":["https:\/\/i0.wp.com\/spracht.com\/wp-content\/uploads\/2023\/07\/HS-2020_4.jpg?fit=944%2C1024&ssl=1",944,1024,true],"author_info":[],"comment_info":4,"jetpack_sharing_enabled":true,"_links":{"self":[{"href":"https:\/\/spracht.com\/fr\/wp-json\/wp\/v2\/product\/1459","targetHints":{"allow":["GET"]}}],"collection":[{"href":"https:\/\/spracht.com\/fr\/wp-json\/wp\/v2\/product"}],"about":[{"href":"https:\/\/spracht.com\/fr\/wp-json\/wp\/v2\/types\/product"}],"replies":[{"embeddable":true,"href":"https:\/\/spracht.com\/fr\/wp-json\/wp\/v2\/comments?post=1459"}],"wp:featuredmedia":[{"embeddable":true,"href":"https:\/\/spracht.com\/fr\/wp-json\/wp\/v2\/media\/1461"}],"wp:attachment":[{"href":"https:\/\/spracht.com\/fr\/wp-json\/wp\/v2\/media?parent=1459"}],"wp:term":[{"taxonomy":"product_brand","embeddable":true,"href":"https:\/\/spracht.com\/fr\/wp-json\/wp\/v2\/product_brand?post=1459"},{"taxonomy":"product_cat","embeddable":true,"href":"https:\/\/spracht.com\/fr\/wp-json\/wp\/v2\/product_cat?post=1459"},{"taxonomy":"product_tag","embeddable":true,"href":"https:\/\/spracht.com\/fr\/wp-json\/wp\/v2\/product_tag?post=1459"}],"curies":[{"name":"wp","href":"https:\/\/api.w.org\/{rel}","templated":true}]}}