{"id":1452,"date":"2023-07-11T15:12:03","date_gmt":"2023-07-11T22:12:03","guid":{"rendered":"https:\/\/spracht.com\/?post_type=product&#038;p=1452"},"modified":"2026-04-23T05:00:03","modified_gmt":"2026-04-23T12:00:03","slug":"encrypted-wireless-zum-maestro-dect-binaural-headset","status":"publish","type":"product","link":"https:\/\/spracht.com\/fr\/shop\/encrypted-wireless-zum-maestro-dect-binaural-headset\/","title":{"rendered":"Casque binaural sans fil crypt\u00e9 Z\u016bM Maestro DECT\u2122"},"content":{"rendered":"<p>Ne restez pas assis l\u00e0 ! Vous devez bouger. Prenez cette tasse de caf\u00e9 tout en parlant. R\u00e9pondez et raccrochez des appels lorsque vous \u00eates loin de votre bureau en ajoutant un releveur d'\u00e9couteur sans fil crypt\u00e9 ou un c\u00e2ble de commutation \u00e9lectronique (EHS). L'Eco-DECT r\u00e9duit \u00e9galement les \u00e9missions. Vous appr\u00e9cierez vraiment le son cristallin et la qualit\u00e9 vocale. Le microphone antibruit filtre les bruits ambiants pour que vous soyez entendu aussi bien que vous entendez.<\/p>\n<p>Le style de port confortable avec bandeau, dot\u00e9 de coussinets d'oreille en similicuir extra larges, est id\u00e9al pour ceux qui passent beaucoup de temps au t\u00e9l\u00e9phone. Les casques monaural (une oreille) et binaural (deux oreilles) sont disponibles.<\/p>\n<p><strong>Caract\u00e9ristiques du casque binaural Z\u016bM Maestro DECT\u2122<\/strong><\/p>\n<ol>\n<li>Compatibilit\u00e9 : T\u00e9l\u00e9phones de bureau uniquement. Pas pour les smartphones. Pas pour les ordinateurs.<\/li>\n<li>Port\u00e9e sans fil jusqu'\u00e0 350 pieds.<\/li>\n<li>Bouton multifonction pour r\u00e9pondre\/terminer les appels sur le casque ou vous pouvez le d\u00e9tacher\/remettre sur la station de base.<\/li>\n<li>Utilisez plusieurs casques dans la m\u00eame zone sans qu'ils n'interf\u00e8rent les uns avec les autres.<\/li>\n<li>Indicateurs audio : Des tonalit\u00e9s vous alertent des appels entrants, d'une batterie faible, du niveau de volume, de la mise en sourdine du microphone et d'autres fonctions.<\/li>\n<li>Qualit\u00e9 sonore : r\u00e9duction du bruit DSP ; annulation de l'\u00e9cho ; contr\u00f4le des tonalit\u00e9s ; audio bande large et bande \u00e9troite.<\/li>\n<li>Le contr\u00f4le du volume et la mise en sourdine du microphone peuvent tous deux \u00eatre ajust\u00e9s sur le casque.<\/li>\n<li>Eco-DECT signifie des exigences de puissance plus faibles et moins d'\u00e9missions.<\/li>\n<\/ol>\n<p>Part# SPT-HS2019<br \/>\nUPC 800807320321<br \/>\nPrix de d\u00e9tail sugg\u00e9r\u00e9 : $239,99 $ | Notre prix : $219,99 $ | \u00c9conomisez : $20,00 $<\/p>","protected":false},"excerpt":{"rendered":"<p>PDSF : <s>$239.99<\/s><br \/>\nVous \u00e9conomisez $20.00 sur le prix de d\u00e9tail sugg\u00e9r\u00e9 par le fabricant !<\/p>\n<p><strong>Binaural sans fil haute s\u00e9curit\u00e9<\/strong>: Prot\u00e9gez les conversations sensibles avec le Z\u016bM Maestro DECT\u2122 HS-2019. Ce casque binaural est con\u00e7u pour les environnements qui exigent une concentration \u00e9lev\u00e9e <strong>confidentialit\u00e9 audio maximale et exposition r\u00e9seau nulle<\/strong>. Contrairement aux casques Bluetooth, le HS-2019 utilise une fr\u00e9quence DECT isol\u00e9e qui n'interf\u00e8re pas avec votre r\u00e9seau local, le cloud ou les appareils mobiles.<\/p>","protected":false},"featured_media":1457,"comment_status":"open","ping_status":"closed","template":"","meta":{"_kad_blocks_custom_css":"","_kad_blocks_head_custom_js":"","_kad_blocks_body_custom_js":"","_kad_blocks_footer_custom_js":"","_kad_post_transparent":"default","_kad_post_title":"","_kad_post_layout":"default","_kad_post_sidebar_id":"","_kad_post_content_style":"default","_kad_post_vertical_padding":"default","_kad_post_feature":"","_kad_post_feature_position":"","_kad_post_header":false,"_kad_post_footer":false,"_kad_post_classname":""},"product_brand":[],"product_cat":[60,34],"product_tag":[69,68,70,62,65,67],"class_list":{"0":"post-1452","1":"product","2":"type-product","3":"status-publish","4":"has-post-thumbnail","6":"product_cat-secure-audio","7":"product_cat-wireless-headsets-dect","8":"product_tag-encrypted-wireless","9":"product_tag-healthcare","10":"product_tag-hipaa-compliant","11":"product_tag-no-bluetooth","12":"product_tag-secure-audio","13":"product_tag-secure-dect-headset","15":"first","16":"instock","17":"taxable","18":"shipping-taxable","19":"purchasable","20":"product-type-simple","21":"entry","22":"content-bg","23":"loop-entry"},"taxonomy_info":{"product_cat":[{"value":60,"label":"Secure Audio"},{"value":34,"label":"Wireless Headsets DECT"}],"product_tag":[{"value":69,"label":"Encrypted Wireless"},{"value":68,"label":"Healthcare"},{"value":70,"label":"HIPAA Compliant"},{"value":62,"label":"No Bluetooth"},{"value":65,"label":"Secure Audio"},{"value":67,"label":"Secure DECT Headset"}]},"featured_image_src_large":["https:\/\/i0.wp.com\/spracht.com\/wp-content\/uploads\/2023\/07\/HS-2019_5.jpg?fit=944%2C1024&ssl=1",944,1024,true],"author_info":[],"comment_info":0,"jetpack_sharing_enabled":true,"_links":{"self":[{"href":"https:\/\/spracht.com\/fr\/wp-json\/wp\/v2\/product\/1452","targetHints":{"allow":["GET"]}}],"collection":[{"href":"https:\/\/spracht.com\/fr\/wp-json\/wp\/v2\/product"}],"about":[{"href":"https:\/\/spracht.com\/fr\/wp-json\/wp\/v2\/types\/product"}],"replies":[{"embeddable":true,"href":"https:\/\/spracht.com\/fr\/wp-json\/wp\/v2\/comments?post=1452"}],"wp:featuredmedia":[{"embeddable":true,"href":"https:\/\/spracht.com\/fr\/wp-json\/wp\/v2\/media\/1457"}],"wp:attachment":[{"href":"https:\/\/spracht.com\/fr\/wp-json\/wp\/v2\/media?parent=1452"}],"wp:term":[{"taxonomy":"product_brand","embeddable":true,"href":"https:\/\/spracht.com\/fr\/wp-json\/wp\/v2\/product_brand?post=1452"},{"taxonomy":"product_cat","embeddable":true,"href":"https:\/\/spracht.com\/fr\/wp-json\/wp\/v2\/product_cat?post=1452"},{"taxonomy":"product_tag","embeddable":true,"href":"https:\/\/spracht.com\/fr\/wp-json\/wp\/v2\/product_tag?post=1452"}],"curies":[{"name":"wp","href":"https:\/\/api.w.org\/{rel}","templated":true}]}}