{"id":1438,"date":"2023-07-11T15:00:57","date_gmt":"2023-07-11T22:00:57","guid":{"rendered":"https:\/\/spracht.com\/?post_type=product&#038;p=1438"},"modified":"2025-10-27T00:43:15","modified_gmt":"2025-10-27T07:43:15","slug":"zum-maestro-bt-wireless-headset-monaural","status":"publish","type":"product","link":"https:\/\/spracht.com\/fr\/shop\/zum-maestro-bt-wireless-headset-monaural\/","title":{"rendered":"Casque sans fil Z\u016bM Maestro BT\u2122 Monaural"},"content":{"rendered":"<p>Un casque performant pour vous garder connect\u00e9 ! Vous pourrez r\u00e9pondre \u00e0 vos appels avec n'importe quel appareil Bluetooth\u00ae, comme votre smartphone ou votre ordinateur portable, gr\u00e2ce \u00e0 ce casque confortable, l\u00e9ger et de haute qualit\u00e9. Vous b\u00e9n\u00e9ficierez de jusqu'\u00e0 21 heures d'autonomie en conversation sur une seule charge, et vous appr\u00e9cierez vraiment le son cristallin et la qualit\u00e9 vocale. Le microphone antibruit filtre les bruits ambiants afin que vous soyez aussi bien entendu que vous entendiez.<\/p>\n<p><strong>Fonctionnalit\u00e9s du casque sans fil monophonique Z\u016bM Maestro BT\u2122<\/strong><\/p>\n<ol>\n<li>Compatibilit\u00e9 : Pour smartphones, tablettes, ordinateurs portables. Pas pour les t\u00e9l\u00e9phones de bureau.<\/li>\n<li>Son : R\u00e9duction du bruit du microphone, annulation d'\u00e9cho de sixi\u00e8me g\u00e9n\u00e9ration, contr\u00f4le de tonalit\u00e9.<\/li>\n<li>Chargement : Le Z\u016bM Maestro BT\u2122 se recharge lorsqu'il est dans sa station d'accueil.<\/li>\n<li>La protection auditive avanc\u00e9e coupe les volumes sonores soudains.<\/li>\n<li>Temps de veille : 500 heures.<\/li>\n<li>Distance : jusqu'\u00e0 33\u2019 (10m).<\/li>\n<li>Temps de conversation : 21 heures \u00e0 partir d'une batterie de 300 mAh.<\/li>\n<\/ol>\n<p>Part# SPT-HS2050<br \/>\n800807320345<br \/>\nPRIX CONSEILL\u00c9 : $119,99 | Notre Prix : $99,99 | Vous \u00c9conomisez : $20,00<\/p>","protected":false},"excerpt":{"rendered":"<p>PDSF : <s>$119.99<\/s><br \/>\nVous \u00e9conomisez $20.00 sur le prix de d\u00e9tail sugg\u00e9r\u00e9 par le fabricant !<\/p>\n<p>Casque et station de base Spracht HS-2050 Z\u016bM Maestro BT\u2122. Casque Bluetooth\u00ae sans fil avec microphone antibruit. Oreille unique. R\u00e9pondez aux appels avec n'importe quel appareil Bluetooth\u00ae, tel que votre smartphone ou votre ordinateur portable. Station de recharge. Port\u00e9e de 10 m\u00e8tres. Autonomie en conversation de 21 heures.<\/p>","protected":false},"featured_media":1444,"comment_status":"open","ping_status":"closed","template":"","meta":{"_kad_blocks_custom_css":"","_kad_blocks_head_custom_js":"","_kad_blocks_body_custom_js":"","_kad_blocks_footer_custom_js":"","_kad_post_transparent":"default","_kad_post_title":"","_kad_post_layout":"default","_kad_post_sidebar_id":"","_kad_post_content_style":"default","_kad_post_vertical_padding":"default","_kad_post_feature":"","_kad_post_feature_position":"","_kad_post_header":false,"_kad_post_footer":false,"_kad_post_classname":""},"product_brand":[],"product_cat":[35],"product_tag":[],"class_list":{"0":"post-1438","1":"product","2":"type-product","3":"status-publish","4":"has-post-thumbnail","6":"product_cat-wireless-headsets-bluetooth","8":"first","9":"instock","10":"taxable","11":"shipping-taxable","12":"purchasable","13":"product-type-simple","14":"entry","15":"content-bg","16":"loop-entry"},"taxonomy_info":{"product_cat":[{"value":35,"label":"Wireless Headsets Bluetooth"}]},"featured_image_src_large":["https:\/\/i0.wp.com\/spracht.com\/wp-content\/uploads\/2023\/07\/HS-2050_6.jpg?fit=944%2C1024&ssl=1",944,1024,true],"author_info":[],"comment_info":1,"jetpack_sharing_enabled":true,"_links":{"self":[{"href":"https:\/\/spracht.com\/fr\/wp-json\/wp\/v2\/product\/1438","targetHints":{"allow":["GET"]}}],"collection":[{"href":"https:\/\/spracht.com\/fr\/wp-json\/wp\/v2\/product"}],"about":[{"href":"https:\/\/spracht.com\/fr\/wp-json\/wp\/v2\/types\/product"}],"replies":[{"embeddable":true,"href":"https:\/\/spracht.com\/fr\/wp-json\/wp\/v2\/comments?post=1438"}],"wp:featuredmedia":[{"embeddable":true,"href":"https:\/\/spracht.com\/fr\/wp-json\/wp\/v2\/media\/1444"}],"wp:attachment":[{"href":"https:\/\/spracht.com\/fr\/wp-json\/wp\/v2\/media?parent=1438"}],"wp:term":[{"taxonomy":"product_brand","embeddable":true,"href":"https:\/\/spracht.com\/fr\/wp-json\/wp\/v2\/product_brand?post=1438"},{"taxonomy":"product_cat","embeddable":true,"href":"https:\/\/spracht.com\/fr\/wp-json\/wp\/v2\/product_cat?post=1438"},{"taxonomy":"product_tag","embeddable":true,"href":"https:\/\/spracht.com\/fr\/wp-json\/wp\/v2\/product_tag?post=1438"}],"curies":[{"name":"wp","href":"https:\/\/api.w.org\/{rel}","templated":true}]}}