{"id":1424,"date":"2023-07-11T14:48:03","date_gmt":"2023-07-11T21:48:03","guid":{"rendered":"https:\/\/spracht.com\/?post_type=product&#038;p=1424"},"modified":"2025-10-27T00:46:21","modified_gmt":"2025-10-27T07:46:21","slug":"zum-prestige-binaural-headset","status":"publish","type":"product","link":"https:\/\/spracht.com\/fr\/shop\/zum-prestige-binaural-headset\/","title":{"rendered":"Casque binaural Z\u016bM Prestige\u2122"},"content":{"rendered":"<p>Un casque performant pour rester connect\u00e9 ! Prenez vos appels sur n'importe quel appareil Bluetooth\u00ae, comme votre smartphone ou votre ordinateur portable, gr\u00e2ce \u00e0 ce casque binaural confortable, l\u00e9ger et de haute qualit\u00e9. Jusqu'\u00e0 10 heures d'autonomie en conversation sur une seule charge, avec une clart\u00e9 sonore et vocale exceptionnelle. Le microphone antibruit filtre le bruit ambiant pour que vous soyez aussi bien entendu que vous puissiez entendre.<\/p>\n<p>Connectez votre Z\u016bm Prestige Combo\u2122 \u00e0 votre PC\/Mac \u00e0 l'aide du dongle USB pour les appels Softphone avec Skype ou d'autres applications de conf\u00e9rence.<\/p>\n<p>Dans un environnement de bureau d\u00e9cloisonn\u00e9 ? Utilisez Z\u016bm BT Prestige\u2122 ou Z\u016bm Prestige Combo\u2122 pour \u00e9couter de la musique afin de vous concentrer sur ce que vous faites au lieu d'entendre ceux qui vous entourent.<\/p>\n<p><strong>Caract\u00e9ristiques du casque binaural Z\u016bM Prestige\u2122<\/strong><\/p>\n<ol>\n<li>Compatibilit\u00e9 : Pour smartphones, tablettes, ordinateurs portables. Pas pour les t\u00e9l\u00e9phones fixes (sauf s'ils sont compatibles Bluetooth\u00ae).<\/li>\n<li>Microphone \u00e0 r\u00e9duction de bruit unidirectionnelle.<\/li>\n<li>L'anneau indicateur \u00e0 LED sur le casque indique aux autres lorsque vous \u00eates en communication.<\/li>\n<li>Z\u016bM BT Prestige\u2122 se recharge lorsqu'il est connect\u00e9 \u00e0 sa base, ou vous pouvez brancher votre casque \u00e0 n'importe quelle source de chargement USB \u00e0 l'aide du c\u00e2ble micro-USB fourni.<\/li>\n<li>\u00c9coutez de la musique depuis votre appareil jumel\u00e9 lorsque vous n'\u00eates pas en communication.<\/li>\n<li>Temps de conversation : 10 heures \u00e0 partir d'une batterie de 3,7 V, 300 mAh. Autonomie en veille : 240 heures.<\/li>\n<\/ol>\n<p>Part# SPT-ZUMBTP400<br \/>\nUPC 800807320697<br \/>\nPRIX SUGG\u00c9R\u00c9 PAR LE FABRICANT : $169,99 | Notre Prix : $139,99 | \u00c9conomie : $30,00<\/p>","protected":false},"excerpt":{"rendered":"<p>PDSF : <s>$169.99<\/s><br \/>\nVous \u00e9conomisez $30,00 sur le prix de d\u00e9tail sugg\u00e9r\u00e9 par le fabricant !<\/p>\n<p>Casque Bluetooth\u00ae Spracht Z\u016bM BT Prestige\u2122, Casque sans fil professionnel avec station de base. Pour smartphones, tablettes, ordinateurs portables. Double \u00e9couteur. Microphone antibruit. Anneau lumineux \u00e0 LED sur le casque pour indiquer lorsque vous \u00eates en communication. Autonomie en conversation : 10 heures.<\/p>","protected":false},"featured_media":1430,"comment_status":"open","ping_status":"closed","template":"","meta":{"_kad_blocks_custom_css":"","_kad_blocks_head_custom_js":"","_kad_blocks_body_custom_js":"","_kad_blocks_footer_custom_js":"","_kad_post_transparent":"default","_kad_post_title":"","_kad_post_layout":"default","_kad_post_sidebar_id":"","_kad_post_content_style":"default","_kad_post_vertical_padding":"default","_kad_post_feature":"","_kad_post_feature_position":"","_kad_post_header":false,"_kad_post_footer":false,"_kad_post_classname":""},"product_brand":[],"product_cat":[35],"product_tag":[],"class_list":{"0":"post-1424","1":"product","2":"type-product","3":"status-publish","4":"has-post-thumbnail","6":"product_cat-wireless-headsets-bluetooth","8":"first","9":"instock","10":"taxable","11":"shipping-taxable","12":"purchasable","13":"product-type-simple","14":"entry","15":"content-bg","16":"loop-entry"},"taxonomy_info":{"product_cat":[{"value":35,"label":"Wireless Headsets Bluetooth"}]},"featured_image_src_large":["https:\/\/i0.wp.com\/spracht.com\/wp-content\/uploads\/2023\/07\/ZumBTP-400_6.jpg?fit=944%2C1024&ssl=1",944,1024,true],"author_info":[],"comment_info":0,"jetpack_sharing_enabled":true,"_links":{"self":[{"href":"https:\/\/spracht.com\/fr\/wp-json\/wp\/v2\/product\/1424","targetHints":{"allow":["GET"]}}],"collection":[{"href":"https:\/\/spracht.com\/fr\/wp-json\/wp\/v2\/product"}],"about":[{"href":"https:\/\/spracht.com\/fr\/wp-json\/wp\/v2\/types\/product"}],"replies":[{"embeddable":true,"href":"https:\/\/spracht.com\/fr\/wp-json\/wp\/v2\/comments?post=1424"}],"wp:featuredmedia":[{"embeddable":true,"href":"https:\/\/spracht.com\/fr\/wp-json\/wp\/v2\/media\/1430"}],"wp:attachment":[{"href":"https:\/\/spracht.com\/fr\/wp-json\/wp\/v2\/media?parent=1424"}],"wp:term":[{"taxonomy":"product_brand","embeddable":true,"href":"https:\/\/spracht.com\/fr\/wp-json\/wp\/v2\/product_brand?post=1424"},{"taxonomy":"product_cat","embeddable":true,"href":"https:\/\/spracht.com\/fr\/wp-json\/wp\/v2\/product_cat?post=1424"},{"taxonomy":"product_tag","embeddable":true,"href":"https:\/\/spracht.com\/fr\/wp-json\/wp\/v2\/product_tag?post=1424"}],"curies":[{"name":"wp","href":"https:\/\/api.w.org\/{rel}","templated":true}]}}