{"id":1416,"date":"2023-07-08T10:33:26","date_gmt":"2023-07-08T17:33:26","guid":{"rendered":"https:\/\/spracht.com\/?post_type=product&#038;p=1416"},"modified":"2026-04-28T14:15:14","modified_gmt":"2026-04-28T21:15:14","slug":"zum-bt-wireless-headset-monaural","status":"publish","type":"product","link":"https:\/\/spracht.com\/fr\/shop\/zum-bt-wireless-headset-monaural\/","title":{"rendered":"ZuM BT\u2122 Wireless Headset Monaural"},"content":{"rendered":"<p>Un casque performant pour vous garder connect\u00e9 ! Vous pourrez r\u00e9pondre \u00e0 vos appels avec n'importe quel appareil Bluetooth\u00ae, comme votre smartphone ou votre ordinateur portable, gr\u00e2ce \u00e0 ce casque confortable, l\u00e9ger et de haute qualit\u00e9. Vous aurez jusqu'\u00e0 12 heures d'autonomie en conversation sur une seule charge, et vous appr\u00e9cierez vraiment la clart\u00e9 du son et la qualit\u00e9 vocale. Le microphone antibruit \u00e9limine le bruit ambiant afin que vous soyez aussi bien entendu que vous entendez.<\/p>\n<p><strong>Caract\u00e9ristiques du casque sans fil ZuM BT\u2122<\/strong><\/p>\n<ol>\n<li>Compatibilit\u00e9 : Pour smartphones, tablettes, ordinateurs portables. Pas pour les t\u00e9l\u00e9phones fixes (sauf s'ils sont compatibles Bluetooth\u00ae).<\/li>\n<li>La perche du micro pivote \u00e0 300\u00b0, vous permettant de la porter de chaque c\u00f4t\u00e9.<\/li>\n<li>Le bras du micro est enti\u00e8rement flexible, vous pouvez donc l'ajuster de la mani\u00e8re qui vous convient le mieux.<\/li>\n<li>Son : Microphone \u00e0 r\u00e9duction de bruit unidirectionnel.<\/li>\n<li>Chargement : le ZuM BT\u2122 se charge lorsqu'il est plac\u00e9 dans sa station d'accueil.<\/li>\n<li>Bluetooth\u00ae version V4.1.<\/li>\n<li>Temps d'attente : 200 heures.<\/li>\n<li>Distance : jusqu'\u00e0 33\u2019 (10m).<\/li>\n<li>Temps de conversation : 17 heures avec une batterie de 3,7 V et 180 mAh.<\/li>\n<\/ol>\n<p><iframe src=\"https:\/\/www.youtube.com\/embed\/tUjfUvJSQlo\" width=\"854\" height=\"480\" frameborder=\"0\" allowfullscreen=\"allowfullscreen\"><\/iframe><\/p>\n<p>Part# SPT-ZUMBT<br \/>\nUPC 800807320642<br \/>\nPDSF : $69,99 | Notre prix : $59,99 | \u00c9conomisez : $10,00<\/p>","protected":false},"excerpt":{"rendered":"<p>PDSF : <s>$69.99<\/s><br \/>\nVous \u00e9conomisez $10,00 sur le prix de d\u00e9tail sugg\u00e9r\u00e9 par le fabricant !<\/p>\n<p>Casque de bureau mobile Spracht Z\u016bM BT\u2122, casque sans fil Bluetooth\u00ae avec station d'accueil. Pour smartphones, tablettes, ordinateurs portables. Oreille unique. Station de charge.<\/p>","protected":false},"featured_media":1420,"comment_status":"open","ping_status":"closed","template":"","meta":{"_kad_blocks_custom_css":"","_kad_blocks_head_custom_js":"","_kad_blocks_body_custom_js":"","_kad_blocks_footer_custom_js":"","_kad_post_transparent":"default","_kad_post_title":"","_kad_post_layout":"default","_kad_post_sidebar_id":"","_kad_post_content_style":"default","_kad_post_vertical_padding":"default","_kad_post_feature":"","_kad_post_feature_position":"","_kad_post_header":false,"_kad_post_footer":false,"_kad_post_classname":""},"product_brand":[],"product_cat":[35],"product_tag":[],"class_list":{"0":"post-1416","1":"product","2":"type-product","3":"status-publish","4":"has-post-thumbnail","6":"product_cat-wireless-headsets-bluetooth","8":"first","9":"instock","10":"taxable","11":"shipping-taxable","12":"purchasable","13":"product-type-simple","14":"entry","15":"content-bg","16":"loop-entry"},"taxonomy_info":{"product_cat":[{"value":35,"label":"Wireless Headsets Bluetooth"}]},"featured_image_src_large":["https:\/\/i0.wp.com\/spracht.com\/wp-content\/uploads\/2023\/07\/ZumBT_5.jpg?fit=944%2C1024&ssl=1",944,1024,true],"author_info":[],"comment_info":14696,"jetpack_sharing_enabled":true,"_links":{"self":[{"href":"https:\/\/spracht.com\/fr\/wp-json\/wp\/v2\/product\/1416","targetHints":{"allow":["GET"]}}],"collection":[{"href":"https:\/\/spracht.com\/fr\/wp-json\/wp\/v2\/product"}],"about":[{"href":"https:\/\/spracht.com\/fr\/wp-json\/wp\/v2\/types\/product"}],"replies":[{"embeddable":true,"href":"https:\/\/spracht.com\/fr\/wp-json\/wp\/v2\/comments?post=1416"}],"wp:featuredmedia":[{"embeddable":true,"href":"https:\/\/spracht.com\/fr\/wp-json\/wp\/v2\/media\/1420"}],"wp:attachment":[{"href":"https:\/\/spracht.com\/fr\/wp-json\/wp\/v2\/media?parent=1416"}],"wp:term":[{"taxonomy":"product_brand","embeddable":true,"href":"https:\/\/spracht.com\/fr\/wp-json\/wp\/v2\/product_brand?post=1416"},{"taxonomy":"product_cat","embeddable":true,"href":"https:\/\/spracht.com\/fr\/wp-json\/wp\/v2\/product_cat?post=1416"},{"taxonomy":"product_tag","embeddable":true,"href":"https:\/\/spracht.com\/fr\/wp-json\/wp\/v2\/product_tag?post=1416"}],"curies":[{"name":"wp","href":"https:\/\/api.w.org\/{rel}","templated":true}]}}