{"id":1409,"date":"2023-07-08T10:27:40","date_gmt":"2023-07-08T17:27:40","guid":{"rendered":"https:\/\/spracht.com\/?post_type=product&#038;p=1409"},"modified":"2026-03-20T12:41:34","modified_gmt":"2026-03-20T19:41:34","slug":"zum-maestro-usb-bt-combo-headset-monaural","status":"publish","type":"product","link":"https:\/\/spracht.com\/fr\/shop\/zum-maestro-usb-bt-combo-headset-monaural\/","title":{"rendered":"Casque ZuM Maestro USB\/BT Combo\u2122 Monaural"},"content":{"rendered":"<p>Le meilleur atout du casque Z\u016bm Maestro USB\/BT Combo\u2122 est sa double utilisation : Softphone via USB pour les applications VoIP sur votre ordinateur PC\/Mac, et Bluetooth\u00ae pour l'appairage avec votre t\u00e9l\u00e9phone ou tablette (iOS ou Android) ou votre ordinateur (Mac\/PC). Et si vous avez un t\u00e9l\u00e9phone de bureau avec fonction Bluetooth\u00ae, il fonctionnera m\u00eame avec celui-ci ! Quelle que soit votre utilisation, la base dispose de la connectivit\u00e9 n\u00e9cessaire pour que votre casque soit toujours sans fil. L'arceau confortable avec coussinets d'oreille en similicuir extra-larges est id\u00e9al pour ceux qui portent un casque pendant longtemps.<\/p>\n<p><strong>Caract\u00e9ristiques du casque combin\u00e9 USB\/BT ZuM Maestro\u2122<\/strong><\/p>\n<ol>\n<li>Compatibilit\u00e9 : USB pour Softphone Mac\/PC. Smartphones et tablettes, iOS et Android. Ordinateur de bureau<\/li>\n<li>T\u00e9l\u00e9phones avec capacit\u00e9 Bluetooth\u00ae.<\/li>\n<li>Bluetooth\u00ae Version V4.1, r\u00e9trocompatible. Port\u00e9e : jusqu'\u00e0 10 m (33 pi) de la base.<\/li>\n<li>La connexion USB \u00e0 l'ordinateur permet de passer des appels VoIP, comme Skype\u2122 ou Skype Entreprise (Lync\u2122), ou d'autres applications VoIP.<\/li>\n<li>Microphone actif \u00e0 r\u00e9duction de bruit DSP.<\/li>\n<li>Qualit\u00e9 sonore : r\u00e9duction du bruit DSP ; annulation de l'\u00e9cho ; contr\u00f4le des tonalit\u00e9s ; audio bande large et bande \u00e9troite.<\/li>\n<li>Jusqu'\u00e0 12 heures de conversation, au moins 300 heures en veille. Se recharge lorsqu'il est connect\u00e9 au port USB ou sur sa base.<\/li>\n<li>Le contr\u00f4le du volume et la mise en sourdine du microphone peuvent tous deux \u00eatre ajust\u00e9s sur le casque.<\/li>\n<\/ol>\n<p>Part# SPT-HS2060<br \/>\nCode UPC 800807320437<br \/>\nPDSF : $129,99 | Notre prix : $99,99 | Vous \u00e9conomisez : $30,00<\/p>","protected":false},"excerpt":{"rendered":"<p>PDSF : <s>$129.99<\/s><br \/>\nVous \u00e9conomisez $30,00 sur le prix de d\u00e9tail sugg\u00e9r\u00e9 par le fabricant !<\/p>\n<p>Casque Spracht HS-2060 Zum Maestro Combo\u2122 USB\/BT. Bluetooth sans fil ; Softphone via USB, PC\/Mac, pour applications VoIP. Base de recharge. Oreille unique.<\/p>","protected":false},"featured_media":1415,"comment_status":"open","ping_status":"closed","template":"","meta":{"_kad_blocks_custom_css":"","_kad_blocks_head_custom_js":"","_kad_blocks_body_custom_js":"","_kad_blocks_footer_custom_js":"","_kad_post_transparent":"default","_kad_post_title":"","_kad_post_layout":"default","_kad_post_sidebar_id":"","_kad_post_content_style":"default","_kad_post_vertical_padding":"default","_kad_post_feature":"","_kad_post_feature_position":"","_kad_post_header":false,"_kad_post_footer":false,"_kad_post_classname":""},"product_brand":[],"product_cat":[35],"product_tag":[],"class_list":{"0":"post-1409","1":"product","2":"type-product","3":"status-publish","4":"has-post-thumbnail","6":"product_cat-wireless-headsets-bluetooth","8":"first","9":"instock","10":"taxable","11":"shipping-taxable","12":"purchasable","13":"product-type-simple","14":"entry","15":"content-bg","16":"loop-entry"},"taxonomy_info":{"product_cat":[{"value":35,"label":"Wireless Headsets Bluetooth"}]},"featured_image_src_large":["https:\/\/i0.wp.com\/spracht.com\/wp-content\/uploads\/2023\/07\/HS-2060_6.jpg?fit=944%2C1024&ssl=1",944,1024,true],"author_info":[],"comment_info":1,"jetpack_sharing_enabled":true,"_links":{"self":[{"href":"https:\/\/spracht.com\/fr\/wp-json\/wp\/v2\/product\/1409","targetHints":{"allow":["GET"]}}],"collection":[{"href":"https:\/\/spracht.com\/fr\/wp-json\/wp\/v2\/product"}],"about":[{"href":"https:\/\/spracht.com\/fr\/wp-json\/wp\/v2\/types\/product"}],"replies":[{"embeddable":true,"href":"https:\/\/spracht.com\/fr\/wp-json\/wp\/v2\/comments?post=1409"}],"wp:featuredmedia":[{"embeddable":true,"href":"https:\/\/spracht.com\/fr\/wp-json\/wp\/v2\/media\/1415"}],"wp:attachment":[{"href":"https:\/\/spracht.com\/fr\/wp-json\/wp\/v2\/media?parent=1409"}],"wp:term":[{"taxonomy":"product_brand","embeddable":true,"href":"https:\/\/spracht.com\/fr\/wp-json\/wp\/v2\/product_brand?post=1409"},{"taxonomy":"product_cat","embeddable":true,"href":"https:\/\/spracht.com\/fr\/wp-json\/wp\/v2\/product_cat?post=1409"},{"taxonomy":"product_tag","embeddable":true,"href":"https:\/\/spracht.com\/fr\/wp-json\/wp\/v2\/product_tag?post=1409"}],"curies":[{"name":"wp","href":"https:\/\/api.w.org\/{rel}","templated":true}]}}