{"id":1402,"date":"2023-07-08T10:21:06","date_gmt":"2023-07-08T17:21:06","guid":{"rendered":"https:\/\/spracht.com\/?post_type=product&#038;p=1402"},"modified":"2026-03-20T13:02:48","modified_gmt":"2026-03-20T20:02:48","slug":"zum-maestro-bt-wireless-headset-binaural","status":"publish","type":"product","link":"https:\/\/spracht.com\/fr\/shop\/zum-maestro-bt-wireless-headset-binaural\/","title":{"rendered":"Casque sans fil binaural ZuM Maestro BT\u2122"},"content":{"rendered":"<p>Un casque performant pour vous garder connect\u00e9 ! Vous pourrez r\u00e9pondre \u00e0 vos appels avec n'importe quel appareil Bluetooth\u00ae, comme votre smartphone ou votre ordinateur portable, gr\u00e2ce \u00e0 ce casque confortable, l\u00e9ger et de haute qualit\u00e9. Vous b\u00e9n\u00e9ficierez de jusqu'\u00e0 21 heures d'autonomie en conversation sur une seule charge, et vous appr\u00e9cierez vraiment le son cristallin et la qualit\u00e9 vocale. Le microphone antibruit filtre les bruits ambiants afin que vous soyez aussi bien entendu que vous entendiez.<\/p>\n<p><strong>Caract\u00e9ristiques du casque sans fil ZuM Maestro BT\u2122<\/strong><\/p>\n<ol>\n<li>Compatibilit\u00e9 : Pour smartphones, tablettes, ordinateurs portables. Pas pour les t\u00e9l\u00e9phones de bureau.<\/li>\n<li>Son : R\u00e9duction du bruit du microphone, annulation d'\u00e9cho de sixi\u00e8me g\u00e9n\u00e9ration, contr\u00f4le de tonalit\u00e9.<\/li>\n<li>Chargement : Le Z\u016bM Maestro BT\u2122 se recharge lorsqu'il est dans sa station d'accueil.<\/li>\n<li>La protection auditive avanc\u00e9e coupe les volumes sonores soudains.<\/li>\n<li>Temps de veille : 500 heures.<\/li>\n<li>Distance : jusqu'\u00e0 33\u2019 (10m).<\/li>\n<li>Temps de conversation : 21 heures \u00e0 partir d'une batterie de 300 mAh.<\/li>\n<\/ol>\n<p>Part# SPT-HS2051<br \/>\nUPC 800807320543<br \/>\nPDSF : $129,99 $ | Notre prix : $199,99 $ | \u00c9conomisez : $10,00 $<\/p>","protected":false},"excerpt":{"rendered":"<p>PDSF : <s>$129.99<\/s><br \/>\nVous \u00e9conomisez $10,00 sur le prix de d\u00e9tail sugg\u00e9r\u00e9 par le fabricant !<\/p>\n<p>Casque Spracht HS-2051 Z\u016bM Maestro BT\u2122 et station de base. Casque sans fil Bluetooth\u00ae avec microphone antibruit. Double \u00e9couteur. Base de recharge.<\/p>","protected":false},"featured_media":1408,"comment_status":"open","ping_status":"closed","template":"","meta":{"_kad_blocks_custom_css":"","_kad_blocks_head_custom_js":"","_kad_blocks_body_custom_js":"","_kad_blocks_footer_custom_js":"","_kad_post_transparent":"default","_kad_post_title":"","_kad_post_layout":"default","_kad_post_sidebar_id":"","_kad_post_content_style":"default","_kad_post_vertical_padding":"default","_kad_post_feature":"","_kad_post_feature_position":"","_kad_post_header":false,"_kad_post_footer":false,"_kad_post_classname":""},"product_brand":[],"product_cat":[35],"product_tag":[],"class_list":{"0":"post-1402","1":"product","2":"type-product","3":"status-publish","4":"has-post-thumbnail","6":"product_cat-wireless-headsets-bluetooth","8":"first","9":"instock","10":"taxable","11":"shipping-taxable","12":"purchasable","13":"product-type-simple","14":"entry","15":"content-bg","16":"loop-entry"},"taxonomy_info":{"product_cat":[{"value":35,"label":"Wireless Headsets Bluetooth"}]},"featured_image_src_large":["https:\/\/i0.wp.com\/spracht.com\/wp-content\/uploads\/2023\/07\/HS-2051_6.jpg?fit=944%2C1024&ssl=1",944,1024,true],"author_info":[],"comment_info":7,"jetpack_sharing_enabled":true,"_links":{"self":[{"href":"https:\/\/spracht.com\/fr\/wp-json\/wp\/v2\/product\/1402","targetHints":{"allow":["GET"]}}],"collection":[{"href":"https:\/\/spracht.com\/fr\/wp-json\/wp\/v2\/product"}],"about":[{"href":"https:\/\/spracht.com\/fr\/wp-json\/wp\/v2\/types\/product"}],"replies":[{"embeddable":true,"href":"https:\/\/spracht.com\/fr\/wp-json\/wp\/v2\/comments?post=1402"}],"wp:featuredmedia":[{"embeddable":true,"href":"https:\/\/spracht.com\/fr\/wp-json\/wp\/v2\/media\/1408"}],"wp:attachment":[{"href":"https:\/\/spracht.com\/fr\/wp-json\/wp\/v2\/media?parent=1402"}],"wp:term":[{"taxonomy":"product_brand","embeddable":true,"href":"https:\/\/spracht.com\/fr\/wp-json\/wp\/v2\/product_brand?post=1402"},{"taxonomy":"product_cat","embeddable":true,"href":"https:\/\/spracht.com\/fr\/wp-json\/wp\/v2\/product_cat?post=1402"},{"taxonomy":"product_tag","embeddable":true,"href":"https:\/\/spracht.com\/fr\/wp-json\/wp\/v2\/product_tag?post=1402"}],"curies":[{"name":"wp","href":"https:\/\/api.w.org\/{rel}","templated":true}]}}