{"id":1393,"date":"2023-07-08T10:02:05","date_gmt":"2023-07-08T17:02:05","guid":{"rendered":"https:\/\/spracht.com\/?post_type=product&#038;p=1393"},"modified":"2025-10-27T00:51:27","modified_gmt":"2025-10-27T07:51:27","slug":"bonehead-sport-bone-conductive-headset","status":"publish","type":"product","link":"https:\/\/spracht.com\/fr\/shop\/bonehead-sport-bone-conductive-headset\/","title":{"rendered":"Casque \u00e0 conduction osseuse Bonehead Sport\u2122"},"content":{"rendered":"<p>Vous aimez les activit\u00e9s en plein air, mais vous voulez emporter votre musique ou vos podcasts avec vous. Vous voulez quand m\u00eame entendre ce qui se passe autour de vous, n'est-ce pas ? C'est \u00e0 cela que servent les casques \u00e0 conduction osseuse. Ils se placent autour de vos oreilles, pas dedans, mais vous pouvez toujours entendre ce qu'ils jouent. Id\u00e9al aussi pour le club de fitness et les cours d'exercice. Bluetooth 5.2, avec une autonomie de 5 heures et un temps de charge de 2 heures. Pour ceux qui s'en soucient, il utilise le chipset Bluetooth de Qualcomm.<\/p>\n<p><strong>Caract\u00e9ristiques de Bonehead Sport\u2122<\/strong><\/p>\n<ol>\n<li>Compatibilit\u00e9 : Smartphones, ordinateurs PC\/Mac et autres appareils Bluetooth.<\/li>\n<li>Bluetooth 5.2.<\/li>\n<li>\u00c9tanche et r\u00e9sistant \u00e0 la transpiration IPX6, mais non submersible.<\/li>\n<li>Autonomie de 5 heures, temps de charge de 2 heures.<\/li>\n<li>\u00c0 utiliser pour les appels t\u00e9l\u00e9phoniques !<\/li>\n<li>Interagissez avec votre assistant vocal (Siri, Alexa) gr\u00e2ce au bouton d'assistant vocal \u00e0 une touche lorsqu'il est associ\u00e9 \u00e0 votre smartphone.<\/li>\n<li>Tr\u00e8s l\u00e9ger et confortable.<\/li>\n<\/ol>\n<p>Part# SPT-BH500<br \/>\nUPC 800807320888<br \/>\nPDSF : $139,99 | Notre prix : $99,99 | Vous \u00e9conomisez : $40,00<\/p>","protected":false},"excerpt":{"rendered":"<p>PDSF : <s>$139.99<\/s><br \/>\nVous \u00e9conomisez $40,00 sur le prix de d\u00e9tail sugg\u00e9r\u00e9 par le fabricant !<\/p>\n<p>Casque sans fil Spracht BH-500 Bonehead Sport Bone\u2122 Conductive Bluetooth 5.2. Tient sur vos joues, pas sur vos oreilles. Id\u00e9al pour les coureurs. R\u00e9sistant \u00e0 l'eau et \u00e0 la sueur.<\/p>","protected":false},"featured_media":1398,"comment_status":"open","ping_status":"closed","template":"","meta":{"_kad_blocks_custom_css":"","_kad_blocks_head_custom_js":"","_kad_blocks_body_custom_js":"","_kad_blocks_footer_custom_js":"","_kad_post_transparent":"default","_kad_post_title":"","_kad_post_layout":"default","_kad_post_sidebar_id":"","_kad_post_content_style":"default","_kad_post_vertical_padding":"default","_kad_post_feature":"","_kad_post_feature_position":"","_kad_post_header":false,"_kad_post_footer":false,"_kad_post_classname":""},"product_brand":[],"product_cat":[35],"product_tag":[],"class_list":{"0":"post-1393","1":"product","2":"type-product","3":"status-publish","4":"has-post-thumbnail","6":"product_cat-wireless-headsets-bluetooth","8":"first","9":"instock","10":"taxable","11":"shipping-taxable","12":"purchasable","13":"product-type-simple","14":"entry","15":"content-bg","16":"loop-entry"},"taxonomy_info":{"product_cat":[{"value":35,"label":"Wireless Headsets Bluetooth"}]},"featured_image_src_large":["https:\/\/i0.wp.com\/spracht.com\/wp-content\/uploads\/2023\/07\/BH500_5.jpg?fit=944%2C1024&ssl=1",944,1024,true],"author_info":[],"comment_info":0,"jetpack_sharing_enabled":true,"_links":{"self":[{"href":"https:\/\/spracht.com\/fr\/wp-json\/wp\/v2\/product\/1393","targetHints":{"allow":["GET"]}}],"collection":[{"href":"https:\/\/spracht.com\/fr\/wp-json\/wp\/v2\/product"}],"about":[{"href":"https:\/\/spracht.com\/fr\/wp-json\/wp\/v2\/types\/product"}],"replies":[{"embeddable":true,"href":"https:\/\/spracht.com\/fr\/wp-json\/wp\/v2\/comments?post=1393"}],"wp:featuredmedia":[{"embeddable":true,"href":"https:\/\/spracht.com\/fr\/wp-json\/wp\/v2\/media\/1398"}],"wp:attachment":[{"href":"https:\/\/spracht.com\/fr\/wp-json\/wp\/v2\/media?parent=1393"}],"wp:term":[{"taxonomy":"product_brand","embeddable":true,"href":"https:\/\/spracht.com\/fr\/wp-json\/wp\/v2\/product_brand?post=1393"},{"taxonomy":"product_cat","embeddable":true,"href":"https:\/\/spracht.com\/fr\/wp-json\/wp\/v2\/product_cat?post=1393"},{"taxonomy":"product_tag","embeddable":true,"href":"https:\/\/spracht.com\/fr\/wp-json\/wp\/v2\/product_tag?post=1393"}],"curies":[{"name":"wp","href":"https:\/\/api.w.org\/{rel}","templated":true}]}}