{"id":1337,"date":"2023-06-16T17:58:56","date_gmt":"2023-06-17T00:58:56","guid":{"rendered":"https:\/\/spracht.com\/?post_type=product&#038;p=1337"},"modified":"2026-04-13T13:02:03","modified_gmt":"2026-04-13T20:02:03","slug":"aura-usb-mic-usb-digital-microphone","status":"publish","type":"product","link":"https:\/\/spracht.com\/fr\/shop\/aura-usb-mic-usb-digital-microphone\/","title":{"rendered":"Microphone num\u00e9rique USB Aura USB Mic\u2122"},"content":{"rendered":"<p>Microphone parfait pour salle de conf\u00e9rence ! Placez le micro sur la table, branchez-le sur le port USB de votre PC\/Mac et votre microphone est pr\u00eat pour Skype, Zoom, GoToMeeting, WebEx, autres appels VoIP. Enregistrez \u00e9galement de l'audio pour des vid\u00e9os YouTube ou des podcasts.<\/p>\n<p>Pourquoi utiliser un microphone externe plut\u00f4t que celui de votre ordinateur ? Eh bien, tout le monde sera mieux entendu, puisque le microphone peut \u00eatre id\u00e9alement plac\u00e9 entre toutes les personnes dans la pi\u00e8ce. De plus, comme les microphones USB traitent le son en interne, ils agissent comme leur propre carte son lorsqu'ils sont connect\u00e9s \u00e0 un ordinateur. Ainsi, un microphone USB produira une sortie de qualit\u00e9 identique, quelles que soient les sp\u00e9cifications mat\u00e9rielles de l'ordinateur ; ils fonctionneront mieux que les microphones analogiques sur des ordinateurs dot\u00e9s d'une carte son bon march\u00e9 ou d'aucune carte son.<\/p>\n<p><strong>Caract\u00e9ristiques du microphone num\u00e9rique USB Aura USB Mic\u2122<\/strong><\/p>\n<ol>\n<li>Compatibilit\u00e9 : Compatible avec Windows 10, 8, 7, Vista et XP, ainsi qu'avec Mac OS X.<\/li>\n<li>Omnidirectionnel pour une couverture \u00e0 360\u00b0<\/li>\n<li>La port\u00e9e de ramassage vocal est de 1,8 m \u00e0 2,7 m.<\/li>\n<li>C\u00e2ble USB 6 pi, USB 2.0.<\/li>\n<li>Annulation de l'\u00e9cho et du bruit.<\/li>\n<li>Alliage d'aluminium avec grille m\u00e9tallique.<\/li>\n<li>Microphone seul, pas de haut-parleur.<\/li>\n<\/ol>\n<p>Partie# SPT-MIC2010<br \/>\nUPC 800807300644<br \/>\nPDSF : $49,99 | Notre prix : $39,99 | \u00c9conomie : $10,00<\/p>","protected":false},"excerpt":{"rendered":"<p>PDSF : <s>$49.99<\/s><br \/>\nVous \u00e9conomisez $10,00 sur le prix de d\u00e9tail sugg\u00e9r\u00e9 par le fabricant !<\/p>\n<p>Microphone USB num\u00e9rique Spracht MIC-2010 Aura USB Mic\u2122. Directionnel pour une couverture \u00e0 360\u00b0. Port\u00e9e de captation vocale de 1,8 m \u00e0 2,7 m. C\u00e2ble USB de 1,8 m, USB 2.0. Annulation de l'\u00e9cho et du bruit. Alliage d'aluminium avec grille m\u00e9tallique. Microphone seul, sans haut-parleur. Windows\/Mac.<\/p>","protected":false},"featured_media":1341,"comment_status":"open","ping_status":"closed","template":"","meta":{"_kad_blocks_custom_css":"","_kad_blocks_head_custom_js":"","_kad_blocks_body_custom_js":"","_kad_blocks_footer_custom_js":"","_kad_post_transparent":"default","_kad_post_title":"","_kad_post_layout":"default","_kad_post_sidebar_id":"","_kad_post_content_style":"default","_kad_post_vertical_padding":"default","_kad_post_feature":"","_kad_post_feature_position":"","_kad_post_header":false,"_kad_post_footer":false,"_kad_post_classname":""},"product_brand":[],"product_cat":[32],"product_tag":[],"class_list":{"0":"post-1337","1":"product","2":"type-product","3":"status-publish","4":"has-post-thumbnail","6":"product_cat-conferencing","8":"first","9":"instock","10":"taxable","11":"shipping-taxable","12":"purchasable","13":"product-type-simple","14":"entry","15":"content-bg","16":"loop-entry"},"taxonomy_info":{"product_cat":[{"value":32,"label":"Conferencing"}]},"featured_image_src_large":["https:\/\/i0.wp.com\/spracht.com\/wp-content\/uploads\/2023\/06\/MIC-2010_4.jpg?fit=944%2C1024&ssl=1",944,1024,true],"author_info":[],"comment_info":2,"jetpack_sharing_enabled":true,"_links":{"self":[{"href":"https:\/\/spracht.com\/fr\/wp-json\/wp\/v2\/product\/1337","targetHints":{"allow":["GET"]}}],"collection":[{"href":"https:\/\/spracht.com\/fr\/wp-json\/wp\/v2\/product"}],"about":[{"href":"https:\/\/spracht.com\/fr\/wp-json\/wp\/v2\/types\/product"}],"replies":[{"embeddable":true,"href":"https:\/\/spracht.com\/fr\/wp-json\/wp\/v2\/comments?post=1337"}],"wp:featuredmedia":[{"embeddable":true,"href":"https:\/\/spracht.com\/fr\/wp-json\/wp\/v2\/media\/1341"}],"wp:attachment":[{"href":"https:\/\/spracht.com\/fr\/wp-json\/wp\/v2\/media?parent=1337"}],"wp:term":[{"taxonomy":"product_brand","embeddable":true,"href":"https:\/\/spracht.com\/fr\/wp-json\/wp\/v2\/product_brand?post=1337"},{"taxonomy":"product_cat","embeddable":true,"href":"https:\/\/spracht.com\/fr\/wp-json\/wp\/v2\/product_cat?post=1337"},{"taxonomy":"product_tag","embeddable":true,"href":"https:\/\/spracht.com\/fr\/wp-json\/wp\/v2\/product_tag?post=1337"}],"curies":[{"name":"wp","href":"https:\/\/api.w.org\/{rel}","templated":true}]}}