{"id":1331,"date":"2023-06-16T17:54:17","date_gmt":"2023-06-17T00:54:17","guid":{"rendered":"https:\/\/spracht.com\/?post_type=product&#038;p=1331"},"modified":"2026-04-13T12:59:42","modified_gmt":"2026-04-13T19:59:42","slug":"conference-mate-pro","status":"publish","type":"product","link":"https:\/\/spracht.com\/fr\/shop\/conference-mate-pro\/","title":{"rendered":"Conference Mate Pro\u2122"},"content":{"rendered":"<p>Maintenant que tant d'entreprises augmentent le nombre de t\u00e9l\u00e9travailleurs, pourquoi se contenter d'un son d'ordinateur portable qui ne permet pas une communication claire. Avec Conference Mate Pro, vous b\u00e9n\u00e9ficierez d'une suppression du bruit de fond et d'un son partag\u00e9 clair pour que tout le monde puisse \u00eatre entendu.<\/p>\n<p>Avec une port\u00e9e de plus de 32 pieds, vous pouvez utiliser le haut-parleur sans fil Conference Mate Pro dans n'importe quelle salle de conf\u00e9rence ou petit bureau. Que vous l'utilisiez pour des appels Skype, Zoom, GoToMeeting, WebEx ou Microsoft TEAMS, votre message sera clair.<\/p>\n<p><strong>Fonctionnalit\u00e9s de Conference Mate Pro\u2122<\/strong><\/p>\n<ol>\n<li>Compatibilit\u00e9\u00a0: Plug and Play pour ordinateurs PC\/Mac, appareils Bluetooth.<\/li>\n<li>Bluetooth 5, USB 2.0<\/li>\n<li>Port\u00e9e sans fil jusqu'\u00e0 10 m\u00e8tres.<\/li>\n<li>6 microphones permettant une couverture \u00e0 360\u00b0.<\/li>\n<li>Charge longue dur\u00e9e.<\/li>\n<li>Utilisation avec l'USB de votre ordinateur pour Zoom, Skype, Teams<\/li>\n<li>16 Niveaux sonores.<\/li>\n<li>Assistant vocal (Siri, Alexa) \u00e0 la demande.<\/li>\n<\/ol>\n<p>Part# SPT-MCP4010<br \/>\nUPC 800807300668<br \/>\nPDSF : $139,99 | Notre prix : $99,99 | Vous \u00e9conomisez : $40,00<\/p>","protected":false},"excerpt":{"rendered":"<p>PDSF : <s>$139.99<\/s><br \/>\nVous \u00e9conomisez $40,00 sur le prix de d\u00e9tail sugg\u00e9r\u00e9 par le fabricant !<\/p>\n<p>Enceinte de conf\u00e9rence Spracht MCP-4010 Conference Mate\u2122 Pro, haut-parleur sans fil Bluetooth et USB. Enceinte de conf\u00e9rence, 6 microphones de conf\u00e9rence omnidirectionnels pour une couverture \u00e0 360\u00b0, r\u00e9duction intelligente du bruit par DSP. \u00c0 utiliser avec le port USB de votre ordinateur pour Zoom, Teams, Skype.<\/p>","protected":false},"featured_media":1335,"comment_status":"open","ping_status":"closed","template":"","meta":{"_kad_blocks_custom_css":"","_kad_blocks_head_custom_js":"","_kad_blocks_body_custom_js":"","_kad_blocks_footer_custom_js":"","_kad_post_transparent":"default","_kad_post_title":"","_kad_post_layout":"default","_kad_post_sidebar_id":"","_kad_post_content_style":"default","_kad_post_vertical_padding":"default","_kad_post_feature":"","_kad_post_feature_position":"","_kad_post_header":false,"_kad_post_footer":false,"_kad_post_classname":""},"product_brand":[],"product_cat":[32],"product_tag":[],"class_list":{"0":"post-1331","1":"product","2":"type-product","3":"status-publish","4":"has-post-thumbnail","6":"product_cat-conferencing","8":"first","9":"instock","10":"taxable","11":"shipping-taxable","12":"purchasable","13":"product-type-simple","14":"entry","15":"content-bg","16":"loop-entry"},"taxonomy_info":{"product_cat":[{"value":32,"label":"Conferencing"}]},"featured_image_src_large":["https:\/\/i0.wp.com\/spracht.com\/wp-content\/uploads\/2023\/06\/MCP-4010_5.jpg?fit=944%2C1024&ssl=1",944,1024,true],"author_info":[],"comment_info":76,"jetpack_sharing_enabled":true,"_links":{"self":[{"href":"https:\/\/spracht.com\/fr\/wp-json\/wp\/v2\/product\/1331","targetHints":{"allow":["GET"]}}],"collection":[{"href":"https:\/\/spracht.com\/fr\/wp-json\/wp\/v2\/product"}],"about":[{"href":"https:\/\/spracht.com\/fr\/wp-json\/wp\/v2\/types\/product"}],"replies":[{"embeddable":true,"href":"https:\/\/spracht.com\/fr\/wp-json\/wp\/v2\/comments?post=1331"}],"wp:featuredmedia":[{"embeddable":true,"href":"https:\/\/spracht.com\/fr\/wp-json\/wp\/v2\/media\/1335"}],"wp:attachment":[{"href":"https:\/\/spracht.com\/fr\/wp-json\/wp\/v2\/media?parent=1331"}],"wp:term":[{"taxonomy":"product_brand","embeddable":true,"href":"https:\/\/spracht.com\/fr\/wp-json\/wp\/v2\/product_brand?post=1331"},{"taxonomy":"product_cat","embeddable":true,"href":"https:\/\/spracht.com\/fr\/wp-json\/wp\/v2\/product_cat?post=1331"},{"taxonomy":"product_tag","embeddable":true,"href":"https:\/\/spracht.com\/fr\/wp-json\/wp\/v2\/product_tag?post=1331"}],"curies":[{"name":"wp","href":"https:\/\/api.w.org\/{rel}","templated":true}]}}