{"id":1325,"date":"2023-06-16T17:47:23","date_gmt":"2023-06-17T00:47:23","guid":{"rendered":"https:\/\/spracht.com\/?post_type=product&#038;p=1325"},"modified":"2026-03-20T13:21:53","modified_gmt":"2026-03-20T20:21:53","slug":"aura-conference-speaker","status":"publish","type":"product","link":"https:\/\/spracht.com\/fr\/shop\/aura-conference-speaker\/","title":{"rendered":"Conf\u00e9rence Aura Speaker\u2122"},"content":{"rendered":"<p>Id\u00e9al pour les conf\u00e9rences t\u00e9l\u00e9phoniques, les r\u00e9unions vid\u00e9o comme Zoom et Teams, et les pr\u00e9sentations multim\u00e9dias. Sa conception compacte et portable permet un transport et un rangement faciles.<\/p>\n<p>En d\u00e9placement ? Emportez-le avec vous : petit et portable en plus d'\u00eatre puissant. Il est livr\u00e9 avec une pochette, pour que vous puissiez le prot\u00e9ger pendant le transport.<\/p>\n<p><strong>Caract\u00e9ristiques de l'enceinte de conf\u00e9rence Aura\u2122<\/strong><\/p>\n<ol>\n<li>Compatibilit\u00e9\u00a0: Plug and Play pour ordinateurs PC\/Mac, appareils Bluetooth.<\/li>\n<li>Bluetooth 5, USB 2.0<\/li>\n<li>2 microphones omnidirectionnels : port\u00e9e de capture vocale de 1,8 m \u00e0 2,7 m\u2019<\/li>\n<li>C\u00e2ble USB 3\u2019<\/li>\n<li>Utilisation avec l'USB de votre ordinateur pour Zoom, Skype, Teams<\/li>\n<li>Jusqu'\u00e0 3 connexions simultan\u00e9es : 2 Bluetooth + 1 USB.<\/li>\n<li>\u00c9tui de protection pour que vous puissiez l'emporter avec vous.<\/li>\n<li>Interagissez avec votre assistant vocal (Siri, Alexa) gr\u00e2ce au bouton d'assistant vocal \u00e0 une touche lorsqu'il est associ\u00e9 \u00e0 votre smartphone.<\/li>\n<\/ol>\n<p>Part# SPT-MCPBTUSB<br \/>\nUPC 800807330269<br \/>\nPrix de d\u00e9tail sugg\u00e9r\u00e9 : $249,99 $ | Notre prix : $199,99 $ | Vous \u00e9conomisez : $50,00 $<\/p>","protected":false},"excerpt":{"rendered":"<p>PDSF : <s>$249.99<\/s><br \/>\nVous \u00e9conomisez $50,00 sur le prix de d\u00e9tail sugg\u00e9r\u00e9 par le fabricant !<\/p>\n<p>Con\u00e7u pour fournir un son de haute qualit\u00e9 pour les r\u00e9unions, les pr\u00e9sentations et autres rassemblements de groupes, il offre flexibilit\u00e9 et commodit\u00e9 gr\u00e2ce aux options de connectivit\u00e9 Bluetooth et USB. Bluetooth 5 pour une connexion sans fil aux smartphones, tablettes et ordinateurs portables ; USB pour une fonctionnalit\u00e9 plug-and-play facile avec PC\/Mac.<\/p>","protected":false},"featured_media":1326,"comment_status":"open","ping_status":"closed","template":"","meta":{"_kad_blocks_custom_css":"","_kad_blocks_head_custom_js":"","_kad_blocks_body_custom_js":"","_kad_blocks_footer_custom_js":"","_kad_post_transparent":"default","_kad_post_title":"","_kad_post_layout":"default","_kad_post_sidebar_id":"","_kad_post_content_style":"default","_kad_post_vertical_padding":"default","_kad_post_feature":"","_kad_post_feature_position":"","_kad_post_header":false,"_kad_post_footer":false,"_kad_post_classname":""},"product_brand":[],"product_cat":[32],"product_tag":[],"class_list":{"0":"post-1325","1":"product","2":"type-product","3":"status-publish","4":"has-post-thumbnail","6":"product_cat-conferencing","8":"first","9":"instock","10":"taxable","11":"shipping-taxable","12":"purchasable","13":"product-type-simple","14":"entry","15":"content-bg","16":"loop-entry"},"taxonomy_info":{"product_cat":[{"value":32,"label":"Conferencing"}]},"featured_image_src_large":["https:\/\/i0.wp.com\/spracht.com\/wp-content\/uploads\/2023\/06\/AuraConfSpeak_1.jpg?fit=944%2C1024&ssl=1",944,1024,true],"author_info":[],"comment_info":204,"jetpack_sharing_enabled":true,"_links":{"self":[{"href":"https:\/\/spracht.com\/fr\/wp-json\/wp\/v2\/product\/1325","targetHints":{"allow":["GET"]}}],"collection":[{"href":"https:\/\/spracht.com\/fr\/wp-json\/wp\/v2\/product"}],"about":[{"href":"https:\/\/spracht.com\/fr\/wp-json\/wp\/v2\/types\/product"}],"replies":[{"embeddable":true,"href":"https:\/\/spracht.com\/fr\/wp-json\/wp\/v2\/comments?post=1325"}],"wp:featuredmedia":[{"embeddable":true,"href":"https:\/\/spracht.com\/fr\/wp-json\/wp\/v2\/media\/1326"}],"wp:attachment":[{"href":"https:\/\/spracht.com\/fr\/wp-json\/wp\/v2\/media?parent=1325"}],"wp:term":[{"taxonomy":"product_brand","embeddable":true,"href":"https:\/\/spracht.com\/fr\/wp-json\/wp\/v2\/product_brand?post=1325"},{"taxonomy":"product_cat","embeddable":true,"href":"https:\/\/spracht.com\/fr\/wp-json\/wp\/v2\/product_cat?post=1325"},{"taxonomy":"product_tag","embeddable":true,"href":"https:\/\/spracht.com\/fr\/wp-json\/wp\/v2\/product_tag?post=1325"}],"curies":[{"name":"wp","href":"https:\/\/api.w.org\/{rel}","templated":true}]}}