{"id":1321,"date":"2023-06-16T17:40:23","date_gmt":"2023-06-17T00:40:23","guid":{"rendered":"https:\/\/spracht.com\/?post_type=product&#038;p=1321"},"modified":"2026-03-20T12:07:08","modified_gmt":"2026-03-20T19:07:08","slug":"aura-video-mate","status":"publish","type":"product","link":"https:\/\/spracht.com\/fr\/produit\/aura-video-mate\/","title":{"rendered":"Aura Vid\u00e9o Mate\u2122"},"content":{"rendered":"<p>Skype? Cisco Spark ? Venez-y !<\/p>\n<p>Suffisamment puissant pour une salle de conf\u00e9rence, suffisamment compact pour un bureau ou un bureau \u00e0 domicile, et parfait pour les Huddle Rooms et les vid\u00e9oconf\u00e9rences impromptues. Avec une vid\u00e9o HD 1080p et un angle de vue large de 120\u00b0, vos coll\u00e8gues peuvent vous rejoindre pour des vid\u00e9oconf\u00e9rences en petits groupes. Le haut-parleur duplex avec annulation d'\u00e9cho et de bruit garantit que tout le monde sera bien entendu. Tout cela \u00e0 partir de ce petit appareil puissant \u00e0 l'encombrement r\u00e9duit. Branchez simplement l'USB et vous \u00eates pr\u00eat \u00e0 partir, aucun logiciel n\u00e9cessaire.<\/p>\n<p><strong>Les fonctionnalit\u00e9s d'Aura Video Mate\u2122 incluent<\/strong><\/p>\n<ol>\n<li>Vid\u00e9o HD 1080p pour une image claire et fluide.<\/li>\n<li>Cam\u00e9ra grand angle de 120\u00b0 pour que d'autres puissent vous rejoindre et \u00eatre film\u00e9s.<\/li>\n<li>V\u00e9ritable Plug and Play : il suffit de brancher la cl\u00e9 USB sur votre PC\/Mac et vous \u00eates pr\u00eat \u00e0 l'emploi. Aucun logiciel n\u00e9cessaire.<\/li>\n<li>Un DSP intelligent \u00e0 haute efficacit\u00e9 signifie que le microphone et le haut-parleur produiront un excellent son.<\/li>\n<li>Les algorithmes vocaux produisent un son clair et en duplex int\u00e9gral, vous permettant d'entendre l'interlocuteur tout en parlant.<\/li>\n<li>Le mieux, c'est que vos vid\u00e9oconf\u00e9rences peuvent maintenant avoir lieu partout o\u00f9 se trouve votre ordinateur portable.<\/li>\n<\/ol>\n<p>Num\u00e9ro de pi\u00e8ce : SPT-CC2020<br \/>\nCode barre : 800807340039<br \/>\nPDSF : $399,99 $ | Notre prix : $349,99 $ | Vous \u00e9conomisez : $50,00 $<\/p>","protected":false},"excerpt":{"rendered":"<p>PDSF : <s>$399.99<\/s><br \/>\nVous \u00e9conomisez $50,00 sur le prix de d\u00e9tail sugg\u00e9r\u00e9 par le fabricant !<\/p>\n<p>Cam\u00e9ra de visioconf\u00e9rence HD Spracht CC-2020 Aura Video Mate\u2122 avec audio via USB pour Zoom, Teams, Skype, autres applications VoIP. Connectez-la \u00e0 votre PC ou Mac pour une vid\u00e9o HD et un son clair et duplex int\u00e9gral. Id\u00e9ale pour les salles de conf\u00e9rence pour 5\/6 personnes. Cam\u00e9ra \u00e0 angle de 120 degr\u00e9s.<\/p>","protected":false},"featured_media":1324,"comment_status":"open","ping_status":"closed","template":"","meta":{"_kad_blocks_custom_css":"","_kad_blocks_head_custom_js":"","_kad_blocks_body_custom_js":"","_kad_blocks_footer_custom_js":"","_kad_post_transparent":"default","_kad_post_title":"","_kad_post_layout":"default","_kad_post_sidebar_id":"","_kad_post_content_style":"default","_kad_post_vertical_padding":"default","_kad_post_feature":"","_kad_post_feature_position":"","_kad_post_header":false,"_kad_post_footer":false,"_kad_post_classname":""},"product_brand":[],"product_cat":[32],"product_tag":[],"class_list":{"0":"post-1321","1":"product","2":"type-product","3":"status-publish","4":"has-post-thumbnail","6":"product_cat-conferencing","8":"first","9":"instock","10":"taxable","11":"shipping-taxable","12":"purchasable","13":"product-type-simple","14":"entry","15":"content-bg","16":"loop-entry"},"taxonomy_info":{"product_cat":[{"value":32,"label":"Conferencing"}]},"featured_image_src_large":["https:\/\/i0.wp.com\/spracht.com\/wp-content\/uploads\/2023\/06\/AuraVideoMate3N.jpg?fit=944%2C1024&ssl=1",944,1024,true],"author_info":[],"comment_info":26,"jetpack_sharing_enabled":true,"_links":{"self":[{"href":"https:\/\/spracht.com\/fr\/wp-json\/wp\/v2\/product\/1321","targetHints":{"allow":["GET"]}}],"collection":[{"href":"https:\/\/spracht.com\/fr\/wp-json\/wp\/v2\/product"}],"about":[{"href":"https:\/\/spracht.com\/fr\/wp-json\/wp\/v2\/types\/product"}],"replies":[{"embeddable":true,"href":"https:\/\/spracht.com\/fr\/wp-json\/wp\/v2\/comments?post=1321"}],"wp:featuredmedia":[{"embeddable":true,"href":"https:\/\/spracht.com\/fr\/wp-json\/wp\/v2\/media\/1324"}],"wp:attachment":[{"href":"https:\/\/spracht.com\/fr\/wp-json\/wp\/v2\/media?parent=1321"}],"wp:term":[{"taxonomy":"product_brand","embeddable":true,"href":"https:\/\/spracht.com\/fr\/wp-json\/wp\/v2\/product_brand?post=1321"},{"taxonomy":"product_cat","embeddable":true,"href":"https:\/\/spracht.com\/fr\/wp-json\/wp\/v2\/product_cat?post=1321"},{"taxonomy":"product_tag","embeddable":true,"href":"https:\/\/spracht.com\/fr\/wp-json\/wp\/v2\/product_tag?post=1321"}],"curies":[{"name":"wp","href":"https:\/\/api.w.org\/{rel}","templated":true}]}}