{"id":1314,"date":"2023-06-16T17:32:46","date_gmt":"2023-06-17T00:32:46","guid":{"rendered":"https:\/\/spracht.com\/?post_type=product&#038;p=1314"},"modified":"2026-03-23T04:54:14","modified_gmt":"2026-03-23T11:54:14","slug":"aura-professional-uc","status":"publish","type":"product","link":"https:\/\/spracht.com\/fr\/shop\/aura-professional-uc\/","title":{"rendered":"Aura Professional UC\u2122"},"content":{"rendered":"<p>Un t\u00e9l\u00e9phone de conf\u00e9rence avec tout ce dont vous avez besoin<\/p>\n<p>Connectez-le \u00e0 votre ligne fixe (RTC) pour des conf\u00e9rences standard, ou comme t\u00e9l\u00e9phone logiciel avec votre PC\/Mac via USB. Vous pouvez m\u00eame ajouter des microphones externes, un amplificateur de puissance ou une table de mixage \u00e0 l'aide des ports audio auxiliaires.<\/p>\n<p>L'Aura Professional UC\u2122 offre tout ce dont vous avez besoin pour un son professionnel, sans le prix \u00e9lev\u00e9. Il vous permet de konferer \u00e0 l'aide d'une large gamme d'appareils, ce qui en fait un choix polyvalent et flexible.<\/p>\n<p><strong>Fonctionnalit\u00e9s d'Aura Professional UC\u2122<\/strong><\/p>\n<ol>\n<li>Compatibilit\u00e9\u00a0: Ligne analogique RTC et softphone pour PC\/Mac via USB.<\/li>\n<li>Mise en sourdine de l'appel, mise en attente de l'appel, conf\u00e9rence \u00e0 trois dans tous les modes.<\/li>\n<li>Annulation d'\u00e9cho acoustique \u00e0 large bande avec voix HD, suppression dynamique du bruit, contr\u00f4le automatique du gain, \u00e9galisation de la bande vocale et m\u00e9lange intelligent des microphones.<\/li>\n<li>Effectuez des conf\u00e9rences Skype et d'autres applications VoIP depuis votre PC\/Mac.<\/li>\n<li>Num\u00e9rotation directe RNIS, recomposition, num\u00e9rotation abr\u00e9g\u00e9e, rappel, deuxi\u00e8me appel.<\/li>\n<li>Passez des appels t\u00e9l\u00e9phoniques analogiques aux appels VoIP USB en toute transparence.<\/li>\n<\/ol>\n<p>Part# SPT-CP3012<br \/>\nUPC 800807300484<br \/>\nPDSF : $519,99 | Notre prix : $419,99 | Vous \u00e9conomisez : $100,00<\/p>","protected":false},"excerpt":{"rendered":"<p>PDSF : <s>$519.99<\/s><br \/>\nVous \u00e9conomisez $100,00 sur le prix de d\u00e9tail sugg\u00e9r\u00e9 par le fabricant !<\/p>\n<p>T\u00e9l\u00e9phone de conf\u00e9rence Spracht CP-3012 Aura Professional UC\u2122 , PSTN et Softphone de bureau pour PC\/Mac via USB. Passez des appels de conf\u00e9rence Zoom, Teams et d'autres applications VoIP. 4 microphones internes. Vous pouvez ajouter des microphones externes, un amplificateur de puissance ou une console de mixage \u00e0 l'aide des ports audio auxiliaires.<\/p>","protected":false},"featured_media":1316,"comment_status":"open","ping_status":"closed","template":"","meta":{"_kad_blocks_custom_css":"","_kad_blocks_head_custom_js":"","_kad_blocks_body_custom_js":"","_kad_blocks_footer_custom_js":"","_kad_post_transparent":"default","_kad_post_title":"","_kad_post_layout":"default","_kad_post_sidebar_id":"","_kad_post_content_style":"default","_kad_post_vertical_padding":"default","_kad_post_feature":"","_kad_post_feature_position":"","_kad_post_header":false,"_kad_post_footer":false,"_kad_post_classname":""},"product_brand":[],"product_cat":[32],"product_tag":[],"class_list":{"0":"post-1314","1":"product","2":"type-product","3":"status-publish","4":"has-post-thumbnail","6":"product_cat-conferencing","8":"first","9":"instock","10":"taxable","11":"shipping-taxable","12":"purchasable","13":"product-type-simple","14":"entry","15":"content-bg","16":"loop-entry"},"taxonomy_info":{"product_cat":[{"value":32,"label":"Conferencing"}]},"featured_image_src_large":["https:\/\/i0.wp.com\/spracht.com\/wp-content\/uploads\/2023\/06\/AuraProfessionalUC1_CP-3012_02.jpg?fit=944%2C1024&ssl=1",944,1024,true],"author_info":[],"comment_info":82,"jetpack_sharing_enabled":true,"_links":{"self":[{"href":"https:\/\/spracht.com\/fr\/wp-json\/wp\/v2\/product\/1314","targetHints":{"allow":["GET"]}}],"collection":[{"href":"https:\/\/spracht.com\/fr\/wp-json\/wp\/v2\/product"}],"about":[{"href":"https:\/\/spracht.com\/fr\/wp-json\/wp\/v2\/types\/product"}],"replies":[{"embeddable":true,"href":"https:\/\/spracht.com\/fr\/wp-json\/wp\/v2\/comments?post=1314"}],"wp:featuredmedia":[{"embeddable":true,"href":"https:\/\/spracht.com\/fr\/wp-json\/wp\/v2\/media\/1316"}],"wp:attachment":[{"href":"https:\/\/spracht.com\/fr\/wp-json\/wp\/v2\/media?parent=1314"}],"wp:term":[{"taxonomy":"product_brand","embeddable":true,"href":"https:\/\/spracht.com\/fr\/wp-json\/wp\/v2\/product_brand?post=1314"},{"taxonomy":"product_cat","embeddable":true,"href":"https:\/\/spracht.com\/fr\/wp-json\/wp\/v2\/product_cat?post=1314"},{"taxonomy":"product_tag","embeddable":true,"href":"https:\/\/spracht.com\/fr\/wp-json\/wp\/v2\/product_tag?post=1314"}],"curies":[{"name":"wp","href":"https:\/\/api.w.org\/{rel}","templated":true}]}}