{"id":1307,"date":"2023-06-16T17:24:43","date_gmt":"2023-06-17T00:24:43","guid":{"rendered":"https:\/\/spracht.com\/?post_type=product&#038;p=1307"},"modified":"2026-04-22T07:03:33","modified_gmt":"2026-04-22T14:03:33","slug":"aura-professional-secure-analog-phone","status":"publish","type":"product","link":"https:\/\/spracht.com\/fr\/shop\/aura-professional-secure-analog-phone\/","title":{"rendered":"T\u00e9l\u00e9phone analogique s\u00e9curis\u00e9 Aura Professional\u2122"},"content":{"rendered":"<p>Avez-vous besoin d'un t\u00e9l\u00e9phone analogique s\u00e9curis\u00e9 conforme \u00e0 la TAA pour la visioconf\u00e9rence ?<\/p>\n<p>Supposons que vous venez de passer \u00e0 une salle de conf\u00e9rence plus grande et qu'elle peut maintenant accueillir quinze personnes. Ou bien, vous aviez un t\u00e9l\u00e9phone de conf\u00e9rence tr\u00e8s utilis\u00e9 qui a finalement cess\u00e9 de fonctionner. Vous \u00eates peut-\u00eatre pr\u00eat pour un t\u00e9l\u00e9phone de conf\u00e9rence pour petite entreprise qui offre un son professionnel de haute qualit\u00e9, tout en restant abordable.<\/p>\n<p>Ce t\u00e9l\u00e9phone de conf\u00e9rence \u00e0 six (6) microphones est livr\u00e9 avec tout ce dont vous avez besoin pour des conversations claires en duplex int\u00e9gral. Il ajuste automatiquement le circuit du t\u00e9l\u00e9phone pour que vous puissiez l'utiliser partout dans le monde. Tout ce dont vous avez besoin pour avoir un son professionnel, sans le prix \u00e9lev\u00e9 !<\/p>\n<p><strong>Fonctionnalit\u00e9s Aura Professional\u2122<\/strong><\/p>\n<ol>\n<li>Num\u00e9rotation directe RNIS, recomposition, num\u00e9rotation abr\u00e9g\u00e9e, rappel, deuxi\u00e8me appel.<\/li>\n<li>A pleine duplex, permettant des conversations simultan\u00e9es dans les deux sens.<\/li>\n<li>Son clair et naturel gr\u00e2ce \u00e0 une annulation d'\u00e9cho acoustique \u00e0 large bande et \u00e0 une suppression dynamique du bruit. Annulation de l'\u00e9cho de la ligne t\u00e9l\u00e9phonique \u00e9galement.<\/li>\n<li>Livr\u00e9 avec six microphones, quatre internes et deux externes. M\u00e9lange de microphones automatique et intelligent int\u00e9gr\u00e9 pour qu'ils vous entendent bien aussi.<\/li>\n<li>Vous pouvez stocker vingt num\u00e9ros dans le r\u00e9pertoire t\u00e9l\u00e9phonique et trente groupes en num\u00e9rotation rapide.<\/li>\n<li>Les \u00e9crans LCD 3 lignes affichent l'identification de l'appelant.<\/li>\n<li>Un haut-parleur de 5 watts g\u00e9n\u00e8re un volume allant jusqu'\u00e0 90 dB.<\/li>\n<\/ol>\n<p>Part# SPT-CP3010<br \/>\nUPC 800807300460<br \/>\nPDSF : $519,99 $ | Notre Prix : $389,99 $ | \u00c9conomisez : $130,00 $<\/p>","protected":false},"excerpt":{"rendered":"<p>PDSF : <s>$519.99<\/s><br \/>\nVous \u00e9conomisez $130,00 sur le prix de d\u00e9tail sugg\u00e9r\u00e9 par le fabricant !<\/p>\n<p>Audio s\u00e9curis\u00e9 et critique pour la mission : L'Aura Professional\u2122 CP-3010 est un t\u00e9l\u00e9phone de conf\u00e9rence analogique con\u00e7u pour les environnements de haute s\u00e9curit\u00e9 o\u00f9 la confidentialit\u00e9 du r\u00e9seau est non n\u00e9gociable. Dot\u00e9e de 6 microphones (4 internes, 2 externes) pour une clart\u00e9 en duplex int\u00e9gral, cette unit\u00e9 fonctionne exclusivement via des connexions PSTN\/analogiques, ce qui signifie pas d'Internet, pas de Bluetooth et pas de vuln\u00e9rabilit\u00e9s r\u00e9seau. Conforme \u00e0 la TAA et sp\u00e9cialement con\u00e7u pour les applications gouvernementales, de d\u00e9fense et juridiques.<\/p>","protected":false},"featured_media":1309,"comment_status":"open","ping_status":"closed","template":"","meta":{"_kad_blocks_custom_css":"","_kad_blocks_head_custom_js":"","_kad_blocks_body_custom_js":"","_kad_blocks_footer_custom_js":"","_kad_post_transparent":"default","_kad_post_title":"","_kad_post_layout":"default","_kad_post_sidebar_id":"","_kad_post_content_style":"default","_kad_post_vertical_padding":"default","_kad_post_feature":"","_kad_post_feature_position":"","_kad_post_header":false,"_kad_post_footer":false,"_kad_post_classname":""},"product_brand":[],"product_cat":[60,32],"product_tag":[64,62,66,61,65,63],"class_list":{"0":"post-1307","1":"product","2":"type-product","3":"status-publish","4":"has-post-thumbnail","6":"product_cat-secure-audio","7":"product_cat-conferencing","8":"product_tag-government","9":"product_tag-no-bluetooth","10":"product_tag-non-ip","11":"product_tag-secure-analog-phone","12":"product_tag-secure-audio","13":"product_tag-taa-compliant","15":"first","16":"instock","17":"taxable","18":"shipping-taxable","19":"purchasable","20":"product-type-simple","21":"entry","22":"content-bg","23":"loop-entry"},"taxonomy_info":{"product_cat":[{"value":60,"label":"Secure Audio"},{"value":32,"label":"Conferencing"}],"product_tag":[{"value":64,"label":"Government"},{"value":62,"label":"No Bluetooth"},{"value":66,"label":"Non-IP"},{"value":61,"label":"Secure Analog Phone"},{"value":65,"label":"Secure Audio"},{"value":63,"label":"TAA Compliant"}]},"featured_image_src_large":["https:\/\/i0.wp.com\/spracht.com\/wp-content\/uploads\/2023\/06\/AuraPro_CP-3010_2_03.jpg?fit=944%2C1024&ssl=1",944,1024,true],"author_info":[],"comment_info":0,"jetpack_sharing_enabled":true,"_links":{"self":[{"href":"https:\/\/spracht.com\/fr\/wp-json\/wp\/v2\/product\/1307","targetHints":{"allow":["GET"]}}],"collection":[{"href":"https:\/\/spracht.com\/fr\/wp-json\/wp\/v2\/product"}],"about":[{"href":"https:\/\/spracht.com\/fr\/wp-json\/wp\/v2\/types\/product"}],"replies":[{"embeddable":true,"href":"https:\/\/spracht.com\/fr\/wp-json\/wp\/v2\/comments?post=1307"}],"wp:featuredmedia":[{"embeddable":true,"href":"https:\/\/spracht.com\/fr\/wp-json\/wp\/v2\/media\/1309"}],"wp:attachment":[{"href":"https:\/\/spracht.com\/fr\/wp-json\/wp\/v2\/media?parent=1307"}],"wp:term":[{"taxonomy":"product_brand","embeddable":true,"href":"https:\/\/spracht.com\/fr\/wp-json\/wp\/v2\/product_brand?post=1307"},{"taxonomy":"product_cat","embeddable":true,"href":"https:\/\/spracht.com\/fr\/wp-json\/wp\/v2\/product_cat?post=1307"},{"taxonomy":"product_tag","embeddable":true,"href":"https:\/\/spracht.com\/fr\/wp-json\/wp\/v2\/product_tag?post=1307"}],"curies":[{"name":"wp","href":"https:\/\/api.w.org\/{rel}","templated":true}]}}