{"id":1292,"date":"2023-06-16T15:55:23","date_gmt":"2023-06-16T22:55:23","guid":{"rendered":"https:\/\/spracht.com\/?post_type=product&#038;p=1292"},"modified":"2025-10-27T01:01:20","modified_gmt":"2025-10-27T08:01:20","slug":"aura-1080p-webcam","status":"publish","type":"product","link":"https:\/\/spracht.com\/fr\/shop\/aura-1080p-webcam\/","title":{"rendered":"Webcam Aura 1080P\u2122"},"content":{"rendered":"<p>Zoom ? Skype ? Qu'ils viennent !<\/p>\n<p>Travaillez-vous de chez vous ou suivez-vous des cours \u00e0 distance\u00a0? Avec une vid\u00e9o HD 1080p, un grand angle de vue de 110\u00b0 et un microphone de haute qualit\u00e9, vous pouvez faire des visioconf\u00e9rences en toute simplicit\u00e9. Plug and play, il n'y a donc pas de logiciel \u00e0 installer\u00a0\u2013 il suffit de brancher l'USB et vous \u00eates pr\u00eat \u00e0 partir. Le tout \u00e0 partir de cet appareil puissant et compact avec un encombrement minimal.<\/p>\n<p><strong>Caract\u00e9ristiques Aura Webcam HD 1080P\u2122<\/strong><\/p>\n<ol>\n<li>Compatibilit\u00e9 : Ordinateurs PC\/Mac. Pas pour t\u00e9l\u00e9phones fixes ou smartphones.<\/li>\n<li>Vid\u00e9o HD 1080p pour une image claire et fluide, 1920 \u00d7 1080.<\/li>\n<li>Cam\u00e9ra grand angle de 110\u00b0<\/li>\n<li>30 IPS<\/li>\n<li>V\u00e9ritable plug and play : branchez simplement la cl\u00e9 USB \u00e0 votre PC\/Mac et vous \u00eates pr\u00eat \u00e0 partir. Aucun logiciel n\u00e9cessaire.<\/li>\n<li>Microphone de haute qualit\u00e9.<\/li>\n<li>Utilisez votre propre haut-parleur.<\/li>\n<\/ol>\n<p>Part# SPT-CCUSB1080P<br \/>\nUPC 800807340060<br \/>\nMSRP : $59.99 | Notre prix : $49.99 | Vous \u00e9conomisez : $10.00<\/p>","protected":false},"excerpt":{"rendered":"<p>PDSF : <s>$59.99<\/s><br \/>\nVous \u00e9conomisez $10,00 sur le prix de d\u00e9tail sugg\u00e9r\u00e9 par le fabricant !<\/p>\n<p>Webcam haute d\u00e9finition Spracht CC-USB-1080P Aura 1080P\u2122 avec vid\u00e9o et microphone de haute qualit\u00e9 via USB pour Zoom, Skype et autres applications VoIP. Angle de vue large de 110\u00b0. Microphone de haute qualit\u00e9. Plug and Play, aucun logiciel \u00e0 installer. Vid\u00e9o HD 30 images\/seconde, 1920\u00d71080.<\/p>","protected":false},"featured_media":1299,"comment_status":"open","ping_status":"closed","template":"","meta":{"_kad_blocks_custom_css":"","_kad_blocks_head_custom_js":"","_kad_blocks_body_custom_js":"","_kad_blocks_footer_custom_js":"","_kad_post_transparent":"default","_kad_post_title":"","_kad_post_layout":"default","_kad_post_sidebar_id":"","_kad_post_content_style":"default","_kad_post_vertical_padding":"default","_kad_post_feature":"","_kad_post_feature_position":"","_kad_post_header":false,"_kad_post_footer":false,"_kad_post_classname":""},"product_brand":[],"product_cat":[32],"product_tag":[],"class_list":{"0":"post-1292","1":"product","2":"type-product","3":"status-publish","4":"has-post-thumbnail","6":"product_cat-conferencing","8":"first","9":"outofstock","10":"taxable","11":"shipping-taxable","12":"purchasable","13":"product-type-simple","14":"entry","15":"content-bg","16":"loop-entry"},"taxonomy_info":{"product_cat":[{"value":32,"label":"Conferencing"}]},"featured_image_src_large":["https:\/\/i0.wp.com\/spracht.com\/wp-content\/uploads\/2023\/06\/CC-USB-1080P_7.jpg?fit=944%2C1024&ssl=1",944,1024,true],"author_info":[],"comment_info":1,"jetpack_sharing_enabled":true,"_links":{"self":[{"href":"https:\/\/spracht.com\/fr\/wp-json\/wp\/v2\/product\/1292","targetHints":{"allow":["GET"]}}],"collection":[{"href":"https:\/\/spracht.com\/fr\/wp-json\/wp\/v2\/product"}],"about":[{"href":"https:\/\/spracht.com\/fr\/wp-json\/wp\/v2\/types\/product"}],"replies":[{"embeddable":true,"href":"https:\/\/spracht.com\/fr\/wp-json\/wp\/v2\/comments?post=1292"}],"wp:featuredmedia":[{"embeddable":true,"href":"https:\/\/spracht.com\/fr\/wp-json\/wp\/v2\/media\/1299"}],"wp:attachment":[{"href":"https:\/\/spracht.com\/fr\/wp-json\/wp\/v2\/media?parent=1292"}],"wp:term":[{"taxonomy":"product_brand","embeddable":true,"href":"https:\/\/spracht.com\/fr\/wp-json\/wp\/v2\/product_brand?post=1292"},{"taxonomy":"product_cat","embeddable":true,"href":"https:\/\/spracht.com\/fr\/wp-json\/wp\/v2\/product_cat?post=1292"},{"taxonomy":"product_tag","embeddable":true,"href":"https:\/\/spracht.com\/fr\/wp-json\/wp\/v2\/product_tag?post=1292"}],"curies":[{"name":"wp","href":"https:\/\/api.w.org\/{rel}","templated":true}]}}