{"id":2260,"date":"2025-08-11T23:39:58","date_gmt":"2025-08-12T06:39:58","guid":{"rendered":"https:\/\/spracht.com\/?post_type=product&#038;p=2260"},"modified":"2026-03-20T12:06:31","modified_gmt":"2026-03-20T19:06:31","slug":"blues-combo-bt-usb-wireless-headset","status":"publish","type":"product","link":"https:\/\/spracht.com\/es\/shop\/blues-combo-bt-usb-wireless-headset\/","title":{"rendered":"Auriculares inal\u00e1mbricos Blues Combo\u2122 BT\/USB"},"content":{"rendered":"<p>Lo mejor de los aud\u00edfonos inal\u00e1mbricos Blues Combo BT\/USBTM es que son completamente inal\u00e1mbricos y, utilizando el dongle incluido, puedes usarlos como tel\u00e9fono softphone en tu computadora PC\/Mac para Zoom, Teams y otras aplicaciones de comunicaci\u00f3n. Empareja con tu tel\u00e9fono o tableta (iOS o Android) o computadora (Mac\/PC). Y si tienes un tel\u00e9fono de escritorio con capacidad Bluetooth\u00ae, \u00a1incluso funcionar\u00e1 con \u00e9l! Carga los aud\u00edfonos coloc\u00e1ndolos en la base de carga.<\/p>\n<p>El c\u00f3modo estilo de uso con diadema, con almohadillas para los o\u00eddos y diadema extragrandes de cuero sint\u00e9tico, es ideal para quienes pasan mucho tiempo usando auriculares.<\/p>\n<p><strong>CARACTER\u00cdSTICAS<\/strong><\/p>\n<ol>\n<li>Compatibilidad: Dispositivos Bluetooth y computadoras port\u00e1tiles\/de escritorio PC\/Mac para Softphone v\u00eda USB para Zoom, Teams, SkypeTM, 3CX y otras aplicaciones de conferencias y VoIP.<\/li>\n<li>Almohadillas y diadema cubiertas de piel sint\u00e9tica suave y c\u00f3moda.<\/li>\n<li>El brazo del micr\u00f3fono gira 270\u00b0 para que el micr\u00f3fono pueda colocarse en el lado izquierdo o derecho.<\/li>\n<li>Rotaci\u00f3n de 180\u00b0 en las almohadillas para los o\u00eddos, para colocar los auriculares planos.<\/li>\n<li>Potentes altavoces y procesamiento digital de se\u00f1ales para un sonido de m\u00e1xima calidad.<\/li>\n<li>Micr\u00f3fono con cancelaci\u00f3n de ruido.<\/li>\n<\/ol>","protected":false},"excerpt":{"rendered":"<p>Lo mejor de los auriculares inal\u00e1mbricos Blues Combo BT\/USBTM es que siempre son inal\u00e1mbricos y, al usar el dongle incluido, puedes usarlos como tel\u00e9fono fijo en tu computadora PC\/Mac para Zoom, Teams y otras aplicaciones de comunicaci\u00f3n.<\/p>","protected":false},"featured_media":2268,"comment_status":"open","ping_status":"closed","template":"","meta":{"_kad_blocks_custom_css":"","_kad_blocks_head_custom_js":"","_kad_blocks_body_custom_js":"","_kad_blocks_footer_custom_js":"","_kad_post_transparent":"default","_kad_post_title":"","_kad_post_layout":"default","_kad_post_sidebar_id":"","_kad_post_content_style":"default","_kad_post_vertical_padding":"default","_kad_post_feature":"","_kad_post_feature_position":"","_kad_post_header":false,"_kad_post_footer":false,"_kad_post_classname":""},"product_brand":[],"product_cat":[35],"product_tag":[],"class_list":{"0":"post-2260","1":"product","2":"type-product","3":"status-publish","4":"has-post-thumbnail","6":"product_cat-wireless-headsets-bluetooth","8":"first","9":"instock","10":"taxable","11":"shipping-taxable","12":"purchasable","13":"product-type-variable","14":"entry","15":"content-bg","16":"loop-entry"},"taxonomy_info":{"product_cat":[{"value":35,"label":"Wireless Headsets Bluetooth"}]},"featured_image_src_large":["https:\/\/i0.wp.com\/spracht.com\/wp-content\/uploads\/2025\/08\/Blues-Combo-BT-USB-Wireless-Headset.jpg?fit=1024%2C1024&ssl=1",1024,1024,true],"author_info":[],"comment_info":2,"jetpack_sharing_enabled":true,"_links":{"self":[{"href":"https:\/\/spracht.com\/es\/wp-json\/wp\/v2\/product\/2260","targetHints":{"allow":["GET"]}}],"collection":[{"href":"https:\/\/spracht.com\/es\/wp-json\/wp\/v2\/product"}],"about":[{"href":"https:\/\/spracht.com\/es\/wp-json\/wp\/v2\/types\/product"}],"replies":[{"embeddable":true,"href":"https:\/\/spracht.com\/es\/wp-json\/wp\/v2\/comments?post=2260"}],"wp:featuredmedia":[{"embeddable":true,"href":"https:\/\/spracht.com\/es\/wp-json\/wp\/v2\/media\/2268"}],"wp:attachment":[{"href":"https:\/\/spracht.com\/es\/wp-json\/wp\/v2\/media?parent=2260"}],"wp:term":[{"taxonomy":"product_brand","embeddable":true,"href":"https:\/\/spracht.com\/es\/wp-json\/wp\/v2\/product_brand?post=2260"},{"taxonomy":"product_cat","embeddable":true,"href":"https:\/\/spracht.com\/es\/wp-json\/wp\/v2\/product_cat?post=2260"},{"taxonomy":"product_tag","embeddable":true,"href":"https:\/\/spracht.com\/es\/wp-json\/wp\/v2\/product_tag?post=2260"}],"curies":[{"name":"wp","href":"https:\/\/api.w.org\/{rel}","templated":true}]}}