{"id":2259,"date":"2025-08-12T00:37:07","date_gmt":"2025-08-12T07:37:07","guid":{"rendered":"https:\/\/spracht.com\/?post_type=product&#038;p=2259"},"modified":"2025-10-22T03:29:53","modified_gmt":"2025-10-22T10:29:53","slug":"workit-usb-corded-headset","status":"publish","type":"product","link":"https:\/\/spracht.com\/es\/shop\/workit-usb-corded-headset\/","title":{"rendered":"\u00a1WorkIT!\u2122 Aud\u00edfonos con cable USB"},"content":{"rendered":"<p>Ahora que usas Zoom y otras aplicaciones de conferencias todo el tiempo, sabes lo importante que es tener aud\u00edfonos que se sientan c\u00f3modos y suenen genial. Estos aud\u00edfonos USB est\u00e1n hechos espec\u00edficamente para ofrecer comodidad y una calidad de audio superior.<\/p>\n<p>Los aud\u00edfonos ligeros de una y dos orejas tienen almohadillas y diadema de cuero sint\u00e9tico muy suave y un brazo giratorio de 270\u00b0, para que pueda colocar el micr\u00f3fono en cualquier lado.<\/p>\n<p>Ideal para entornos agitados, el micr\u00f3fono con cancelaci\u00f3n de ruido bloquea el ruido de fondo para ofrecer un sonido n\u00edtido a tus oyentes. Los altavoces grandes te brindan un audio de m\u00e1xima calidad.<\/p>\n<p>Compatibles con computadoras y laptops PC\/Mac, estos auriculares son ideales para personas que pasan mucho tiempo en aplicaciones de conferencias y sistemas de telefon\u00eda VoIP Softphone.<\/p>\n<p><strong>CARACTER\u00cdSTICAS<\/strong><\/p>\n<ol>\n<li>Compatibilidad: Computadoras y laptops PC\/Mac para softphone v\u00eda USB para Zoom, SkypeTM, Skype for Business, 3CX y otras aplicaciones de conferencias y VoIP.<\/li>\n<li>Almohadillas y diadema cubiertas de piel sint\u00e9tica suave y c\u00f3moda.<\/li>\n<li>El brazo del micr\u00f3fono gira 270\u00b0 para que el micr\u00f3fono pueda colocarse en el lado izquierdo o derecho.<\/li>\n<li>Potentes altavoces y procesamiento digital de se\u00f1ales para un sonido de m\u00e1xima calidad.<\/li>\n<li>Micr\u00f3fono con cancelaci\u00f3n de ruido.<\/li>\n<li>Controles pr\u00e1cticos de volumen, altavoz y silencio de micr\u00f3fono en el cable.<\/li>\n<\/ol>","protected":false},"excerpt":{"rendered":"<p>Ahora que est\u00e1s en Zoom y otras aplicaciones de conferencia todo el tiempo, conoces la importancia de unos auriculares que se sientan c\u00f3modos y suenen bien.<\/p>","protected":false},"featured_media":2293,"comment_status":"open","ping_status":"closed","template":"","meta":{"_kad_blocks_custom_css":"","_kad_blocks_head_custom_js":"","_kad_blocks_body_custom_js":"","_kad_blocks_footer_custom_js":"","_kad_post_transparent":"default","_kad_post_title":"","_kad_post_layout":"default","_kad_post_sidebar_id":"","_kad_post_content_style":"default","_kad_post_vertical_padding":"default","_kad_post_feature":"","_kad_post_feature_position":"","_kad_post_header":false,"_kad_post_footer":false,"_kad_post_classname":""},"product_brand":[],"product_cat":[36],"product_tag":[],"class_list":{"0":"post-2259","1":"product","2":"type-product","3":"status-publish","4":"has-post-thumbnail","6":"product_cat-corded-headsets","8":"first","9":"instock","10":"taxable","11":"shipping-taxable","12":"purchasable","13":"product-type-variable","14":"entry","15":"content-bg","16":"loop-entry"},"taxonomy_info":{"product_cat":[{"value":36,"label":"Corded Headsets"}]},"featured_image_src_large":["https:\/\/i0.wp.com\/spracht.com\/wp-content\/uploads\/2025\/08\/WorkIT-USB-Corded-Headset-2.jpg?fit=1024%2C923&ssl=1",1024,923,true],"author_info":[],"comment_info":0,"jetpack_sharing_enabled":true,"_links":{"self":[{"href":"https:\/\/spracht.com\/es\/wp-json\/wp\/v2\/product\/2259","targetHints":{"allow":["GET"]}}],"collection":[{"href":"https:\/\/spracht.com\/es\/wp-json\/wp\/v2\/product"}],"about":[{"href":"https:\/\/spracht.com\/es\/wp-json\/wp\/v2\/types\/product"}],"replies":[{"embeddable":true,"href":"https:\/\/spracht.com\/es\/wp-json\/wp\/v2\/comments?post=2259"}],"wp:featuredmedia":[{"embeddable":true,"href":"https:\/\/spracht.com\/es\/wp-json\/wp\/v2\/media\/2293"}],"wp:attachment":[{"href":"https:\/\/spracht.com\/es\/wp-json\/wp\/v2\/media?parent=2259"}],"wp:term":[{"taxonomy":"product_brand","embeddable":true,"href":"https:\/\/spracht.com\/es\/wp-json\/wp\/v2\/product_brand?post=2259"},{"taxonomy":"product_cat","embeddable":true,"href":"https:\/\/spracht.com\/es\/wp-json\/wp\/v2\/product_cat?post=2259"},{"taxonomy":"product_tag","embeddable":true,"href":"https:\/\/spracht.com\/es\/wp-json\/wp\/v2\/product_tag?post=2259"}],"curies":[{"name":"wp","href":"https:\/\/api.w.org\/{rel}","templated":true}]}}