{"id":2246,"date":"2025-08-11T04:26:24","date_gmt":"2025-08-11T11:26:24","guid":{"rendered":"https:\/\/spracht.com\/?post_type=product&#038;p=2246"},"modified":"2026-03-20T11:53:36","modified_gmt":"2026-03-20T18:53:36","slug":"tonen-ha-1","status":"publish","type":"product","link":"https:\/\/spracht.com\/es\/shop\/tonen-ha-1\/","title":{"rendered":"Aud\u00edfonos personalizables Tonen\u2122 HA-1"},"content":{"rendered":"<p>Spracht anuncia su nueva l\u00ednea de productos tonen. Pase de un enfoque pasivo de \u201co\u00edr\u201d a una \u201cescucha\u201d activa, concentrada y din\u00e1mica. Experimente un producto verdaderamente personal que le permite mitigar la p\u00e9rdida auditiva moderada con una soluci\u00f3n elegante y sencilla.<\/p>\n<p>El Tonen HA-1 es un aud\u00edfono asequible y f\u00e1cil de usar que se empareja con una aplicaci\u00f3n para el usuario que te permite ser tu propio audi\u00f3logo. As\u00ed es. T\u00fa programas el Tonen HA-1 en solo 5 minutos con una prueba auditiva paso a paso.<\/p>\n<p><strong>Caracter\u00edsticas de tonenTM<\/strong><\/p>\n<ol>\n<li>Elegante y Oculto<\/li>\n<li>Almohadillas personalizables<\/li>\n<li>Funci\u00f3n de encendido\/apagado bidireccional<\/li>\n<li>Conexi\u00f3n autom\u00e1tica de Bluetooth para llamadas telef\u00f3nicas<\/li>\n<li>Asistente de voz para tel\u00e9fonos inteligentes<\/li>\n<li>Aplicaci\u00f3n de audici\u00f3n inteligente para ajustes f\u00e1ciles y personalizables<\/li>\n<li>Bater\u00eda Recargable. Estuche de Carga Incluido<\/li>\n<\/ol>\n<p><strong>Manual del Aparato Auditivo Spracht <a href=\"https:\/\/spracht.com\/wp-content\/uploads\/2025\/08\/SprachtHearingAidManual-2up.pdf\">Descargar<\/a><\/strong><\/p>\n<p><strong>Tonen Inicio r\u00e1pido R2 \u2013 <a href=\"https:\/\/spracht.com\/wp-content\/uploads\/2025\/08\/TonenQuickstartR2.pdf\">Descargar<\/a><\/strong><\/p>","protected":false},"excerpt":{"rendered":"<p>Spracht anuncia su nueva familia de productos tonen.<\/p>","protected":false},"featured_media":2248,"comment_status":"open","ping_status":"closed","template":"","meta":{"_kad_blocks_custom_css":"","_kad_blocks_head_custom_js":"","_kad_blocks_body_custom_js":"","_kad_blocks_footer_custom_js":"","_kad_post_transparent":"default","_kad_post_title":"","_kad_post_layout":"default","_kad_post_sidebar_id":"","_kad_post_content_style":"default","_kad_post_vertical_padding":"default","_kad_post_feature":"","_kad_post_feature_position":"","_kad_post_header":false,"_kad_post_footer":false,"_kad_post_classname":""},"product_brand":[],"product_cat":[35],"product_tag":[],"class_list":{"0":"post-2246","1":"product","2":"type-product","3":"status-publish","4":"has-post-thumbnail","6":"product_cat-wireless-headsets-bluetooth","8":"first","9":"instock","10":"taxable","11":"shipping-taxable","12":"purchasable","13":"product-type-simple","14":"entry","15":"content-bg","16":"loop-entry"},"taxonomy_info":{"product_cat":[{"value":35,"label":"Wireless Headsets Bluetooth"}]},"featured_image_src_large":["https:\/\/i0.wp.com\/spracht.com\/wp-content\/uploads\/2025\/08\/Tonen_1-1.jpg?fit=1024%2C683&ssl=1",1024,683,true],"author_info":[],"comment_info":5,"jetpack_sharing_enabled":true,"_links":{"self":[{"href":"https:\/\/spracht.com\/es\/wp-json\/wp\/v2\/product\/2246","targetHints":{"allow":["GET"]}}],"collection":[{"href":"https:\/\/spracht.com\/es\/wp-json\/wp\/v2\/product"}],"about":[{"href":"https:\/\/spracht.com\/es\/wp-json\/wp\/v2\/types\/product"}],"replies":[{"embeddable":true,"href":"https:\/\/spracht.com\/es\/wp-json\/wp\/v2\/comments?post=2246"}],"wp:featuredmedia":[{"embeddable":true,"href":"https:\/\/spracht.com\/es\/wp-json\/wp\/v2\/media\/2248"}],"wp:attachment":[{"href":"https:\/\/spracht.com\/es\/wp-json\/wp\/v2\/media?parent=2246"}],"wp:term":[{"taxonomy":"product_brand","embeddable":true,"href":"https:\/\/spracht.com\/es\/wp-json\/wp\/v2\/product_brand?post=2246"},{"taxonomy":"product_cat","embeddable":true,"href":"https:\/\/spracht.com\/es\/wp-json\/wp\/v2\/product_cat?post=2246"},{"taxonomy":"product_tag","embeddable":true,"href":"https:\/\/spracht.com\/es\/wp-json\/wp\/v2\/product_tag?post=2246"}],"curies":[{"name":"wp","href":"https:\/\/api.w.org\/{rel}","templated":true}]}}