{"id":2144,"date":"2024-11-13T11:52:48","date_gmt":"2024-11-13T19:52:48","guid":{"rendered":"https:\/\/spracht.com\/?post_type=product&#038;p=2144"},"modified":"2024-11-13T12:06:02","modified_gmt":"2024-11-13T20:06:02","slug":"flex-charge-4-black","status":"publish","type":"product","link":"https:\/\/spracht.com\/es\/shop\/flex-charge-4-black\/","title":{"rendered":"Flex Charge 4\u2122 Negro"},"content":{"rendered":"<p>\u00a1Carga hasta 4 dispositivos a la vez!<\/p>\n<p>Ordena tu espacio y elimina el desorden de cables cargando tu tel\u00e9fono, reloj y estuche de auriculares simult\u00e1neamente. Adem\u00e1s, hay un puerto USB adicional para un dispositivo m\u00e1s. Con nuestro adaptador de carga r\u00e1pida incluido con tecnolog\u00eda del chip Qualcomm QC 3.0, experimentar\u00e1s velocidades de carga ultrarr\u00e1pidas.<\/p>\n<p>El soporte cuenta con un sujetador magn\u00e9tico para mantener tu tel\u00e9fono y reloj en su lugar de forma segura e incluso tiene una luz en la base para mayor comodidad. Este soporte de carga de alta calidad es perfecto para tu escritorio o \u00e1rea de carga habitual, combinando funcionalidad con un dise\u00f1o elegante.<\/p>\n<p><strong>Caracter\u00edsticas de Flex Charge 4\u2122<\/strong><\/p>\n<ol>\n<li>Compatibilidad: iPhone, Android, reloj, estuche de aud\u00edfonos, puerto USB adicional<\/li>\n<li>Carga 4 dispositivos usando solo 1 cable de carga<\/li>\n<li>Protocolo de carga r\u00e1pida: Power Delivery (PD) y QC 3.0 mediante el adaptador de carga r\u00e1pida Qualcomm incluido.<\/li>\n<li>Magn\u00e9tico: mantiene el tel\u00e9fono y el reloj en su sitio<\/li>\n<li>Luz LED en la base<\/li>\n<li>Cable de carga USB\/Tipo C<\/li>\n<li>Elija soporte blanco o negro<\/li>\n<\/ol>\n<p>Parte# FC4B<br \/>\nUPC 800807350250<br \/>\nMSRP: $59.99<\/p>","protected":false},"excerpt":{"rendered":"<p>Ordena tu espacio y elimina el desorden de cables cargando tu tel\u00e9fono, reloj y estuche de aud\u00edfonos simult\u00e1neamente. Adem\u00e1s, hay un puerto USB adicional para un dispositivo extra.<\/p>","protected":false},"featured_media":2145,"comment_status":"open","ping_status":"closed","template":"","meta":{"_kad_blocks_custom_css":"","_kad_blocks_head_custom_js":"","_kad_blocks_body_custom_js":"","_kad_blocks_footer_custom_js":"","_kad_post_transparent":"default","_kad_post_title":"","_kad_post_layout":"default","_kad_post_sidebar_id":"","_kad_post_content_style":"default","_kad_post_vertical_padding":"default","_kad_post_feature":"","_kad_post_feature_position":"","_kad_post_header":false,"_kad_post_footer":false,"_kad_post_classname":""},"product_brand":[],"product_cat":[37],"product_tag":[],"class_list":{"0":"post-2144","1":"product","2":"type-product","3":"status-publish","4":"has-post-thumbnail","6":"product_cat-desk-accessories","8":"first","9":"instock","10":"taxable","11":"shipping-taxable","12":"purchasable","13":"product-type-simple","14":"entry","15":"content-bg","16":"loop-entry"},"taxonomy_info":{"product_cat":[{"value":37,"label":"Desk Accessories"}]},"featured_image_src_large":["https:\/\/i0.wp.com\/spracht.com\/wp-content\/uploads\/2024\/11\/Flexcharge-4-black-01.jpg?fit=944%2C1024&ssl=1",944,1024,true],"author_info":[],"comment_info":0,"jetpack_sharing_enabled":true,"_links":{"self":[{"href":"https:\/\/spracht.com\/es\/wp-json\/wp\/v2\/product\/2144","targetHints":{"allow":["GET"]}}],"collection":[{"href":"https:\/\/spracht.com\/es\/wp-json\/wp\/v2\/product"}],"about":[{"href":"https:\/\/spracht.com\/es\/wp-json\/wp\/v2\/types\/product"}],"replies":[{"embeddable":true,"href":"https:\/\/spracht.com\/es\/wp-json\/wp\/v2\/comments?post=2144"}],"wp:featuredmedia":[{"embeddable":true,"href":"https:\/\/spracht.com\/es\/wp-json\/wp\/v2\/media\/2145"}],"wp:attachment":[{"href":"https:\/\/spracht.com\/es\/wp-json\/wp\/v2\/media?parent=2144"}],"wp:term":[{"taxonomy":"product_brand","embeddable":true,"href":"https:\/\/spracht.com\/es\/wp-json\/wp\/v2\/product_brand?post=2144"},{"taxonomy":"product_cat","embeddable":true,"href":"https:\/\/spracht.com\/es\/wp-json\/wp\/v2\/product_cat?post=2144"},{"taxonomy":"product_tag","embeddable":true,"href":"https:\/\/spracht.com\/es\/wp-json\/wp\/v2\/product_tag?post=2144"}],"curies":[{"name":"wp","href":"https:\/\/api.w.org\/{rel}","templated":true}]}}