{"id":2116,"date":"2024-11-13T11:35:20","date_gmt":"2024-11-13T19:35:20","guid":{"rendered":"https:\/\/spracht.com\/?post_type=product&#038;p=2116"},"modified":"2024-11-13T11:48:08","modified_gmt":"2024-11-13T19:48:08","slug":"flex-charge-3-black","status":"publish","type":"product","link":"https:\/\/spracht.com\/es\/shop\/flex-charge-3-black\/","title":{"rendered":"Flex Charge 3\u2122 Negro"},"content":{"rendered":"<p>Carga hasta 3 dispositivos a la vez<\/p>\n<p>Ordena tu espacio y elimina el l\u00edo de cables cargando el tel\u00e9fono, el reloj y el estuche de los auriculares simult\u00e1neamente. Con el adaptador de carga r\u00e1pida incluido, equipado con el chip Qualcomm QC 3.0, disfrutar\u00e1s de velocidades de carga ultrarr\u00e1pidas. <\/p>\n<p>El soporte cuenta con un soporte magn\u00e9tico para mantener el tel\u00e9fono y el reloj firmemente en su sitio, e incluso tiene una luz en la base para mayor comodidad. Este soporte de carga de alta calidad es perfecto para su escritorio o zona de carga habitual, ya que combina funcionalidad con un dise\u00f1o elegante. Su dise\u00f1o plegable lo hace muy pr\u00e1ctico para viajar.<\/p>\n<p>PLEGABLE Y PORT\u00c1TIL:<br \/>\nSu dise\u00f1o compacto y plegable lo convierte en un excelente cargador 3 en 1 para uso dom\u00e9stico o en viajes. Tambi\u00e9n sirve como estaci\u00f3n de carga 3 en 1.<\/p>\n<p><strong>Caracter\u00edsticas de Flex Charge 3\u2122<\/strong><\/p>\n<ol>\n<li>Compatibilidad: Samsung Galaxy S21 - S23, Apple Watch, Google Pixel 7 - 8, Apple Airpods, Apple iPhone 12-16.<\/li>\n<li>Estaci\u00f3n de carga inal\u00e1mbrica plegable 3 en 1<\/li>\n<li>Protocolo de carga r\u00e1pida: Power Delivery (PD) y QC 3.0 mediante el adaptador de carga r\u00e1pida Qualcomm incluido.<\/li>\n<li>Magn\u00e9tico: mantiene el tel\u00e9fono y el reloj en su sitio<\/li>\n<li>Luz nocturna<\/li>\n<li>Cable de carga USB\/Tipo C<\/li>\n<li>Elija soporte blanco o negro<\/li>\n<\/ol>\n<p>Pieza# FC3B (negro)<br \/>\nUPC 800807350236<br \/>\nMSRP: $59.99<\/p>","protected":false},"excerpt":{"rendered":"<p>Ordena tu espacio y elimina el desorden de cables cargando el tel\u00e9fono, el reloj y el estuche de los auriculares simult\u00e1neamente.<\/p>","protected":false},"featured_media":2117,"comment_status":"open","ping_status":"closed","template":"","meta":{"_kad_blocks_custom_css":"","_kad_blocks_head_custom_js":"","_kad_blocks_body_custom_js":"","_kad_blocks_footer_custom_js":"","_kad_post_transparent":"default","_kad_post_title":"","_kad_post_layout":"default","_kad_post_sidebar_id":"","_kad_post_content_style":"default","_kad_post_vertical_padding":"default","_kad_post_feature":"","_kad_post_feature_position":"","_kad_post_header":false,"_kad_post_footer":false,"_kad_post_classname":""},"product_brand":[],"product_cat":[37],"product_tag":[],"class_list":{"0":"post-2116","1":"product","2":"type-product","3":"status-publish","4":"has-post-thumbnail","6":"product_cat-desk-accessories","8":"first","9":"instock","10":"taxable","11":"shipping-taxable","12":"purchasable","13":"product-type-simple","14":"entry","15":"content-bg","16":"loop-entry"},"taxonomy_info":{"product_cat":[{"value":37,"label":"Desk Accessories"}]},"featured_image_src_large":["https:\/\/i0.wp.com\/spracht.com\/wp-content\/uploads\/2024\/11\/Flexcharge-3-black-01.jpg?fit=944%2C1024&ssl=1",944,1024,true],"author_info":[],"comment_info":0,"jetpack_sharing_enabled":true,"_links":{"self":[{"href":"https:\/\/spracht.com\/es\/wp-json\/wp\/v2\/product\/2116","targetHints":{"allow":["GET"]}}],"collection":[{"href":"https:\/\/spracht.com\/es\/wp-json\/wp\/v2\/product"}],"about":[{"href":"https:\/\/spracht.com\/es\/wp-json\/wp\/v2\/types\/product"}],"replies":[{"embeddable":true,"href":"https:\/\/spracht.com\/es\/wp-json\/wp\/v2\/comments?post=2116"}],"wp:featuredmedia":[{"embeddable":true,"href":"https:\/\/spracht.com\/es\/wp-json\/wp\/v2\/media\/2117"}],"wp:attachment":[{"href":"https:\/\/spracht.com\/es\/wp-json\/wp\/v2\/media?parent=2116"}],"wp:term":[{"taxonomy":"product_brand","embeddable":true,"href":"https:\/\/spracht.com\/es\/wp-json\/wp\/v2\/product_brand?post=2116"},{"taxonomy":"product_cat","embeddable":true,"href":"https:\/\/spracht.com\/es\/wp-json\/wp\/v2\/product_cat?post=2116"},{"taxonomy":"product_tag","embeddable":true,"href":"https:\/\/spracht.com\/es\/wp-json\/wp\/v2\/product_tag?post=2116"}],"curies":[{"name":"wp","href":"https:\/\/api.w.org\/{rel}","templated":true}]}}