{"id":2104,"date":"2024-11-13T11:08:11","date_gmt":"2024-11-13T19:08:11","guid":{"rendered":"https:\/\/spracht.com\/?post_type=product&#038;p=2104"},"modified":"2024-11-13T14:05:56","modified_gmt":"2024-11-13T22:05:56","slug":"blunote-anc-bluetooth-headphone","status":"publish","type":"product","link":"https:\/\/spracht.com\/es\/shop\/blunote-anc-bluetooth-headphone\/","title":{"rendered":"Auriculares Bluetooth ANC Blunote\u2122."},"content":{"rendered":"<p>Presentamos los auriculares Bluetooth Blunote ANC\u2122 \u2013 tu santuario de audio port\u00e1til. Con conectividad sin interrupciones a tu smartphone, tablet o PC\/Mac, la m\u00fasica sin cables est\u00e1 al alcance de tus dedos.<\/p>\n<p>Bloquea el mundo con Cancelaci\u00f3n de Ruido Activa, perfecta para viajar o entornos concurridos. Las llamadas n\u00edtidas son muy f\u00e1ciles con el micr\u00f3fono de alta calidad, mientras que el estuche r\u00edgido incluido mantiene tus auriculares seguros mientras te desplazas. <\/p>\n<p>Experimenta comodidad con grandes almohadillas tipo orejeras, ideales para uso prolongado o para jugar videojuegos. Con\u00e9ctate a cualquier dispositivo con el cable de 3.5 mm y disfruta de hasta 18 horas de m\u00fasica con la bater\u00eda recargable de litio.<\/p>\n<p>Blunote ANC: Dondequiera que vayas, sum\u00e9rgete en el sonido.<\/p>\n<p><strong>Caracter\u00edsticas de los auriculares Bluetooth Blunote ANC\u2122<\/strong><\/p>\n<ol>\n<li>Compatibilidad: Plug and Play intuitivo para dispositivos Bluetooth, computadoras PC\/Mac, smartphones, tablets<\/li>\n<li>Cancelaci\u00f3n de ruido activa (ANC)<\/li>\n<li>Bluetooth V5.3<\/li>\n<li>Bater\u00eda de litio recargable \u2013 hasta 18 horas de reproducci\u00f3n<\/li>\n<li>Estuche r\u00edgido para viajar incluido<\/li>\n<li>Entrada auxiliar por cable de 3.1 mm<\/li>\n<li>Estilo orejeras grandes para mayor comodidad al usarlas<\/li>\n<li>Realiza y recibe llamadas \u2013 micr\u00f3fono de alta calidad incorporado<\/li>\n<\/ol>\n<p>Parte# HPBTANC<br \/>\nUPC 800807320949<br \/>\nPrecio de venta sugerido por el fabricante: $49.99<\/p>","protected":false},"excerpt":{"rendered":"<p>Bloquea el mundo exterior con Cancelaci\u00f3n Activa de Ruido, perfecta para viajes o entornos concurridos.<\/p>","protected":false},"featured_media":2105,"comment_status":"open","ping_status":"closed","template":"","meta":{"_kad_blocks_custom_css":"","_kad_blocks_head_custom_js":"","_kad_blocks_body_custom_js":"","_kad_blocks_footer_custom_js":"","_kad_post_transparent":"default","_kad_post_title":"","_kad_post_layout":"default","_kad_post_sidebar_id":"","_kad_post_content_style":"default","_kad_post_vertical_padding":"default","_kad_post_feature":"","_kad_post_feature_position":"","_kad_post_header":false,"_kad_post_footer":false,"_kad_post_classname":""},"product_brand":[],"product_cat":[35],"product_tag":[],"class_list":{"0":"post-2104","1":"product","2":"type-product","3":"status-publish","4":"has-post-thumbnail","6":"product_cat-wireless-headsets-bluetooth","8":"first","9":"instock","10":"taxable","11":"shipping-taxable","12":"purchasable","13":"product-type-simple","14":"entry","15":"content-bg","16":"loop-entry"},"taxonomy_info":{"product_cat":[{"value":35,"label":"Wireless Headsets Bluetooth"}]},"featured_image_src_large":["https:\/\/i0.wp.com\/spracht.com\/wp-content\/uploads\/2024\/11\/ANC-headphones-01.jpg?fit=944%2C1024&ssl=1",944,1024,true],"author_info":[],"comment_info":0,"jetpack_sharing_enabled":true,"_links":{"self":[{"href":"https:\/\/spracht.com\/es\/wp-json\/wp\/v2\/product\/2104","targetHints":{"allow":["GET"]}}],"collection":[{"href":"https:\/\/spracht.com\/es\/wp-json\/wp\/v2\/product"}],"about":[{"href":"https:\/\/spracht.com\/es\/wp-json\/wp\/v2\/types\/product"}],"replies":[{"embeddable":true,"href":"https:\/\/spracht.com\/es\/wp-json\/wp\/v2\/comments?post=2104"}],"wp:featuredmedia":[{"embeddable":true,"href":"https:\/\/spracht.com\/es\/wp-json\/wp\/v2\/media\/2105"}],"wp:attachment":[{"href":"https:\/\/spracht.com\/es\/wp-json\/wp\/v2\/media?parent=2104"}],"wp:term":[{"taxonomy":"product_brand","embeddable":true,"href":"https:\/\/spracht.com\/es\/wp-json\/wp\/v2\/product_brand?post=2104"},{"taxonomy":"product_cat","embeddable":true,"href":"https:\/\/spracht.com\/es\/wp-json\/wp\/v2\/product_cat?post=2104"},{"taxonomy":"product_tag","embeddable":true,"href":"https:\/\/spracht.com\/es\/wp-json\/wp\/v2\/product_tag?post=2104"}],"curies":[{"name":"wp","href":"https:\/\/api.w.org\/{rel}","templated":true}]}}