{"id":2067,"date":"2024-11-13T10:24:53","date_gmt":"2024-11-13T18:24:53","guid":{"rendered":"https:\/\/spracht.com\/?post_type=product&#038;p=2067"},"modified":"2024-11-13T11:07:03","modified_gmt":"2024-11-13T19:07:03","slug":"blunote-anc-tws-bluetooth-ear-buds","status":"publish","type":"product","link":"https:\/\/spracht.com\/es\/shop\/blunote-anc-tws-bluetooth-ear-buds\/","title":{"rendered":"Auriculares Bluetooth ANC TWS Blunote\u2122."},"content":{"rendered":"<p>Descubre tu santuario de audio port\u00e1til con los auriculares Bluetooth Blunote ANC TWS\u2122. Con\u00e9ctalos sin esfuerzo a tu smartphone, tablet o PC\/Mac para una experiencia inal\u00e1mbrica sin interrupciones para m\u00fasica y llamadas al alcance de tu mano. <\/p>\n<p>Sum\u00e9rgete en el sonido con la Cancelaci\u00f3n Activa de Ruido, que bloquea el ruido exterior y es ideal para escuchar m\u00fasica, podcasts o video. Las llamadas n\u00edtidas son gracias a unos micr\u00f3fonos de alta calidad y a la tecnolog\u00eda de Cancelaci\u00f3n de Ruido Ambiental (ENC), que filtra el ruido circundante para una claridad superior. <\/p>\n<p>Compactos y elegantes, estos auriculares ofrecen m\u00e1s de 5 horas de tiempo de conversaci\u00f3n y la comodidad de la compatibilidad con asistente de voz. Recarga el estuche con el cable Tipo C\/USB incluido. <\/p>\n<p>Blunote ANC TWS Bluetooth Ear Buds\u2122: Mejora tu experiencia de audio, dondequiera que vayas.<\/p>\n<p><strong>Caracter\u00edsticas de los Auriculares Bluetooth TWS Blunote ANC\u2122<\/strong><\/p>\n<ol>\n<li>Compatibilidad: Conexi\u00f3n y reproducci\u00f3n para dispositivos Bluetooth como smartphones, tablets y computadoras PC\/Mac.<\/li>\n<li>ANC y ENC h\u00edbridos: Cancelaci\u00f3n Activa de Ruido (ANC) para escuchar m\u00fasica y Cancelaci\u00f3n de Ruido Ambiental (ENC) para claridad de voz durante las llamadas.<\/li>\n<li>True Wireless Stereo (TWS) significa que los auriculares izquierdo y derecho forman un sistema est\u00e9reo<\/li>\n<li>Bluetooth V5.3<\/li>\n<li>Bater\u00eda de litio recargable \u2013 M\u00e1s de 5 horas de reproducci\u00f3n<\/li>\n<li>Realiza y recibe llamadas \u2013 4 micr\u00f3fonos de alta calidad<\/li>\n<\/ol>\n<p>Parte# BNANC007<br \/>\nUPC 800807321007<br \/>\nPVP: $39.99 <\/p>","protected":false},"excerpt":{"rendered":"<p>Con\u00e9ctate sin esfuerzo a tu smartphone, tablet o PC\/Mac para una experiencia inal\u00e1mbrica fluida para m\u00fasica y llamadas al alcance de tu mano.<\/p>","protected":false},"featured_media":2093,"comment_status":"open","ping_status":"closed","template":"","meta":{"_kad_blocks_custom_css":"","_kad_blocks_head_custom_js":"","_kad_blocks_body_custom_js":"","_kad_blocks_footer_custom_js":"","_kad_post_transparent":"default","_kad_post_title":"","_kad_post_layout":"default","_kad_post_sidebar_id":"","_kad_post_content_style":"default","_kad_post_vertical_padding":"default","_kad_post_feature":"","_kad_post_feature_position":"","_kad_post_header":false,"_kad_post_footer":false,"_kad_post_classname":""},"product_brand":[],"product_cat":[35],"product_tag":[],"class_list":{"0":"post-2067","1":"product","2":"type-product","3":"status-publish","4":"has-post-thumbnail","6":"product_cat-wireless-headsets-bluetooth","8":"first","9":"instock","10":"taxable","11":"shipping-taxable","12":"purchasable","13":"product-type-simple","14":"entry","15":"content-bg","16":"loop-entry"},"taxonomy_info":{"product_cat":[{"value":35,"label":"Wireless Headsets Bluetooth"}]},"featured_image_src_large":["https:\/\/i0.wp.com\/spracht.com\/wp-content\/uploads\/2024\/11\/ANC-buds-01-1.jpg?fit=944%2C1024&ssl=1",944,1024,true],"author_info":[],"comment_info":0,"jetpack_sharing_enabled":true,"_links":{"self":[{"href":"https:\/\/spracht.com\/es\/wp-json\/wp\/v2\/product\/2067","targetHints":{"allow":["GET"]}}],"collection":[{"href":"https:\/\/spracht.com\/es\/wp-json\/wp\/v2\/product"}],"about":[{"href":"https:\/\/spracht.com\/es\/wp-json\/wp\/v2\/types\/product"}],"replies":[{"embeddable":true,"href":"https:\/\/spracht.com\/es\/wp-json\/wp\/v2\/comments?post=2067"}],"wp:featuredmedia":[{"embeddable":true,"href":"https:\/\/spracht.com\/es\/wp-json\/wp\/v2\/media\/2093"}],"wp:attachment":[{"href":"https:\/\/spracht.com\/es\/wp-json\/wp\/v2\/media?parent=2067"}],"wp:term":[{"taxonomy":"product_brand","embeddable":true,"href":"https:\/\/spracht.com\/es\/wp-json\/wp\/v2\/product_brand?post=2067"},{"taxonomy":"product_cat","embeddable":true,"href":"https:\/\/spracht.com\/es\/wp-json\/wp\/v2\/product_cat?post=2067"},{"taxonomy":"product_tag","embeddable":true,"href":"https:\/\/spracht.com\/es\/wp-json\/wp\/v2\/product_tag?post=2067"}],"curies":[{"name":"wp","href":"https:\/\/api.w.org\/{rel}","templated":true}]}}