{"id":1999,"date":"2024-02-13T15:37:02","date_gmt":"2024-02-13T23:37:02","guid":{"rendered":"https:\/\/spracht.com\/?post_type=product&#038;p=1999"},"modified":"2025-10-27T00:19:07","modified_gmt":"2025-10-27T07:19:07","slug":"zum-over-the-ear-bluetooth-headset","status":"publish","type":"product","link":"https:\/\/spracht.com\/es\/shop\/zum-over-the-ear-bluetooth-headset\/","title":{"rendered":"Zum-Over-the Ear\u2122 Auricular Bluetooth"},"content":{"rendered":"<p>\u00a1Tome el control de sus dispositivos Bluetooth! Los auriculares Zum Over-the-Ear se apoyan en una base, fuera del camino y carg\u00e1ndose al mismo tiempo. Puede emparejar hasta 4 dispositivos diferentes y guardar sus ubicaciones en la base para que pueda cambiar f\u00e1cilmente entre el tel\u00e9fono, la tableta y la computadora. Sonido profesional tambi\u00e9n: los auriculares utilizan el QC3020 de Qualcomm, para el mejor sonido, por mucho. Escuche m\u00fasica, haga llamadas. El micr\u00f3fono tiene doble reducci\u00f3n de ruido. Tan livianos que ni siquiera notar\u00e1 que los lleva puestos. 9 horas de tiempo de conversaci\u00f3n en los auriculares y 54 horas de recarga en la base.<\/p>\n<p><strong>Caracter\u00edsticas de los Aud\u00edfonos Bluetooth Zum-Over-the Ear\u2122<\/strong><\/p>\n<ol>\n<li>Compatibilidad<br \/>\n\u2013 Conexi\u00f3n Bluetooth intuitiva Plug and Play para dispositivos<br \/>\n\u2013 Computadoras PC\/Mac, tel\u00e9fonos inteligentes, tabletas<\/li>\n<li>Chip Qualcomm\u00ae QCC3020<\/li>\n<li>Bluetooth V5<\/li>\n<li>Cambia entre hasta 4 dispositivos<\/li>\n<li>2 micr\u00f3fonos con cancelaci\u00f3n de ruido<\/li>\n<li>Tiempo de uso \u2013 Auriculares: 9 horas, Base: 54 horas de recarga<\/li>\n<li>Alcance Bluetooth de hasta 98 pies (30 m)<\/li>\n<li>Llamar asistente de voz<\/li>\n<\/ol>\n<p>Parte# SPT-HS-OTE-Q<br \/>\n800807320925<br \/>\nPrecio de venta sugerido por el fabricante: $99.99 | Nuestro precio: $79.99 | Ahorras: $20.00<\/p>","protected":false},"excerpt":{"rendered":"<p>Precio de venta sugerido por el fabricante <s>$99.99<\/s><br \/>\n\u00a1Ahorras $20.00 sobre el precio de venta sugerido por el fabricante!<\/p>\n<p>\u00a1Toma el control de tus dispositivos Bluetooth! El aud\u00edfono supraural Zum descansa sobre una base, fuera de tu camino y carg\u00e1ndose al mismo tiempo.<\/p>","protected":false},"featured_media":2000,"comment_status":"open","ping_status":"closed","template":"","meta":{"_kad_blocks_custom_css":"","_kad_blocks_head_custom_js":"","_kad_blocks_body_custom_js":"","_kad_blocks_footer_custom_js":"","_kad_post_transparent":"default","_kad_post_title":"","_kad_post_layout":"default","_kad_post_sidebar_id":"","_kad_post_content_style":"default","_kad_post_vertical_padding":"default","_kad_post_feature":"","_kad_post_feature_position":"","_kad_post_header":false,"_kad_post_footer":false,"_kad_post_classname":""},"product_brand":[],"product_cat":[35],"product_tag":[],"class_list":{"0":"post-1999","1":"product","2":"type-product","3":"status-publish","4":"has-post-thumbnail","6":"product_cat-wireless-headsets-bluetooth","8":"first","9":"instock","10":"taxable","11":"shipping-taxable","12":"purchasable","13":"product-type-simple","14":"entry","15":"content-bg","16":"loop-entry"},"taxonomy_info":{"product_cat":[{"value":35,"label":"Wireless Headsets Bluetooth"}]},"featured_image_src_large":["https:\/\/i0.wp.com\/spracht.com\/wp-content\/uploads\/2024\/02\/HS-OTE-01.jpg?fit=944%2C1024&ssl=1",944,1024,true],"author_info":[],"comment_info":0,"jetpack_sharing_enabled":true,"_links":{"self":[{"href":"https:\/\/spracht.com\/es\/wp-json\/wp\/v2\/product\/1999","targetHints":{"allow":["GET"]}}],"collection":[{"href":"https:\/\/spracht.com\/es\/wp-json\/wp\/v2\/product"}],"about":[{"href":"https:\/\/spracht.com\/es\/wp-json\/wp\/v2\/types\/product"}],"replies":[{"embeddable":true,"href":"https:\/\/spracht.com\/es\/wp-json\/wp\/v2\/comments?post=1999"}],"wp:featuredmedia":[{"embeddable":true,"href":"https:\/\/spracht.com\/es\/wp-json\/wp\/v2\/media\/2000"}],"wp:attachment":[{"href":"https:\/\/spracht.com\/es\/wp-json\/wp\/v2\/media?parent=1999"}],"wp:term":[{"taxonomy":"product_brand","embeddable":true,"href":"https:\/\/spracht.com\/es\/wp-json\/wp\/v2\/product_brand?post=1999"},{"taxonomy":"product_cat","embeddable":true,"href":"https:\/\/spracht.com\/es\/wp-json\/wp\/v2\/product_cat?post=1999"},{"taxonomy":"product_tag","embeddable":true,"href":"https:\/\/spracht.com\/es\/wp-json\/wp\/v2\/product_tag?post=1999"}],"curies":[{"name":"wp","href":"https:\/\/api.w.org\/{rel}","templated":true}]}}