{"id":1992,"date":"2024-02-13T15:20:23","date_gmt":"2024-02-13T23:20:23","guid":{"rendered":"https:\/\/spracht.com\/?post_type=product&#038;p=1992"},"modified":"2026-03-20T13:02:13","modified_gmt":"2026-03-20T20:02:13","slug":"blunote-turbo-bluetooth-tws-wireless-speaker-with-mic","status":"publish","type":"product","link":"https:\/\/spracht.com\/es\/shop\/blunote-turbo-bluetooth-tws-wireless-speaker-with-mic\/","title":{"rendered":"Blunote Turbo\u2122 Altavoz inal\u00e1mbrico Bluetooth\u00ae TWS con micr\u00f3fono"},"content":{"rendered":"<p><strong>Blunote Turbo\u2122<\/strong><\/p>\n<p>Reproduce m\u00fasica cuando te conectas a tu smartphone o tablet (iOS o Android), o PC\/Mac, o radio FM, con nuestro parlante port\u00e1til de alta calidad de \u00faltima generaci\u00f3n. <\/p>\n<p>Tambi\u00e9n hay una ranura para tarjeta SD para tu m\u00fasica grabada y escucharla sin un dispositivo externo. Haz y recibe llamadas; hay un micr\u00f3fono de alta calidad incorporado. <\/p>\n<p>Tiene resistencia al agua IPX5, as\u00ed que puedes escuchar m\u00fasica junto a la piscina (pero no lo sumerjas). <\/p>\n<p>Emparejamiento TWS con un segundo altavoz TWS, para una experiencia de audio est\u00e9reo verdaderamente inal\u00e1mbrica. Coloca uno en cada extremo de una mesa para disfrutar de sonido est\u00e9reo port\u00e1til.<\/p>\n<p><strong>Caracter\u00edsticas del altavoz inal\u00e1mbrico Bluetooth\u00ae TWS Blunote Turbo\u2122 con micr\u00f3fono<\/strong><\/p>\n<ol>\n<li>Compatibilidad<br \/>\n\u2013 Conexi\u00f3n Bluetooth intuitiva Plug and Play para dispositivos<br \/>\n\u2013 Computadoras PC\/Mac, tel\u00e9fonos inteligentes, tabletas<br \/>\n\u2013 Radio AM\/FM con escaneo autom\u00e1tico<br \/>\nTarjeta SD<br \/>\n\u2013 Puerto auxiliar de 3.5 mm y cable<\/li>\n<li>TWS \u2013 True Wireless Stereo: emparejar con un segundo altavoz<\/li>\n<li>Bluetooth 5.4<\/li>\n<li>Altavoz de 20W<\/li>\n<li>Repelente al agua IPX5<\/li>\n<li>12 horas de bater\u00eda<\/li>\n<li>Bater\u00eda recargable de iones de litio<\/li>\n<li>Estuche de lujo de aluminio con 2 radiadores de graves pasivos<\/li>\n<li>Luz LED colorida<\/li>\n<\/ol>\n<p>Parte# SPT-WS-5010<br \/>\nUPC 800807330276<br \/>\nPVP: $79.99 | Nuestro Precio: $59.99 | Ahorra: $20.00<\/p>","protected":false},"excerpt":{"rendered":"<p>Precio de venta sugerido por el fabricante <s>$79.99<\/s><br \/>\n\u00a1Ahorras $20.00 sobre el precio de venta sugerido por el fabricante!<\/p>\n<p>Reproduce m\u00fasica cuando te conectas a tu smartphone o tablet (iOS o Android), o PC\/Mac, o radio FM, con nuestro parlante port\u00e1til de alta calidad de \u00faltima generaci\u00f3n.<\/p>","protected":false},"featured_media":1996,"comment_status":"open","ping_status":"closed","template":"","meta":{"_kad_blocks_custom_css":"","_kad_blocks_head_custom_js":"","_kad_blocks_body_custom_js":"","_kad_blocks_footer_custom_js":"","_kad_post_transparent":"default","_kad_post_title":"","_kad_post_layout":"default","_kad_post_sidebar_id":"","_kad_post_content_style":"default","_kad_post_vertical_padding":"default","_kad_post_feature":"","_kad_post_feature_position":"","_kad_post_header":false,"_kad_post_footer":false,"_kad_post_classname":""},"product_brand":[],"product_cat":[37],"product_tag":[],"class_list":{"0":"post-1992","1":"product","2":"type-product","3":"status-publish","4":"has-post-thumbnail","6":"product_cat-desk-accessories","8":"first","9":"instock","10":"taxable","11":"shipping-taxable","12":"purchasable","13":"product-type-simple","14":"entry","15":"content-bg","16":"loop-entry"},"taxonomy_info":{"product_cat":[{"value":37,"label":"Desk Accessories"}]},"featured_image_src_large":["https:\/\/i0.wp.com\/spracht.com\/wp-content\/uploads\/2024\/02\/Blunote-Turbo-4.jpg?fit=944%2C1024&ssl=1",944,1024,true],"author_info":[],"comment_info":3,"jetpack_sharing_enabled":true,"_links":{"self":[{"href":"https:\/\/spracht.com\/es\/wp-json\/wp\/v2\/product\/1992","targetHints":{"allow":["GET"]}}],"collection":[{"href":"https:\/\/spracht.com\/es\/wp-json\/wp\/v2\/product"}],"about":[{"href":"https:\/\/spracht.com\/es\/wp-json\/wp\/v2\/types\/product"}],"replies":[{"embeddable":true,"href":"https:\/\/spracht.com\/es\/wp-json\/wp\/v2\/comments?post=1992"}],"wp:featuredmedia":[{"embeddable":true,"href":"https:\/\/spracht.com\/es\/wp-json\/wp\/v2\/media\/1996"}],"wp:attachment":[{"href":"https:\/\/spracht.com\/es\/wp-json\/wp\/v2\/media?parent=1992"}],"wp:term":[{"taxonomy":"product_brand","embeddable":true,"href":"https:\/\/spracht.com\/es\/wp-json\/wp\/v2\/product_brand?post=1992"},{"taxonomy":"product_cat","embeddable":true,"href":"https:\/\/spracht.com\/es\/wp-json\/wp\/v2\/product_cat?post=1992"},{"taxonomy":"product_tag","embeddable":true,"href":"https:\/\/spracht.com\/es\/wp-json\/wp\/v2\/product_tag?post=1992"}],"curies":[{"name":"wp","href":"https:\/\/api.w.org\/{rel}","templated":true}]}}