{"id":1585,"date":"2023-06-11T18:19:33","date_gmt":"2023-06-12T01:19:33","guid":{"rendered":"https:\/\/spracht.com\/?post_type=product&#038;p=1585"},"modified":"2026-03-20T13:33:20","modified_gmt":"2026-03-20T20:33:20","slug":"zum-uc1-monaural-headset","status":"publish","type":"product","link":"https:\/\/spracht.com\/es\/shop\/zum-uc1-monaural-headset\/","title":{"rendered":"Diadema Auricular Monaural ZUM UC1\u2122"},"content":{"rendered":"<p><strong>Comodidad y Durabilidad<\/strong><\/p>\n<p>Probado en centro de llamadas para durabilidad. El dise\u00f1o estructural mejorado en forma hexagonal ofrece m\u00e1xima resistencia contra dobleces y da\u00f1os f\u00edsicos. Dise\u00f1ado para uso intensivo, las c\u00e1maras de altavoz grandes cubren la mayor\u00eda de tama\u00f1os de oreja c\u00f3modamente.<\/p>\n<p><strong>Caracter\u00edsticas del aud\u00edfono monoaural ZUM UC1\u2122<\/strong><\/p>\n<ul>\n<li>Versi\u00f3n monoaural supraaural.<\/li>\n<li>Potentes altavoces de 40 mm para un sonido de m\u00e1xima calidad.<\/li>\n<li>Dise\u00f1o estructural duradero, ideal para situaciones de uso intensivo.<\/li>\n<li>Almohadilla de o\u00eddo grande y c\u00f3moda.<\/li>\n<li>Brazos de micr\u00f3fono flexibles para ajustes infinitos.<\/li>\n<li>Un altavoz de 5 vatios puede generar un volumen de hasta 90 dB.<\/li>\n<li>Micr\u00f3fono con cancelaci\u00f3n de ruido.<\/li>\n<li>Protecci\u00f3n contra choque ac\u00fastico.<\/li>\n<li>Compatible con Skype para Windows (LYNC), Skype\u2122 y m\u00e1s.<\/li>\n<\/ul>\n<p><strong>Funciona bien en las condiciones m\u00e1s duras<\/strong><\/p>\n<p>No solo son duraderos, sino que tambi\u00e9n proporcionan cancelaci\u00f3n de ruido para su uso en entornos concurridos y las tapas acolchadas para los o\u00eddos ofrecen comodidad en situaciones que requieren muchas horas de uso. La protecci\u00f3n ac\u00fastica contra golpes (ASP) integrada proporciona una protecci\u00f3n similar a la de un disyuntor contra ruidos fuertes repentinos provenientes de la fuente del altavoz.<\/p>\n<p>Parte# SPT-ZUMUC1<br \/>\n800807320253<br \/>\nPVP: $69.99<\/p>","protected":false},"excerpt":{"rendered":"<p>Aud\u00edfono USB de una oreja<\/p>","protected":false},"featured_media":1586,"comment_status":"open","ping_status":"closed","template":"","meta":{"_kad_blocks_custom_css":"","_kad_blocks_head_custom_js":"","_kad_blocks_body_custom_js":"","_kad_blocks_footer_custom_js":"","_kad_post_transparent":"default","_kad_post_title":"","_kad_post_layout":"default","_kad_post_sidebar_id":"","_kad_post_content_style":"default","_kad_post_vertical_padding":"default","_kad_post_feature":"","_kad_post_feature_position":"","_kad_post_header":false,"_kad_post_footer":false,"_kad_post_classname":""},"product_brand":[],"product_cat":[38],"product_tag":[],"class_list":{"0":"post-1585","1":"product","2":"type-product","3":"status-publish","4":"has-post-thumbnail","6":"product_cat-clearance","8":"first","9":"instock","10":"sale","11":"taxable","12":"shipping-taxable","13":"purchasable","14":"product-type-simple","15":"entry","16":"content-bg","17":"loop-entry"},"taxonomy_info":{"product_cat":[{"value":38,"label":"Clearance"}]},"featured_image_src_large":["https:\/\/i0.wp.com\/spracht.com\/wp-content\/uploads\/2023\/07\/SPT-ZUMUC1.jpg?fit=944%2C1024&ssl=1",944,1024,true],"author_info":[],"comment_info":2,"jetpack_sharing_enabled":true,"_links":{"self":[{"href":"https:\/\/spracht.com\/es\/wp-json\/wp\/v2\/product\/1585","targetHints":{"allow":["GET"]}}],"collection":[{"href":"https:\/\/spracht.com\/es\/wp-json\/wp\/v2\/product"}],"about":[{"href":"https:\/\/spracht.com\/es\/wp-json\/wp\/v2\/types\/product"}],"replies":[{"embeddable":true,"href":"https:\/\/spracht.com\/es\/wp-json\/wp\/v2\/comments?post=1585"}],"wp:featuredmedia":[{"embeddable":true,"href":"https:\/\/spracht.com\/es\/wp-json\/wp\/v2\/media\/1586"}],"wp:attachment":[{"href":"https:\/\/spracht.com\/es\/wp-json\/wp\/v2\/media?parent=1585"}],"wp:term":[{"taxonomy":"product_brand","embeddable":true,"href":"https:\/\/spracht.com\/es\/wp-json\/wp\/v2\/product_brand?post=1585"},{"taxonomy":"product_cat","embeddable":true,"href":"https:\/\/spracht.com\/es\/wp-json\/wp\/v2\/product_cat?post=1585"},{"taxonomy":"product_tag","embeddable":true,"href":"https:\/\/spracht.com\/es\/wp-json\/wp\/v2\/product_tag?post=1585"}],"curies":[{"name":"wp","href":"https:\/\/api.w.org\/{rel}","templated":true}]}}