{"id":1577,"date":"2023-06-11T18:13:54","date_gmt":"2023-06-12T01:13:54","guid":{"rendered":"https:\/\/spracht.com\/?post_type=product&#038;p=1577"},"modified":"2026-02-04T15:54:34","modified_gmt":"2026-02-04T23:54:34","slug":"zum-bt-tws-2-true-wireless-earbuds","status":"publish","type":"product","link":"https:\/\/spracht.com\/es\/shop\/zum-bt-tws-2-true-wireless-earbuds\/","title":{"rendered":"ZUM-BT-TWS-2\u2122 Aud\u00edfonos Inal\u00e1mbricos Verdaderos"},"content":{"rendered":"<p>Escucha tus canciones favoritas mientras te desplazas con estos aud\u00edfonos totalmente inal\u00e1mbricos Bluetooth 5. La tecnolog\u00eda de cancelaci\u00f3n de ruido reduce el ruido de fondo para una experiencia de audio m\u00e1s rica. Y el estuche se carga de forma inal\u00e1mbrica.<\/p>\n<p>Emparejalos con tu smartphone o tablet con Bluetooth\u00ae y atiende llamadas. Dise\u00f1o seguro y resistente al sudor para que tambi\u00e9n puedas usarlos mientras haces ejercicio.<\/p>\n<p><strong>Caracter\u00edsticas de los auriculares verdaderamente inal\u00e1mbricos ZUM-BT-TWS-2\u2122<\/strong><\/p>\n<ol>\n<li>Bluetooth 5<\/li>\n<li>Pares como est\u00e9reo, o cada aud\u00edfono individualmente, para 2 usuarios.<\/li>\n<li>El estuche se carga de forma inal\u00e1mbrica.<\/li>\n<li>El estuche de carga carga continuamente los auriculares cuando no est\u00e1n en uso. \u00a1Ll\u00e9valos contigo!<\/li>\n<li>Tiempo de reproducci\u00f3n de m\u00fasica de hasta 14 horas. Tiempo en espera de hasta 130 horas. Tiempo de recarga 1 \u00bd horas.<\/li>\n<li>Se empareja con tus dispositivos Bluetooth\u00ae, como tabletas y smartphones. Multipunto para que puedan emparejarse con hasta 2 dispositivos.<\/li>\n<li>Resistente al sudor, para que puedas usarlos mientras haces ejercicio. Impermeables IPx7 (hasta 1 m por 30 min).<\/li>\n<li>Puedes responder y finalizar llamadas con tus aud\u00edfonos. Y usar tu asistente de voz, como Siri.<\/li>\n<\/ol>\n<p>Parte# SPT-ZUMBTTWS2<br \/>\n800807320802<br \/>\nPVP: $99.99<\/p>","protected":false},"excerpt":{"rendered":"<p>Auriculares Bluetooth\u00ae TWS True Wireless con Estuche de Carga Inal\u00e1mbrica<\/p>","protected":false},"featured_media":1579,"comment_status":"open","ping_status":"closed","template":"","meta":{"_kad_blocks_custom_css":"","_kad_blocks_head_custom_js":"","_kad_blocks_body_custom_js":"","_kad_blocks_footer_custom_js":"","_kad_post_transparent":"default","_kad_post_title":"","_kad_post_layout":"default","_kad_post_sidebar_id":"","_kad_post_content_style":"default","_kad_post_vertical_padding":"default","_kad_post_feature":"","_kad_post_feature_position":"","_kad_post_header":false,"_kad_post_footer":false,"_kad_post_classname":""},"product_brand":[],"product_cat":[38],"product_tag":[],"class_list":{"0":"post-1577","1":"product","2":"type-product","3":"status-publish","4":"has-post-thumbnail","6":"product_cat-clearance","8":"first","9":"instock","10":"sale","11":"taxable","12":"shipping-taxable","13":"purchasable","14":"product-type-simple","15":"entry","16":"content-bg","17":"loop-entry"},"taxonomy_info":{"product_cat":[{"value":38,"label":"Clearance"}]},"featured_image_src_large":["https:\/\/i0.wp.com\/spracht.com\/wp-content\/uploads\/2023\/07\/Zum-BT-TWS-2_BudsInCase.jpg?fit=944%2C1024&ssl=1",944,1024,true],"author_info":[],"comment_info":0,"jetpack_sharing_enabled":true,"_links":{"self":[{"href":"https:\/\/spracht.com\/es\/wp-json\/wp\/v2\/product\/1577","targetHints":{"allow":["GET"]}}],"collection":[{"href":"https:\/\/spracht.com\/es\/wp-json\/wp\/v2\/product"}],"about":[{"href":"https:\/\/spracht.com\/es\/wp-json\/wp\/v2\/types\/product"}],"replies":[{"embeddable":true,"href":"https:\/\/spracht.com\/es\/wp-json\/wp\/v2\/comments?post=1577"}],"wp:featuredmedia":[{"embeddable":true,"href":"https:\/\/spracht.com\/es\/wp-json\/wp\/v2\/media\/1579"}],"wp:attachment":[{"href":"https:\/\/spracht.com\/es\/wp-json\/wp\/v2\/media?parent=1577"}],"wp:term":[{"taxonomy":"product_brand","embeddable":true,"href":"https:\/\/spracht.com\/es\/wp-json\/wp\/v2\/product_brand?post=1577"},{"taxonomy":"product_cat","embeddable":true,"href":"https:\/\/spracht.com\/es\/wp-json\/wp\/v2\/product_cat?post=1577"},{"taxonomy":"product_tag","embeddable":true,"href":"https:\/\/spracht.com\/es\/wp-json\/wp\/v2\/product_tag?post=1577"}],"curies":[{"name":"wp","href":"https:\/\/api.w.org\/{rel}","templated":true}]}}