{"id":1571,"date":"2023-06-11T18:07:52","date_gmt":"2023-06-12T01:07:52","guid":{"rendered":"https:\/\/spracht.com\/?post_type=product&#038;p=1571"},"modified":"2026-02-13T11:51:38","modified_gmt":"2026-02-13T19:51:38","slug":"conference-mate-speakerphone","status":"publish","type":"product","link":"https:\/\/spracht.com\/es\/shop\/conference-mate-speakerphone\/","title":{"rendered":"Altavoz Conference Mate\u2122"},"content":{"rendered":"<p><strong>Calidad de sonido profesional para llamadas telef\u00f3nicas<\/strong><\/p>\n<p>\u00a1Altavoz profesional para salas de conferencias en un paquete port\u00e1til de 10x10 cm! Empareja este altavoz port\u00e1til con tu smartphone (iPhone o Android), tablet (iPad u otra), PC\/Mac, u otro dispositivo Bluetooth\u00ae A2DP. Los dispositivos que no son Bluetooth\u00ae tambi\u00e9n pueden conectarse, a trav\u00e9s del conector de 3.5 mm (usando tu propio cable de audio).<\/p>\n<p><strong>Caracter\u00edsticas del altavoz Conference Mate\u2122<\/strong><\/p>\n<ol>\n<li>El chip NFC (comunicaci\u00f3n de campo cercano) permite que tu dispositivo compatible con NFC toque la Conference Mate\u2122 y se empareje autom\u00e1ticamente, en lugar del m\u00e9todo est\u00e1ndar de emparejamiento Bluetooth\u00ae.<\/li>\n<li>D\u00faplex completo, as\u00ed puedes hablar y escuchar a la otra persona al mismo tiempo.<\/li>\n<li>DSP para cancelaci\u00f3n de ruido y supresi\u00f3n de eco.<\/li>\n<li>Advanced Audio Distribution Prole (A2DP) para audio inal\u00e1mbrico Bluetooth\u00ae de alta fidelidad.<\/li>\n<li>Sistema de dos micr\u00f3fonos omnidireccionales de alta calidad para que la unidad capte todo lo que dices, y claramente.<\/li>\n<li>Suficiente volumen como para que te escuchen bien al otro lado.<\/li>\n<li>Transmite m\u00fasica con sonido rico y completo desde tu A2DP<\/li>\n<li>dispositivo Bluetooth\u00ae cuando no est\u00e9s en una llamada.<\/li>\n<li>Controles t\u00e1ctiles sencillos y capacitivos.<\/li>\n<li>7+ horas de tiempo de conversaci\u00f3n; la bater\u00eda de pol\u00edmero de litio de alta densidad de potencia se recarga por USB.<\/li>\n<li>Altavoz orientado hacia abajo con radiador de graves pasivo para unos graves realistas y profundos, y un sonido rico. \u2022 A\u00f1ade Bass Boost para un sonido similar al de una sala de conciertos en un dispositivo peque\u00f1o y port\u00e1til.<\/li>\n<\/ol>\n<p>Parte# SPT-MCP3022<br \/>\n800807300569<br \/>\nPrecio de venta sugerido por el fabricante (MSRP): $119.99<\/p>","protected":false},"excerpt":{"rendered":"<p>\u00a1Altavoz de conferencias de alta calidad en un paquete port\u00e1til de 4\u2033x4\u2033! Empareja con tu smartphone (iPhone o Android), tablet (iPad u otra), PC\/Mac u otro dispositivo Bluetooth\u00ae A2DP. Los dispositivos que no son Bluetooth\u00ae tambi\u00e9n pueden conectarse a trav\u00e9s del conector de 3.5 mm (usando tu propio cable de audio). Chip NFC (Near Field Communications) para emparejamiento autom\u00e1tico.<\/p>","protected":false},"featured_media":1572,"comment_status":"open","ping_status":"closed","template":"","meta":{"_kad_blocks_custom_css":"","_kad_blocks_head_custom_js":"","_kad_blocks_body_custom_js":"","_kad_blocks_footer_custom_js":"","_kad_post_transparent":"default","_kad_post_title":"","_kad_post_layout":"default","_kad_post_sidebar_id":"","_kad_post_content_style":"default","_kad_post_vertical_padding":"default","_kad_post_feature":"","_kad_post_feature_position":"","_kad_post_header":false,"_kad_post_footer":false,"_kad_post_classname":""},"product_brand":[],"product_cat":[38],"product_tag":[],"class_list":{"0":"post-1571","1":"product","2":"type-product","3":"status-publish","4":"has-post-thumbnail","6":"product_cat-clearance","8":"first","9":"outofstock","10":"sale","11":"taxable","12":"shipping-taxable","13":"purchasable","14":"product-type-simple","15":"entry","16":"content-bg","17":"loop-entry"},"taxonomy_info":{"product_cat":[{"value":38,"label":"Clearance"}]},"featured_image_src_large":["https:\/\/i0.wp.com\/spracht.com\/wp-content\/uploads\/2023\/07\/ConferenceMateBlack_1_MCP-3022.jpg?fit=944%2C1024&ssl=1",944,1024,true],"author_info":[],"comment_info":2,"jetpack_sharing_enabled":true,"_links":{"self":[{"href":"https:\/\/spracht.com\/es\/wp-json\/wp\/v2\/product\/1571","targetHints":{"allow":["GET"]}}],"collection":[{"href":"https:\/\/spracht.com\/es\/wp-json\/wp\/v2\/product"}],"about":[{"href":"https:\/\/spracht.com\/es\/wp-json\/wp\/v2\/types\/product"}],"replies":[{"embeddable":true,"href":"https:\/\/spracht.com\/es\/wp-json\/wp\/v2\/comments?post=1571"}],"wp:featuredmedia":[{"embeddable":true,"href":"https:\/\/spracht.com\/es\/wp-json\/wp\/v2\/media\/1572"}],"wp:attachment":[{"href":"https:\/\/spracht.com\/es\/wp-json\/wp\/v2\/media?parent=1571"}],"wp:term":[{"taxonomy":"product_brand","embeddable":true,"href":"https:\/\/spracht.com\/es\/wp-json\/wp\/v2\/product_brand?post=1571"},{"taxonomy":"product_cat","embeddable":true,"href":"https:\/\/spracht.com\/es\/wp-json\/wp\/v2\/product_cat?post=1571"},{"taxonomy":"product_tag","embeddable":true,"href":"https:\/\/spracht.com\/es\/wp-json\/wp\/v2\/product_tag?post=1571"}],"curies":[{"name":"wp","href":"https:\/\/api.w.org\/{rel}","templated":true}]}}